{"id":1143,"date":"2021-11-09T16:44:13","date_gmt":"2021-11-09T15:44:13","guid":{"rendered":"https:\/\/psychologywithinreach.com\/?page_id=1143"},"modified":"2025-12-31T10:58:57","modified_gmt":"2025-12-31T09:58:57","slug":"citas","status":"publish","type":"page","link":"https:\/\/psychologywithinreach.com\/es\/citas\/","title":{"rendered":"Citas"},"content":{"rendered":"\n<div class=\"wp-block-group mainTitle\"><div class=\"wp-block-group__inner-container is-layout-flow wp-block-group-is-layout-flow\">\n<h2 class=\"wp-block-heading croSubtitle croInline\">Sesiones de seguimiento y m\u00e1s, <\/h2>\n\n\n\n<p class=\"croSubtitle croInline\">con la mayor libertad de elecci\u00f3n en tus manos.<\/p>\n<\/div><\/div>\n\n\n\n<div class=\"wp-block-columns is-layout-flex wp-container-core-columns-is-layout-9d6595d7 wp-block-columns-is-layout-flex\">\n<div class=\"wp-block-column is-layout-flow wp-block-column-is-layout-flow\">\n<div class=\"wp-block-columns is-layout-flex wp-container-core-columns-is-layout-9d6595d7 wp-block-columns-is-layout-flex\">\n<div class=\"wp-block-column is-layout-flow wp-block-column-is-layout-flow\">\n<p>En el calendario que aparece a continuaci\u00f3n, selecciona el servicio y la <strong>duraci\u00f3n de la sesi\u00f3n<\/strong> que mejor se adapten a tus necesidades. Esto puede variar en funci\u00f3n de tu situaci\u00f3n y de si acudes a la terapia de forma individual o con tu pareja.<\/p>\n\n\n\n<p>Ten en cuenta que las sesiones comenzar\u00e1n y finalizar\u00e1n a la hora acordada. Si por cualquier motivo no puedes cumplir con el horario, la sesi\u00f3n se acortar\u00e1 en consecuencia.<\/p>\n\n\n\n<p>Por favor, comprueba que la <strong>zona horaria <\/strong>mostrada \ud83d\udd52 coincide con tu ubicaci\u00f3n geogr\u00e1fica.<\/p>\n<\/div>\n\n\n\n<div class=\"wp-block-column is-layout-flow wp-block-column-is-layout-flow\">\n<p>La <strong>lista de espera<\/strong> que aparece en determinados d\u00edas del calendario es una herramienta automatizada que te notifica las nuevas citas disponibles. Para aumentar tus posibilidades de conseguir una cita, programa una sesi\u00f3n en un d\u00eda en el que ya haya huecos disponibles y ap\u00fantate a la lista de espera para el d\u00eda o d\u00edas que prefieras. Si el horario que deseas queda disponible, puedes cambiar f\u00e1cilmente la cita a ese horario.<\/p>\n\n\n\n<p>Si tienes alguna pregunta o problema t\u00e9cnico, env\u00edame un correo electr\u00f3nico a <strong>info@psychologywithinreach.com<\/strong>.<\/p>\n<\/div>\n<\/div>\n<\/div>\n<\/div>\n\n\n\n<div class=\"wp-block-group citas\"><div class=\"wp-block-group__inner-container is-layout-flow wp-block-group-is-layout-flow\">\n<script src=\"\/\/widget.simplybook.it\/v2\/widget\/widget.js\" type=\"text\/javascript\"><\/script>\n<script type=\"text\/javascript\">\n    var widget = new SimplybookWidget({\"widget_type\":\"iframe\",\"url\":\"https:\\\/\\\/psychologywithinreach.simplybook.it\",\"theme\":\"inspiration\",\"theme_settings\":{\"timeline_show_end_time\":\"0\",\"timeline_modern_display\":\"as_slots\",\"img_fit_mode\":\"1\",\"timeline_hide_unavailable\":\"1\",\"hide_past_days\":\"0\",\"sb_base_color\":\"#68a9b0\",\"display_item_mode\":\"block\",\"booking_nav_bg_color\":\"#e5989b\",\"body_bg_color\":\"#f5f4f3\",\"sb_review_image\":\"331\",\"sb_review_image_preview\":null,\"dark_font_color\":\"#474747\",\"light_font_color\":\"#fbfafa\",\"btn_color_1\":\"#68a9b0\",\"sb_company_label_color\":\"#336275\",\"hide_img_mode\":\"0\",\"show_sidebar\":\"1\",\"sb_busy\":\"#a07a8f\",\"sb_available\":\"#d6ebff\"},\"timeline\":\"modern_week\",\"datepicker\":\"top_calendar\",\"is_rtl\":false,\"app_config\":{\"clear_session\":0,\"allow_switch_to_ada\":0,\"predefined\":{\"provider\":\"1\"}}});\n<\/script>\n<\/div><\/div>\n\n\n\n<div class=\"wp-block-group alignfull fondo-blanco has-base-3-background-color has-background\"><div class=\"wp-block-group__inner-container is-layout-flow wp-block-group-is-layout-flow\"><\/div><\/div>\n\n\n\n<div class=\"wp-block-group alignfull fondo-blanco has-base-3-background-color has-background\"><div class=\"wp-block-group__inner-container is-layout-flow wp-block-group-is-layout-flow\">\n<div style=\"height:60px\" aria-hidden=\"true\" class=\"wp-block-spacer\"><\/div>\n<\/div><\/div>\n\n\n","protected":false},"excerpt":{"rendered":"<p>Sesiones de seguimiento y m\u00e1s, con la mayor libertad de elecci\u00f3n en tus manos. En el calendario que aparece a continuaci\u00f3n, selecciona el servicio y la duraci\u00f3n de la sesi\u00f3n que mejor se adapten a tus necesidades. Esto puede variar en funci\u00f3n de tu situaci\u00f3n y de si acudes a la terapia de forma individual &#8230; <a title=\"Citas\" class=\"read-more\" href=\"https:\/\/psychologywithinreach.com\/es\/citas\/\" aria-label=\"Leer m\u00e1s sobre Citas\">Leer m\u00e1s<\/a><\/p>\n","protected":false},"author":2,"featured_media":0,"parent":0,"menu_order":0,"comment_status":"closed","ping_status":"closed","template":"","meta":{"_acf_changed":false,"inline_featured_image":false,"_uag_custom_page_level_css":"","footnotes":""},"class_list":["post-1143","page","type-page","status-publish"],"acf":[],"yoast_head":"<!-- This site is optimized with the Yoast SEO plugin v27.4 - https:\/\/yoast.com\/product\/yoast-seo-wordpress\/ -->\n<title>Citas - Psychology within Reach<\/title>\n<meta name=\"description\" content=\"Calendario para la planificaci\u00f3n y reserva de sesiones de terapia y otros servicios asociados.\" \/>\n<meta name=\"robots\" content=\"index, follow, max-snippet:-1, max-image-preview:large, max-video-preview:-1\" \/>\n<link rel=\"canonical\" href=\"https:\/\/psychologywithinreach.com\/es\/citas\/\" \/>\n<meta property=\"og:locale\" content=\"es_ES\" \/>\n<meta property=\"og:type\" content=\"article\" \/>\n<meta property=\"og:title\" content=\"Citas - Psychology within Reach\" \/>\n<meta property=\"og:description\" content=\"Calendario para la planificaci\u00f3n y reserva de sesiones de terapia y otros servicios asociados.\" \/>\n<meta property=\"og:url\" content=\"https:\/\/psychologywithinreach.com\/es\/citas\/\" \/>\n<meta property=\"og:site_name\" content=\"Psychology within Reach\" \/>\n<meta property=\"article:publisher\" content=\"https:\/\/www.facebook.com\/psychologywithinreach\/\" \/>\n<meta property=\"article:modified_time\" content=\"2025-12-31T09:58:57+00:00\" \/>\n<meta name=\"twitter:card\" content=\"summary_large_image\" \/>\n<meta name=\"twitter:label1\" content=\"Tiempo de lectura\" \/>\n\t<meta name=\"twitter:data1\" content=\"2 minutos\" \/>\n<script type=\"application\/ld+json\" class=\"yoast-schema-graph\">{\"@context\":\"https:\\\/\\\/schema.org\",\"@graph\":[{\"@type\":\"WebPage\",\"@id\":\"https:\\\/\\\/psychologywithinreach.com\\\/es\\\/citas\\\/\",\"url\":\"https:\\\/\\\/psychologywithinreach.com\\\/es\\\/citas\\\/\",\"name\":\"Citas - Psychology within Reach\",\"isPartOf\":{\"@id\":\"https:\\\/\\\/psychologywithinreach.com\\\/#website\"},\"datePublished\":\"2021-11-09T15:44:13+00:00\",\"dateModified\":\"2025-12-31T09:58:57+00:00\",\"description\":\"Calendario para la planificaci\u00f3n y reserva de sesiones de terapia y otros servicios asociados.\",\"breadcrumb\":{\"@id\":\"https:\\\/\\\/psychologywithinreach.com\\\/es\\\/citas\\\/#breadcrumb\"},\"inLanguage\":\"es\",\"potentialAction\":[{\"@type\":\"ReadAction\",\"target\":[\"https:\\\/\\\/psychologywithinreach.com\\\/es\\\/citas\\\/\"]}]},{\"@type\":\"BreadcrumbList\",\"@id\":\"https:\\\/\\\/psychologywithinreach.com\\\/es\\\/citas\\\/#breadcrumb\",\"itemListElement\":[{\"@type\":\"ListItem\",\"position\":1,\"name\":\"Portada\",\"item\":\"https:\\\/\\\/psychologywithinreach.com\\\/es\\\/\"},{\"@type\":\"ListItem\",\"position\":2,\"name\":\"Citas\"}]},{\"@type\":\"WebSite\",\"@id\":\"https:\\\/\\\/psychologywithinreach.com\\\/#website\",\"url\":\"https:\\\/\\\/psychologywithinreach.com\\\/\",\"name\":\"psychologywithinreach.com\",\"description\":\"Psychology within Reach offers psychological support in English and Spanish, especially aimed at expats and intercultural couples in transition through different parts of the world.\",\"publisher\":{\"@id\":\"https:\\\/\\\/psychologywithinreach.com\\\/#organization\"},\"potentialAction\":[{\"@type\":\"SearchAction\",\"target\":{\"@type\":\"EntryPoint\",\"urlTemplate\":\"https:\\\/\\\/psychologywithinreach.com\\\/?s={search_term_string}\"},\"query-input\":{\"@type\":\"PropertyValueSpecification\",\"valueRequired\":true,\"valueName\":\"search_term_string\"}}],\"inLanguage\":\"es\"},{\"@type\":\"Organization\",\"@id\":\"https:\\\/\\\/psychologywithinreach.com\\\/#organization\",\"name\":\"Psychology within Reach\",\"url\":\"https:\\\/\\\/psychologywithinreach.com\\\/\",\"logo\":{\"@type\":\"ImageObject\",\"inLanguage\":\"es\",\"@id\":\"https:\\\/\\\/psychologywithinreach.com\\\/#\\\/schema\\\/logo\\\/image\\\/\",\"url\":\"https:\\\/\\\/psychologywithinreach.com\\\/wp-content\\\/uploads\\\/logo-azul-fondo-blanco-scaled.jpg\",\"contentUrl\":\"https:\\\/\\\/psychologywithinreach.com\\\/wp-content\\\/uploads\\\/logo-azul-fondo-blanco-scaled.jpg\",\"width\":2560,\"height\":1362,\"caption\":\"Psychology within Reach\"},\"image\":{\"@id\":\"https:\\\/\\\/psychologywithinreach.com\\\/#\\\/schema\\\/logo\\\/image\\\/\"},\"sameAs\":[\"https:\\\/\\\/www.facebook.com\\\/psychologywithinreach\\\/\",\"https:\\\/\\\/www.instagram.com\\\/psychology_within_reach\\\/\",\"https:\\\/\\\/www.linkedin.com\\\/in\\\/nuria-maldonado-bellido-2a16ab6\\\/\"]}]}<\/script>\n<!-- \/ Yoast SEO plugin. -->","yoast_head_json":{"title":"Citas - Psychology within Reach","description":"Calendario para la planificaci\u00f3n y reserva de sesiones de terapia y otros servicios asociados.","robots":{"index":"index","follow":"follow","max-snippet":"max-snippet:-1","max-image-preview":"max-image-preview:large","max-video-preview":"max-video-preview:-1"},"canonical":"https:\/\/psychologywithinreach.com\/es\/citas\/","og_locale":"es_ES","og_type":"article","og_title":"Citas - Psychology within Reach","og_description":"Calendario para la planificaci\u00f3n y reserva de sesiones de terapia y otros servicios asociados.","og_url":"https:\/\/psychologywithinreach.com\/es\/citas\/","og_site_name":"Psychology within Reach","article_publisher":"https:\/\/www.facebook.com\/psychologywithinreach\/","article_modified_time":"2025-12-31T09:58:57+00:00","twitter_card":"summary_large_image","twitter_misc":{"Tiempo de lectura":"2 minutos"},"schema":{"@context":"https:\/\/schema.org","@graph":[{"@type":"WebPage","@id":"https:\/\/psychologywithinreach.com\/es\/citas\/","url":"https:\/\/psychologywithinreach.com\/es\/citas\/","name":"Citas - Psychology within Reach","isPartOf":{"@id":"https:\/\/psychologywithinreach.com\/#website"},"datePublished":"2021-11-09T15:44:13+00:00","dateModified":"2025-12-31T09:58:57+00:00","description":"Calendario para la planificaci\u00f3n y reserva de sesiones de terapia y otros servicios asociados.","breadcrumb":{"@id":"https:\/\/psychologywithinreach.com\/es\/citas\/#breadcrumb"},"inLanguage":"es","potentialAction":[{"@type":"ReadAction","target":["https:\/\/psychologywithinreach.com\/es\/citas\/"]}]},{"@type":"BreadcrumbList","@id":"https:\/\/psychologywithinreach.com\/es\/citas\/#breadcrumb","itemListElement":[{"@type":"ListItem","position":1,"name":"Portada","item":"https:\/\/psychologywithinreach.com\/es\/"},{"@type":"ListItem","position":2,"name":"Citas"}]},{"@type":"WebSite","@id":"https:\/\/psychologywithinreach.com\/#website","url":"https:\/\/psychologywithinreach.com\/","name":"psychologywithinreach.com","description":"Psychology within Reach offers psychological support in English and Spanish, especially aimed at expats and intercultural couples in transition through different parts of the world.","publisher":{"@id":"https:\/\/psychologywithinreach.com\/#organization"},"potentialAction":[{"@type":"SearchAction","target":{"@type":"EntryPoint","urlTemplate":"https:\/\/psychologywithinreach.com\/?s={search_term_string}"},"query-input":{"@type":"PropertyValueSpecification","valueRequired":true,"valueName":"search_term_string"}}],"inLanguage":"es"},{"@type":"Organization","@id":"https:\/\/psychologywithinreach.com\/#organization","name":"Psychology within Reach","url":"https:\/\/psychologywithinreach.com\/","logo":{"@type":"ImageObject","inLanguage":"es","@id":"https:\/\/psychologywithinreach.com\/#\/schema\/logo\/image\/","url":"https:\/\/psychologywithinreach.com\/wp-content\/uploads\/logo-azul-fondo-blanco-scaled.jpg","contentUrl":"https:\/\/psychologywithinreach.com\/wp-content\/uploads\/logo-azul-fondo-blanco-scaled.jpg","width":2560,"height":1362,"caption":"Psychology within Reach"},"image":{"@id":"https:\/\/psychologywithinreach.com\/#\/schema\/logo\/image\/"},"sameAs":["https:\/\/www.facebook.com\/psychologywithinreach\/","https:\/\/www.instagram.com\/psychology_within_reach\/","https:\/\/www.linkedin.com\/in\/nuria-maldonado-bellido-2a16ab6\/"]}]}},"uagb_featured_image_src":{"full":false,"thumbnail":false,"medium":false,"medium_large":false,"large":false,"1536x1536":false,"2048x2048":false},"uagb_author_info":{"display_name":"desarrollo","author_link":"https:\/\/psychologywithinreach.com\/es\/author\/desarrollo\/"},"uagb_comment_info":0,"uagb_excerpt":"Sesiones de seguimiento y m\u00e1s, con la mayor libertad de elecci\u00f3n en tus manos. En el calendario que aparece a continuaci\u00f3n, selecciona el servicio y la duraci\u00f3n de la sesi\u00f3n que mejor se adapten a tus necesidades. Esto puede variar en funci\u00f3n de tu situaci\u00f3n y de si acudes a la terapia de forma individual&hellip;","_links":{"self":[{"href":"https:\/\/psychologywithinreach.com\/es\/wp-json\/wp\/v2\/pages\/1143","targetHints":{"allow":["GET"]}}],"collection":[{"href":"https:\/\/psychologywithinreach.com\/es\/wp-json\/wp\/v2\/pages"}],"about":[{"href":"https:\/\/psychologywithinreach.com\/es\/wp-json\/wp\/v2\/types\/page"}],"author":[{"embeddable":true,"href":"https:\/\/psychologywithinreach.com\/es\/wp-json\/wp\/v2\/users\/2"}],"replies":[{"embeddable":true,"href":"https:\/\/psychologywithinreach.com\/es\/wp-json\/wp\/v2\/comments?post=1143"}],"version-history":[{"count":39,"href":"https:\/\/psychologywithinreach.com\/es\/wp-json\/wp\/v2\/pages\/1143\/revisions"}],"predecessor-version":[{"id":3890,"href":"https:\/\/psychologywithinreach.com\/es\/wp-json\/wp\/v2\/pages\/1143\/revisions\/3890"}],"wp:attachment":[{"href":"https:\/\/psychologywithinreach.com\/es\/wp-json\/wp\/v2\/media?parent=1143"}],"curies":[{"name":"wp","href":"https:\/\/api.w.org\/{rel}","templated":true}]}}