{"id":1605,"date":"2021-11-18T15:50:17","date_gmt":"2021-11-18T14:50:17","guid":{"rendered":"https:\/\/psychologywithinreach.com\/?page_id=1605"},"modified":"2025-05-25T15:56:12","modified_gmt":"2025-05-25T13:56:12","slug":"terminos-y-condiciones","status":"publish","type":"page","link":"https:\/\/psychologywithinreach.com\/es\/terminos-y-condiciones\/","title":{"rendered":"T\u00e9rminos y condiciones"},"content":{"rendered":"\n<p><strong>ALCANCE<\/strong><strong><\/strong><\/p>\n\n\n\n<p>Estos t\u00e9rminos se aplican a todos los acuerdos de tratamiento, tanto orales como escritos, celebrados entre cada paciente y la Sra. Nuria Maldonado Bellido (en adelante tu psic\u00f3loga), como fundadora y psic\u00f3loga licenciada que trabaja en Psychology within Reach (Registro en C\u00e1mara de Comercio Holandesa # 66848687).<\/p>\n\n\n\n<p>Estos t\u00e9rminos y condiciones pueden ser renunciados solo por escrito y cualquier modificaci\u00f3n ser\u00e1 debidamente comunicada para garantizar el acuerdo mutuo.<\/p>\n\n\n\n<p>Estos t\u00e9rminos y todos los aspectos relacionados, entre Psychology within Reach y sus pacientes, caen bajo la ley holandesa y las partes se someten expresamente a la jurisdicci\u00f3n exclusiva de los tribunales de los Pa\u00edses Bajos para la resoluci\u00f3n de cualquier disputa legal.<\/p>\n\n\n\n<p><strong>REGISTROS<\/strong><strong><\/strong><\/p>\n\n\n\n<p>Tu terapeuta es psic\u00f3loga con licencia para ejercer en el \u00e1mbito de la salud mental tal como se indica en los siguientes registros: Psic\u00f3loga General Sanitaria en el Colegio Oficial de Psicolog\u00eda (AN03800) y Psycholoog NIP (225619).<\/p>\n\n\n\n<p>Tambi\u00e9n cuenta con membres\u00eda en la Asociaci\u00f3n Europea de Terapia Gestalt y la Asociaci\u00f3n Espa\u00f1ola de Terapia Gestalt.<\/p>\n\n\n\n<p><strong>GARANT\u00cdAS <\/strong><\/p>\n\n\n\n<p>Tu psic\u00f3loga cuenta con la supervisi\u00f3n cl\u00ednica del psiquiatra y psicoterapeuta Dr. Gianni Francesetti, con quien mantiene sesiones peri\u00f3dicas para asegurar la calidad de los procesos terap\u00e9uticos que conduce.<\/p>\n\n\n\n<p>Nuestro equipo sigue un c\u00f3digo de \u00e9tica en el que nos comprometemos a tratar tu caso e informaci\u00f3n con confidencialidad y diligencia debida. La informaci\u00f3n desde y hacia terceras partes, fuera de nuestro equipo, solo se compartir\u00e1 con tu consentimiento expl\u00edcito.<\/p>\n\n\n\n<p>Nuestra pol\u00edtica de privacidad est\u00e1 disponible en nuestro sitio web, y tenemos el firme compromiso de proporcionar un entorno seguro tambi\u00e9n en l\u00ednea, utilizando herramientas que respetan la Ley de Protecci\u00f3n de Datos Personales en cada paso de tu atenci\u00f3n terap\u00e9utica.<\/p>\n\n\n\n<p>Estamos tan disponibles para recibir elogios como para aceptar sugerencias y quejas cuando no se cumplen tus expectativas. El procedimiento de queja comenzar\u00eda inform\u00e1ndonos sobre el \u00e1rea en la que consideras que no hemos cumplido con estas expectativas. Si no podemos proporcionarte una soluci\u00f3n satisfactoria, puedes presentar una queja a trav\u00e9s de Centraal Bureau Klachtenmanagement in de Zorg (CBKZ), siguiendo el protocolo facilitado en nuestra web (secci\u00f3n <a href=\"https:\/\/psychologywithinreach.com\/es\/antes-de-vernos\/\">Antes de vernos<\/a>).<\/p>\n\n\n\n<p><strong>IDIOMA<\/strong><strong><\/strong><\/p>\n\n\n\n<p>Psychology within Reach ofrece servicios en espa\u00f1ol e ingl\u00e9s, aunque no podemos comprometernos con la aparici\u00f3n de ambos idiomas en todas las herramientas a utilizar y dado nuestro enfoque internacional, el ingl\u00e9s ser\u00e1 el idioma predominante. <\/p>\n\n\n\n<p>Si alguna herramienta o comunicaci\u00f3n recibida parece poco clara, incluidos estos t\u00e9rminos y condiciones, esperamos que lo comuniques a tu psic\u00f3loga para obtener la asistencia adecuada.<\/p>\n\n\n\n<p><strong>CONTEXTO<\/strong><\/p>\n\n\n\n<p>Cada encuentro debe llevarse a cabo siguiendo los protocolos establecidos para proporcionar condiciones seguras para ello. Estos protocolos te ser\u00e1n debidamente comunicados cuando impliquen tu participaci\u00f3n activa.<\/p>\n\n\n\n<p>Tu psic\u00f3loga trabaja de forma h\u00edbrida para garantizar que los procesos terap\u00e9uticos no experimenten interrupciones notables, lo que se traduce en la necesidad de trasladar las sesiones al entorno online cuando las circunstancias lo exigen. Esto puede suceder varias veces al a\u00f1o.<\/p>\n\n\n\n<p><strong>METODOLOG\u00cdA<\/strong><strong><\/strong><\/p>\n\n\n\n<p>Tenemos la obligaci\u00f3n de verificar tu identidad; por lo que te rogamos traigas una identificaci\u00f3n con foto a tu primera sesi\u00f3n.<\/p>\n\n\n\n<p>Durante la fase de admisi\u00f3n, la cual puede tomar varias sesiones, dependiendo de c\u00f3mo de espaciadas ocurran estas al inicio del proceso terap\u00e9utico, tu psic\u00f3loga evaluar\u00e1 tu demanda de terapia, para establecer una recomendaci\u00f3n de tratamiento que compartir\u00e1 contigo y que podr\u00e1 modificarse a lo largo del proceso terap\u00e9utico, cuando ambas partes lo consideren necesario. <\/p>\n\n\n\n<p>Dado que trabajamos en el marco de la Psicolog\u00eda General Sanitaria, no es posible obtener diagn\u00f3sticos oficiales en nuestra consulta.<\/p>\n\n\n\n<p>Tu expediente contendr\u00e1 el formulario de admisi\u00f3n, todos los consentimientos y documentos producidos a lo largo de nuestra relaci\u00f3n, tu acuerdo de tratamiento y sus posibles actualizaciones, la lista de sesiones y, si has elegido monitorizar tu progreso con cuestionarios, el seguimiento de tu proceso terap\u00e9utico. <\/p>\n\n\n\n<p>Tambi\u00e9n puedes contribuir con autorreflexiones despu\u00e9s de cada sesi\u00f3n, dado que tu psic\u00f3loga valora la co-construcci\u00f3n de una narrativa que ofrezca continuidad a tu trabajo terap\u00e9utico en el aqu\u00ed y ahora.<\/p>\n\n\n\n<p>Todo intercambio de informaci\u00f3n tendr\u00e1 lugar bien a trav\u00e9s del portal de pacientes bien durante las sesiones y reduciremos las comunicaciones por correo electr\u00f3nico a mensajes informativos sobre nuestra pr\u00e1ctica, como recordatorios de las citas. <\/p>\n\n\n\n<p>Psychology within Reach no tiene un servicio de urgencias, por lo tanto, en caso de crisis, contacta por favor con tu m\u00e9dica de cabecera, la sala de emergencias local o el \u00abhuisartsenposten\u00bb en los Pa\u00edses Bajos (fuera del horario de oficina).<\/p>\n\n\n\n<p>El proceso terap\u00e9utico finalizar\u00e1 de mutuo acuerdo con una sesi\u00f3n de despedida gratuita. Tambi\u00e9n puede considerarse terminado cuando las sesiones se hayan interrumpido unilateralmente por tu parte o cuando tu psic\u00f3loga entienda que ya no se dan las condiciones que permitan aportar el cuidado que demanda el caso.<\/p>\n\n\n\n<p><strong>TARIFAS<\/strong><strong><\/strong><\/p>\n\n\n\n<p>Todas las tarifas y costes de los servicios brindados en Psychology within Reach est\u00e1n exentos de IVA gracias a la naturaleza de estos servicios (asistencia sanitaria prestada por cl\u00ednica) y las caracter\u00edsticas de nuestra pr\u00e1ctica (de acuerdo con las regulaciones de KOR en los Pa\u00edses Bajos).<\/p>\n\n\n\n<p>Estos honorarios est\u00e1n publicados en nuestro sitio web, y se requiere su aceptaci\u00f3n en el proceso de programaci\u00f3n de cada sesi\u00f3n.<\/p>\n\n\n\n<p>Nuestras tarifas a partir del 1 de enero de 2025 y hasta nuevo aviso son las siguientes:<\/p>\n\n\n\n<p>Sesi\u00f3n de 50-min = 100 \u20ac<br>Sesi\u00f3n de 75-min = 150 \u20ac<br>Sesi\u00f3n de grupo (90-min) = 40 \u20ac p.p.<br>Horas extras (dentro o fuera de sesi\u00f3n) = 30 \u20ac (cada 15-min)<br>Informe por escrito* = 120 \u20ac<\/p>\n\n\n\n<p>*Servicio s\u00f3lo posible tras la recepci\u00f3n del consentimiento firmado de cada paciente y con el prop\u00f3sito exclusivo de informar por escrito a otras fuentes de cuidados m\u00e9dicos sobre el proceso terap\u00e9utico. La preparaci\u00f3n y entrega de los informes puede llevar hasta dos semanas y pueden no responder a cuestiones espec\u00edficas, como el diagn\u00f3stico, dado el enfoque psicoterap\u00e9utico y los l\u00edmites de la pr\u00e1ctica profesional de tu psic\u00f3loga.<\/p>\n\n\n\n<p>Nuestros servicios son abonados en su totalidad en el momento de su reserva. Dicho abono se lleva a cabo a trav\u00e9s de los servicios de pago seguro de Stripe, integrados en nuestro sistema de reservas y en el que cual se aceptan la mayor\u00eda de las tarjetas de d\u00e9bito y cr\u00e9dito, as\u00ed como el m\u00e9todo de pago iDeal.<\/p>\n\n\n\n<p>En caso de que el contacto entre sesiones genere llamadas, mensajes u otras tareas que requieran una atenci\u00f3n extra, este tiempo se facturar\u00e1 seg\u00fan la tarifa incluida a tal efecto en estos t\u00e9rminos y condiciones.<\/p>\n\n\n\n<p>Tu psic\u00f3loga trabaja de forma independiente, sin un contrato con ninguna aseguradora, sin embargo, algunas p\u00f3lizas de seguro cubren parte de los costes en el caso de la terapia individual y hasta una cierta cantidad por a\u00f1o. En ninguna circunstancia Psychology within Reach ser\u00e1 responsable de forma alguna por reclamaciones, p\u00e9rdidas, gastos, costes o responsabilidades que resulten o surjan directa o indirectamente de las condiciones de tu p\u00f3liza de seguro.<\/p>\n\n\n\n<p><strong>CANCELACIONES<\/strong><strong><\/strong><\/p>\n\n\n\n<p>Las modificaciones en la hora\/fecha prevista para una sesi\u00f3n o las cancelaciones realizadas el d\u00eda h\u00e1bil anterior a la sesi\u00f3n programada, o el mismo d\u00eda, conlleva el abono de una tasa administrativa equivalente al importe completo de la sesi\u00f3n, independientemente del motivo del cambio o la ausencia.<\/p>\n\n\n\n<p>Dado que las cancelaciones que observan este preaviso dan lugar a un reembolso, se espera que esta opci\u00f3n se utilice solo cuando no se tenga prevista la continuidad en el proceso terap\u00e9utico, de tal modo que se prevengan los costes de operaciones bancarias adicionales.<\/p>\n\n\n\n<p class=\"has-text-align-right\"><strong>En Utrecht, a 1 de enero de 2025<\/strong><\/p>\n","protected":false},"excerpt":{"rendered":"<p>ALCANCE Estos t\u00e9rminos se aplican a todos los acuerdos de tratamiento, tanto orales como escritos, celebrados entre cada paciente y la Sra. Nuria Maldonado Bellido (en adelante tu psic\u00f3loga), como fundadora y psic\u00f3loga licenciada que trabaja en Psychology within Reach (Registro en C\u00e1mara de Comercio Holandesa # 66848687). Estos t\u00e9rminos y condiciones pueden ser renunciados &#8230; <a title=\"T\u00e9rminos y condiciones\" class=\"read-more\" href=\"https:\/\/psychologywithinreach.com\/es\/terminos-y-condiciones\/\" aria-label=\"Leer m\u00e1s sobre T\u00e9rminos y condiciones\">Leer m\u00e1s<\/a><\/p>\n","protected":false},"author":2,"featured_media":0,"parent":0,"menu_order":0,"comment_status":"closed","ping_status":"closed","template":"","meta":{"_acf_changed":false,"inline_featured_image":false,"_uag_custom_page_level_css":"","footnotes":""},"class_list":["post-1605","page","type-page","status-publish"],"acf":[],"yoast_head":"<!-- This site is optimized with the Yoast SEO plugin v27.4 - https:\/\/yoast.com\/product\/yoast-seo-wordpress\/ -->\n<title>T\u00e9rminos y condiciones - Psychology within Reach<\/title>\n<meta name=\"robots\" content=\"noindex, follow\" \/>\n<meta property=\"og:locale\" content=\"es_ES\" \/>\n<meta property=\"og:type\" content=\"article\" \/>\n<meta property=\"og:title\" content=\"T\u00e9rminos y condiciones - Psychology within Reach\" \/>\n<meta property=\"og:description\" content=\"ALCANCE Estos t\u00e9rminos se aplican a todos los acuerdos de tratamiento, tanto orales como escritos, celebrados entre cada paciente y la Sra. Nuria Maldonado Bellido (en adelante tu psic\u00f3loga), como fundadora y psic\u00f3loga licenciada que trabaja en Psychology within Reach (Registro en C\u00e1mara de Comercio Holandesa # 66848687). Estos t\u00e9rminos y condiciones pueden ser renunciados ... Leer m\u00e1s\" \/>\n<meta property=\"og:url\" content=\"https:\/\/psychologywithinreach.com\/es\/terminos-y-condiciones\/\" \/>\n<meta property=\"og:site_name\" content=\"Psychology within Reach\" \/>\n<meta property=\"article:publisher\" content=\"https:\/\/www.facebook.com\/psychologywithinreach\/\" \/>\n<meta property=\"article:modified_time\" content=\"2025-05-25T13:56:12+00:00\" \/>\n<meta name=\"twitter:card\" content=\"summary_large_image\" \/>\n<meta name=\"twitter:label1\" content=\"Tiempo de lectura\" \/>\n\t<meta name=\"twitter:data1\" content=\"6 minutos\" \/>\n<script type=\"application\/ld+json\" class=\"yoast-schema-graph\">{\"@context\":\"https:\\\/\\\/schema.org\",\"@graph\":[{\"@type\":\"WebPage\",\"@id\":\"https:\\\/\\\/psychologywithinreach.com\\\/es\\\/terminos-y-condiciones\\\/\",\"url\":\"https:\\\/\\\/psychologywithinreach.com\\\/es\\\/terminos-y-condiciones\\\/\",\"name\":\"T\u00e9rminos y condiciones - Psychology within Reach\",\"isPartOf\":{\"@id\":\"https:\\\/\\\/psychologywithinreach.com\\\/#website\"},\"datePublished\":\"2021-11-18T14:50:17+00:00\",\"dateModified\":\"2025-05-25T13:56:12+00:00\",\"breadcrumb\":{\"@id\":\"https:\\\/\\\/psychologywithinreach.com\\\/es\\\/terminos-y-condiciones\\\/#breadcrumb\"},\"inLanguage\":\"es\",\"potentialAction\":[{\"@type\":\"ReadAction\",\"target\":[\"https:\\\/\\\/psychologywithinreach.com\\\/es\\\/terminos-y-condiciones\\\/\"]}]},{\"@type\":\"BreadcrumbList\",\"@id\":\"https:\\\/\\\/psychologywithinreach.com\\\/es\\\/terminos-y-condiciones\\\/#breadcrumb\",\"itemListElement\":[{\"@type\":\"ListItem\",\"position\":1,\"name\":\"Portada\",\"item\":\"https:\\\/\\\/psychologywithinreach.com\\\/es\\\/\"},{\"@type\":\"ListItem\",\"position\":2,\"name\":\"T\u00e9rminos y condiciones\"}]},{\"@type\":\"WebSite\",\"@id\":\"https:\\\/\\\/psychologywithinreach.com\\\/#website\",\"url\":\"https:\\\/\\\/psychologywithinreach.com\\\/\",\"name\":\"psychologywithinreach.com\",\"description\":\"Psychology within Reach offers psychological support in English and Spanish, especially aimed at expats and intercultural couples in transition through different parts of the world.\",\"publisher\":{\"@id\":\"https:\\\/\\\/psychologywithinreach.com\\\/#organization\"},\"potentialAction\":[{\"@type\":\"SearchAction\",\"target\":{\"@type\":\"EntryPoint\",\"urlTemplate\":\"https:\\\/\\\/psychologywithinreach.com\\\/?s={search_term_string}\"},\"query-input\":{\"@type\":\"PropertyValueSpecification\",\"valueRequired\":true,\"valueName\":\"search_term_string\"}}],\"inLanguage\":\"es\"},{\"@type\":\"Organization\",\"@id\":\"https:\\\/\\\/psychologywithinreach.com\\\/#organization\",\"name\":\"Psychology within Reach\",\"url\":\"https:\\\/\\\/psychologywithinreach.com\\\/\",\"logo\":{\"@type\":\"ImageObject\",\"inLanguage\":\"es\",\"@id\":\"https:\\\/\\\/psychologywithinreach.com\\\/#\\\/schema\\\/logo\\\/image\\\/\",\"url\":\"https:\\\/\\\/psychologywithinreach.com\\\/wp-content\\\/uploads\\\/logo-azul-fondo-blanco-scaled.jpg\",\"contentUrl\":\"https:\\\/\\\/psychologywithinreach.com\\\/wp-content\\\/uploads\\\/logo-azul-fondo-blanco-scaled.jpg\",\"width\":2560,\"height\":1362,\"caption\":\"Psychology within Reach\"},\"image\":{\"@id\":\"https:\\\/\\\/psychologywithinreach.com\\\/#\\\/schema\\\/logo\\\/image\\\/\"},\"sameAs\":[\"https:\\\/\\\/www.facebook.com\\\/psychologywithinreach\\\/\",\"https:\\\/\\\/www.instagram.com\\\/psychology_within_reach\\\/\",\"https:\\\/\\\/www.linkedin.com\\\/in\\\/nuria-maldonado-bellido-2a16ab6\\\/\"]}]}<\/script>\n<!-- \/ Yoast SEO plugin. -->","yoast_head_json":{"title":"T\u00e9rminos y condiciones - Psychology within Reach","robots":{"index":"noindex","follow":"follow"},"og_locale":"es_ES","og_type":"article","og_title":"T\u00e9rminos y condiciones - Psychology within Reach","og_description":"ALCANCE Estos t\u00e9rminos se aplican a todos los acuerdos de tratamiento, tanto orales como escritos, celebrados entre cada paciente y la Sra. Nuria Maldonado Bellido (en adelante tu psic\u00f3loga), como fundadora y psic\u00f3loga licenciada que trabaja en Psychology within Reach (Registro en C\u00e1mara de Comercio Holandesa # 66848687). Estos t\u00e9rminos y condiciones pueden ser renunciados ... Leer m\u00e1s","og_url":"https:\/\/psychologywithinreach.com\/es\/terminos-y-condiciones\/","og_site_name":"Psychology within Reach","article_publisher":"https:\/\/www.facebook.com\/psychologywithinreach\/","article_modified_time":"2025-05-25T13:56:12+00:00","twitter_card":"summary_large_image","twitter_misc":{"Tiempo de lectura":"6 minutos"},"schema":{"@context":"https:\/\/schema.org","@graph":[{"@type":"WebPage","@id":"https:\/\/psychologywithinreach.com\/es\/terminos-y-condiciones\/","url":"https:\/\/psychologywithinreach.com\/es\/terminos-y-condiciones\/","name":"T\u00e9rminos y condiciones - Psychology within Reach","isPartOf":{"@id":"https:\/\/psychologywithinreach.com\/#website"},"datePublished":"2021-11-18T14:50:17+00:00","dateModified":"2025-05-25T13:56:12+00:00","breadcrumb":{"@id":"https:\/\/psychologywithinreach.com\/es\/terminos-y-condiciones\/#breadcrumb"},"inLanguage":"es","potentialAction":[{"@type":"ReadAction","target":["https:\/\/psychologywithinreach.com\/es\/terminos-y-condiciones\/"]}]},{"@type":"BreadcrumbList","@id":"https:\/\/psychologywithinreach.com\/es\/terminos-y-condiciones\/#breadcrumb","itemListElement":[{"@type":"ListItem","position":1,"name":"Portada","item":"https:\/\/psychologywithinreach.com\/es\/"},{"@type":"ListItem","position":2,"name":"T\u00e9rminos y condiciones"}]},{"@type":"WebSite","@id":"https:\/\/psychologywithinreach.com\/#website","url":"https:\/\/psychologywithinreach.com\/","name":"psychologywithinreach.com","description":"Psychology within Reach offers psychological support in English and Spanish, especially aimed at expats and intercultural couples in transition through different parts of the world.","publisher":{"@id":"https:\/\/psychologywithinreach.com\/#organization"},"potentialAction":[{"@type":"SearchAction","target":{"@type":"EntryPoint","urlTemplate":"https:\/\/psychologywithinreach.com\/?s={search_term_string}"},"query-input":{"@type":"PropertyValueSpecification","valueRequired":true,"valueName":"search_term_string"}}],"inLanguage":"es"},{"@type":"Organization","@id":"https:\/\/psychologywithinreach.com\/#organization","name":"Psychology within Reach","url":"https:\/\/psychologywithinreach.com\/","logo":{"@type":"ImageObject","inLanguage":"es","@id":"https:\/\/psychologywithinreach.com\/#\/schema\/logo\/image\/","url":"https:\/\/psychologywithinreach.com\/wp-content\/uploads\/logo-azul-fondo-blanco-scaled.jpg","contentUrl":"https:\/\/psychologywithinreach.com\/wp-content\/uploads\/logo-azul-fondo-blanco-scaled.jpg","width":2560,"height":1362,"caption":"Psychology within Reach"},"image":{"@id":"https:\/\/psychologywithinreach.com\/#\/schema\/logo\/image\/"},"sameAs":["https:\/\/www.facebook.com\/psychologywithinreach\/","https:\/\/www.instagram.com\/psychology_within_reach\/","https:\/\/www.linkedin.com\/in\/nuria-maldonado-bellido-2a16ab6\/"]}]}},"uagb_featured_image_src":{"full":false,"thumbnail":false,"medium":false,"medium_large":false,"large":false,"1536x1536":false,"2048x2048":false},"uagb_author_info":{"display_name":"desarrollo","author_link":"https:\/\/psychologywithinreach.com\/es\/author\/desarrollo\/"},"uagb_comment_info":0,"uagb_excerpt":"ALCANCE Estos t\u00e9rminos se aplican a todos los acuerdos de tratamiento, tanto orales como escritos, celebrados entre cada paciente y la Sra. Nuria Maldonado Bellido (en adelante tu psic\u00f3loga), como fundadora y psic\u00f3loga licenciada que trabaja en Psychology within Reach (Registro en C\u00e1mara de Comercio Holandesa # 66848687). Estos t\u00e9rminos y condiciones pueden ser renunciados&hellip;","_links":{"self":[{"href":"https:\/\/psychologywithinreach.com\/es\/wp-json\/wp\/v2\/pages\/1605","targetHints":{"allow":["GET"]}}],"collection":[{"href":"https:\/\/psychologywithinreach.com\/es\/wp-json\/wp\/v2\/pages"}],"about":[{"href":"https:\/\/psychologywithinreach.com\/es\/wp-json\/wp\/v2\/types\/page"}],"author":[{"embeddable":true,"href":"https:\/\/psychologywithinreach.com\/es\/wp-json\/wp\/v2\/users\/2"}],"replies":[{"embeddable":true,"href":"https:\/\/psychologywithinreach.com\/es\/wp-json\/wp\/v2\/comments?post=1605"}],"version-history":[{"count":27,"href":"https:\/\/psychologywithinreach.com\/es\/wp-json\/wp\/v2\/pages\/1605\/revisions"}],"predecessor-version":[{"id":3775,"href":"https:\/\/psychologywithinreach.com\/es\/wp-json\/wp\/v2\/pages\/1605\/revisions\/3775"}],"wp:attachment":[{"href":"https:\/\/psychologywithinreach.com\/es\/wp-json\/wp\/v2\/media?parent=1605"}],"curies":[{"name":"wp","href":"https:\/\/api.w.org\/{rel}","templated":true}]}}