{"id":2580,"date":"2021-12-20T18:07:54","date_gmt":"2021-12-20T17:07:54","guid":{"rendered":"https:\/\/psychologywithinreach.com\/?page_id=2580"},"modified":"2024-12-28T20:27:29","modified_gmt":"2024-12-28T19:27:29","slug":"terapia-de-pareja","status":"publish","type":"page","link":"https:\/\/psychologywithinreach.com\/es\/por-venir\/terapia-de-pareja\/","title":{"rendered":"Terapia de pareja"},"content":{"rendered":"\n<div class=\"wp-block-group mainTitle\"><div class=\"wp-block-group__inner-container is-layout-flow wp-block-group-is-layout-flow\">\n<h2 class=\"wp-block-heading croSubtitle croInline\">Comprender, conectar y crecer<\/h2>\n\n\n\n<p class=\"croSubtitle croInline\"><\/p>\n<\/div><\/div>\n\n\n\n<div class=\"wp-block-cover is-light\"><span aria-hidden=\"true\" class=\"wp-block-cover__background has-background-dim-0 has-background-dim\"><\/span><img loading=\"lazy\" decoding=\"async\" width=\"900\" height=\"600\" class=\"wp-block-cover__image-background wp-image-468\" alt=\"\" src=\"https:\/\/psychologywithinreach.com\/wp-content\/uploads\/terapia-pareja-dos.jpg\" data-object-fit=\"cover\" srcset=\"https:\/\/psychologywithinreach.com\/wp-content\/uploads\/terapia-pareja-dos.jpg 900w, https:\/\/psychologywithinreach.com\/wp-content\/uploads\/terapia-pareja-dos-300x200.jpg 300w, https:\/\/psychologywithinreach.com\/wp-content\/uploads\/terapia-pareja-dos-768x512.jpg 768w\" sizes=\"auto, (max-width: 900px) 100vw, 900px\" \/><div class=\"wp-block-cover__inner-container is-layout-flow wp-block-cover-is-layout-flow\">\n<p class=\"has-text-align-center has-large-font-size\"><\/p>\n<\/div><\/div>\n\n\n\n<div style=\"height:30px\" aria-hidden=\"true\" class=\"wp-block-spacer\"><\/div>\n\n\n\n<div class=\"wp-block-columns is-layout-flex wp-container-core-columns-is-layout-9d6595d7 wp-block-columns-is-layout-flex\">\n<div class=\"wp-block-column is-layout-flow wp-block-column-is-layout-flow\" style=\"flex-basis:50%\">\n<p>La terapia de pareja es un espacio donde no solo trabajamos las dificultades compartidas en la relaci\u00f3n, sino tambi\u00e9n exploramos las historias individuales, expectativas y desaf\u00edos que cada persona aporta a la din\u00e1mica. Inspir\u00e1ndome en enfoques humanistas como los del Instituto Gottman, Bren\u00e9 Brown y Esther Perel, mi objetivo es ayudar a las parejas a comprender mejor su relaci\u00f3n, fortalecer su capacidad de conexi\u00f3n y navegar los retos con empat\u00eda y claridad.<\/p>\n\n\n\n<p>Al inicio del proceso terap\u00e9utico, exploraremos la historia de vida de cada persona, lo que pudo haber dificultado su desarrollo emocional y cu\u00e1les son sus expectativas sobre el amor, la intimidad y la relaci\u00f3n. Esto nos permitir\u00e1 descubrir qu\u00e9 aviva la curiosidad y el deseo en la pareja, as\u00ed como prestar atenci\u00f3n a las necesidades individuales de apoyo emocional de cada miembro de la relaci\u00f3n.<\/p>\n\n\n\n<p>Posteriormente, nos centraremos en identificar patrones de interacci\u00f3n que generan conflicto y en desarrollar herramientas pr\u00e1cticas para mejorar la comunicaci\u00f3n, gestionar los desacuerdos y fomentar el cuidado y respeto mutuos.<\/p>\n<\/div>\n\n\n\n<div class=\"wp-block-column fondo-columna-patologias is-layout-flow wp-block-column-is-layout-flow\" style=\"flex-basis:50%\">\n<p>El objetivo de la terapia es crear un espacio seguro donde las parejas puedan abordar conversaciones dif\u00edciles, expresar sus necesidades de manera honesta y descubrir nuevas formas de relacionarse entre s\u00ed. M\u00e1s all\u00e1 de simplemente \u00abresolver problemas\u00bb, el trabajo se centra en fortalecer la conexi\u00f3n emocional y f\u00edsica, equilibrando el deseo de autonom\u00eda personal con la necesidad de conexi\u00f3n mutua. Durante este proceso, tambi\u00e9n redefiniremos expectativas y roles dentro de la relaci\u00f3n, adapt\u00e1ndolos a las realidades y desaf\u00edos de la vida contempor\u00e1nea.<\/p>\n\n\n\n<p>Las sesiones siguen un formato h\u00edbrido, lo que significa que pueden llevarse a cabo tanto de manera online como presencial, dependiendo de las necesidades y preferencias de la pareja. La duraci\u00f3n y la frecuencia de las sesiones son flexibles, ajust\u00e1ndose a lo que cada momento demande.<\/p>\n\n\n\n<p>Mi enfoque terap\u00e9utico no persigue como resultado \u00absalvar la relaci\u00f3n\u00bb, sino que se enfoca en brindar claridad, herramientas y un espacio para el crecimiento conjunto e individual. Ya sea para fortalecer la relaci\u00f3n, redefinir sus t\u00e9rminos o avanzar hacia una separaci\u00f3n consciente y respetuosa, el trabajo terap\u00e9utico siempre est\u00e1 orientado hacia la honestidad, el entendimiento mutuo y el crecimiento personal.<\/p>\n\n\n\n<p><\/p>\n<\/div>\n<\/div>\n\n\n\n<div class=\"wp-block-group\"><div class=\"wp-block-group__inner-container is-layout-flow wp-block-group-is-layout-flow\">\n<div style=\"height:100px\" aria-hidden=\"true\" class=\"wp-block-spacer\"><\/div>\n\n\n\n<h2 class=\"wp-block-heading has-text-align-center has-text-color\" style=\"color:#336275\"><em>Un viaje de mil millas comienza con un primer paso<\/em><\/h2>\n\n\n\n<p class=\"has-text-align-center\">Te invito a conocerme y decidir si podr\u00eda ser una buena compa\u00f1era de camino.<\/p>\n\n\n\n<div style=\"height:20px\" aria-hidden=\"true\" class=\"wp-block-spacer\"><\/div>\n\n\n\n<div class=\"wp-block-buttons is-horizontal is-content-justification-center is-layout-flex wp-container-core-buttons-is-layout-499968f5 wp-block-buttons-is-layout-flex\">\n<div class=\"wp-block-button croButton2\"><a class=\"wp-block-button__link has-background wp-element-button\" href=\"https:\/\/psychologywithinreach.com\/es\/primer-contacto\/\" style=\"border-radius:50px;background-color:#68a9b0\">Primer contacto<\/a><\/div>\n<\/div>\n\n\n\n<div style=\"height:100px\" aria-hidden=\"true\" class=\"wp-block-spacer\"><\/div>\n<\/div><\/div>\n\n\n\n<div class=\"wp-block-group alignfull fondo-blanco has-base-3-background-color has-background\"><div class=\"wp-block-group__inner-container is-layout-flow wp-block-group-is-layout-flow\">\n<div style=\"height:30px\" aria-hidden=\"true\" class=\"wp-block-spacer\"><\/div>\n<\/div><\/div>\n\n\n\n<div class=\"wp-block-group alignfull fondo-blanco has-base-3-background-color has-background\"><div class=\"wp-block-group__inner-container is-layout-flow wp-block-group-is-layout-flow\">\n<div style=\"height:30px\" aria-hidden=\"true\" class=\"wp-block-spacer\"><\/div>\n\n\n\n<div class=\"wp-block-group alignfull fondo-blanco has-base-3-background-color has-background\"><div class=\"wp-block-group__inner-container is-layout-flow wp-block-group-is-layout-flow\">\n<div class=\"wp-block-columns croIcon3 is-layout-flex wp-container-core-columns-is-layout-9d6595d7 wp-block-columns-is-layout-flex\">\n<div class=\"wp-block-column is-layout-flow wp-block-column-is-layout-flow\"><div class=\"wp-block-image\">\n<figure class=\"aligncenter size-large is-resized\"><a href=\"\/es\/al-alcance\/\"><img decoding=\"async\" src=\"https:\/\/psychologywithinreach.com\/wp-content\/uploads\/icono-al-alcance.svg\" alt=\"\" class=\"wp-image-1170\" style=\"width:141px;height:75px\"\/><\/a><\/figure>\n<\/div>\n\n\n<h3 class=\"wp-block-heading has-text-align-center croTitle-3 has-text-color\" style=\"color:#d1cbc1\">Al alcance<\/h3>\n\n\n\n<p class=\"has-text-align-center croText\">Sobre m\u00ed y sobre c\u00f3mo mi consulta ofrece cuidado a la salud mental para acercar el sentido de hogar a nacionales e internacionales.<\/p>\n\n\n\n<div class=\"wp-block-buttons is-horizontal is-content-justification-center is-layout-flex wp-container-core-buttons-is-layout-499968f5 wp-block-buttons-is-layout-flex\">\n<div class=\"wp-block-button has-custom-width wp-block-button__width-75 croButton\"><a class=\"wp-block-button__link has-background wp-element-button\" href=\"\/es\/al-alcance\/\" style=\"border-radius:50px;background-color:#d1cbc1\">M\u00e1s sobre mi<\/a><\/div>\n<\/div>\n<\/div>\n\n\n\n<div class=\"wp-block-column cro3icon is-layout-flow wp-block-column-is-layout-flow\"><div class=\"wp-block-image\">\n<figure class=\"aligncenter size-large is-resized\"><a href=\"\/es\/antes-de-vernos\/\"><img decoding=\"async\" src=\"https:\/\/psychologywithinreach.com\/wp-content\/uploads\/icono-antes-de-vernos.svg\" alt=\"\" class=\"wp-image-1175\" style=\"width:141px;height:75px\"\/><\/a><\/figure>\n<\/div>\n\n\n<h3 class=\"wp-block-heading has-text-align-center croTitle-3 has-text-color\" style=\"color:#68a9b0\">Antes de vernos<\/h3>\n\n\n\n<p class=\"has-text-align-center croText\">Informaci\u00f3n pr\u00e1ctica antes de iniciar el proceso terap\u00e9utico, para que podamos establecer los l\u00edmites de nuestra relaci\u00f3n.<\/p>\n\n\n\n<div class=\"wp-block-buttons is-horizontal is-content-justification-center is-layout-flex wp-container-core-buttons-is-layout-499968f5 wp-block-buttons-is-layout-flex\">\n<div class=\"wp-block-button has-custom-width wp-block-button__width-75 croButton\"><a class=\"wp-block-button__link has-background wp-element-button\" href=\"\/es\/antes-de-vernos\/\" style=\"border-radius:50px;background-color:#68a9b0\">L\u00e9elo aqu\u00ed<\/a><\/div>\n<\/div>\n<\/div>\n\n\n\n<div class=\"wp-block-column cro3icon is-layout-flow wp-block-column-is-layout-flow\"><div class=\"wp-block-image\">\n<figure class=\"aligncenter size-large is-resized\"><a href=\"\/es\/aqui-y-ahora\/\"><img decoding=\"async\" src=\"https:\/\/psychologywithinreach.com\/wp-content\/uploads\/icono-aqui-y-ahora.svg\" alt=\"\" class=\"wp-image-1176\" style=\"width:150px;height:64px\"\/><\/a><\/figure>\n<\/div>\n\n\n<h3 class=\"wp-block-heading has-text-align-center croTitle-3 has-text-color\" style=\"color:#a07a8f\">Aqu\u00ed-y-ahora<\/h3>\n\n\n\n<p class=\"has-text-align-center croText\">El puente entre las diferentes formas de sufrimiento humano a las que nos enfrentamos y el apoyo terap\u00e9utico para aliviarlo.<\/p>\n\n\n\n<div class=\"wp-block-buttons is-horizontal is-content-justification-center is-layout-flex wp-container-core-buttons-is-layout-499968f5 wp-block-buttons-is-layout-flex\">\n<div class=\"wp-block-button has-custom-width wp-block-button__width-75 croButton\"><a class=\"wp-block-button__link has-background wp-element-button\" href=\"\/es\/aqui-y-ahora\/\" style=\"border-radius:50px;background-color:#a07a8f\">Con\u00f3celos<\/a><\/div>\n<\/div>\n<\/div>\n\n\n\n<div class=\"wp-block-column cro3icon fondo-blanco is-layout-flow wp-block-column-is-layout-flow\"><div class=\"wp-block-image\">\n<figure class=\"aligncenter size-large is-resized\"><a href=\"https:\/\/psychologywithinreach.com\/es\/por-venir\/\"><img decoding=\"async\" src=\"https:\/\/psychologywithinreach.com\/wp-content\/uploads\/icono-por-venir.svg\" alt=\"\" class=\"wp-image-1178\" style=\"width:141px;height:75px\"\/><\/a><\/figure>\n<\/div>\n\n\n<h3 class=\"wp-block-heading has-text-align-center croTitle-3 has-text-color\" style=\"color:#54899e\">Por-venir<\/h3>\n\n\n\n<p class=\"has-text-align-center croText\">Una vez abordada tu necesidad de apoyo, puedes decidir qu\u00e9 entorno te parece m\u00e1s adecuado para iniciar tu camino hacia sentirte mejor.<\/p>\n\n\n\n<div class=\"wp-block-buttons is-horizontal is-content-justification-center is-layout-flex wp-container-core-buttons-is-layout-499968f5 wp-block-buttons-is-layout-flex\">\n<div class=\"wp-block-button has-custom-width wp-block-button__width-75 croButton\"><a class=\"wp-block-button__link has-background wp-element-button\" href=\"https:\/\/psychologywithinreach.com\/es\/por-venir\/\" style=\"border-radius:50px;background-color:#54899e\">M\u00e1s sobre ello<\/a><\/div>\n<\/div>\n<\/div>\n<\/div>\n<\/div><\/div>\n\n\n\n<p><\/p>\n<\/div><\/div>\n\n\n\n<div class=\"wp-block-group alignfull fondo-blanco has-base-3-background-color has-background\"><div class=\"wp-block-group__inner-container is-layout-flow wp-block-group-is-layout-flow\">\n<div style=\"height:30px\" aria-hidden=\"true\" class=\"wp-block-spacer\"><\/div>\n<\/div><\/div>\n\n\n","protected":false},"excerpt":{"rendered":"<p>Comprender, conectar y crecer La terapia de pareja es un espacio donde no solo trabajamos las dificultades compartidas en la relaci\u00f3n, sino tambi\u00e9n exploramos las historias individuales, expectativas y desaf\u00edos que cada persona aporta a la din\u00e1mica. Inspir\u00e1ndome en enfoques humanistas como los del Instituto Gottman, Bren\u00e9 Brown y Esther Perel, mi objetivo es ayudar &#8230; <a title=\"Terapia de pareja\" class=\"read-more\" href=\"https:\/\/psychologywithinreach.com\/es\/por-venir\/terapia-de-pareja\/\" aria-label=\"Leer m\u00e1s sobre Terapia de pareja\">Leer m\u00e1s<\/a><\/p>\n","protected":false},"author":2,"featured_media":0,"parent":91,"menu_order":0,"comment_status":"closed","ping_status":"closed","template":"","meta":{"_acf_changed":false,"inline_featured_image":false,"_uag_custom_page_level_css":"","footnotes":""},"class_list":["post-2580","page","type-page","status-publish"],"acf":[],"yoast_head":"<!-- This site is optimized with the Yoast SEO plugin v27.4 - https:\/\/yoast.com\/product\/yoast-seo-wordpress\/ -->\n<title>Terapia de pareja - Psychology within Reach<\/title>\n<meta name=\"robots\" content=\"index, follow, max-snippet:-1, max-image-preview:large, max-video-preview:-1\" \/>\n<link rel=\"canonical\" href=\"https:\/\/psychologywithinreach.com\/es\/por-venir\/terapia-de-pareja\/\" \/>\n<meta property=\"og:locale\" content=\"es_ES\" \/>\n<meta property=\"og:type\" content=\"article\" \/>\n<meta property=\"og:title\" content=\"Terapia de pareja - Psychology within Reach\" \/>\n<meta property=\"og:description\" content=\"Comprender, conectar y crecer La terapia de pareja es un espacio donde no solo trabajamos las dificultades compartidas en la relaci\u00f3n, sino tambi\u00e9n exploramos las historias individuales, expectativas y desaf\u00edos que cada persona aporta a la din\u00e1mica. Inspir\u00e1ndome en enfoques humanistas como los del Instituto Gottman, Bren\u00e9 Brown y Esther Perel, mi objetivo es ayudar ... Leer m\u00e1s\" \/>\n<meta property=\"og:url\" content=\"https:\/\/psychologywithinreach.com\/es\/por-venir\/terapia-de-pareja\/\" \/>\n<meta property=\"og:site_name\" content=\"Psychology within Reach\" \/>\n<meta property=\"article:publisher\" content=\"https:\/\/www.facebook.com\/psychologywithinreach\/\" \/>\n<meta property=\"article:modified_time\" content=\"2024-12-28T19:27:29+00:00\" \/>\n<meta property=\"og:image\" content=\"https:\/\/psychologywithinreach.com\/wp-content\/uploads\/terapia-pareja-dos.jpg\" \/>\n\t<meta property=\"og:image:width\" content=\"900\" \/>\n\t<meta property=\"og:image:height\" content=\"600\" \/>\n\t<meta property=\"og:image:type\" content=\"image\/jpeg\" \/>\n<meta name=\"twitter:card\" content=\"summary_large_image\" \/>\n<meta name=\"twitter:label1\" content=\"Tiempo de lectura\" \/>\n\t<meta name=\"twitter:data1\" content=\"6 minutos\" \/>\n<script type=\"application\/ld+json\" class=\"yoast-schema-graph\">{\"@context\":\"https:\\\/\\\/schema.org\",\"@graph\":[{\"@type\":\"WebPage\",\"@id\":\"https:\\\/\\\/psychologywithinreach.com\\\/es\\\/por-venir\\\/terapia-de-pareja\\\/\",\"url\":\"https:\\\/\\\/psychologywithinreach.com\\\/es\\\/por-venir\\\/terapia-de-pareja\\\/\",\"name\":\"Terapia de pareja - Psychology within Reach\",\"isPartOf\":{\"@id\":\"https:\\\/\\\/psychologywithinreach.com\\\/#website\"},\"primaryImageOfPage\":{\"@id\":\"https:\\\/\\\/psychologywithinreach.com\\\/es\\\/por-venir\\\/terapia-de-pareja\\\/#primaryimage\"},\"image\":{\"@id\":\"https:\\\/\\\/psychologywithinreach.com\\\/es\\\/por-venir\\\/terapia-de-pareja\\\/#primaryimage\"},\"thumbnailUrl\":\"https:\\\/\\\/psychologywithinreach.com\\\/wp-content\\\/uploads\\\/terapia-pareja-dos.jpg\",\"datePublished\":\"2021-12-20T17:07:54+00:00\",\"dateModified\":\"2024-12-28T19:27:29+00:00\",\"breadcrumb\":{\"@id\":\"https:\\\/\\\/psychologywithinreach.com\\\/es\\\/por-venir\\\/terapia-de-pareja\\\/#breadcrumb\"},\"inLanguage\":\"es\",\"potentialAction\":[{\"@type\":\"ReadAction\",\"target\":[\"https:\\\/\\\/psychologywithinreach.com\\\/es\\\/por-venir\\\/terapia-de-pareja\\\/\"]}]},{\"@type\":\"ImageObject\",\"inLanguage\":\"es\",\"@id\":\"https:\\\/\\\/psychologywithinreach.com\\\/es\\\/por-venir\\\/terapia-de-pareja\\\/#primaryimage\",\"url\":\"https:\\\/\\\/psychologywithinreach.com\\\/wp-content\\\/uploads\\\/terapia-pareja-dos.jpg\",\"contentUrl\":\"https:\\\/\\\/psychologywithinreach.com\\\/wp-content\\\/uploads\\\/terapia-pareja-dos.jpg\"},{\"@type\":\"BreadcrumbList\",\"@id\":\"https:\\\/\\\/psychologywithinreach.com\\\/es\\\/por-venir\\\/terapia-de-pareja\\\/#breadcrumb\",\"itemListElement\":[{\"@type\":\"ListItem\",\"position\":1,\"name\":\"Portada\",\"item\":\"https:\\\/\\\/psychologywithinreach.com\\\/es\\\/\"},{\"@type\":\"ListItem\",\"position\":2,\"name\":\"Por-venir\",\"item\":\"https:\\\/\\\/psychologywithinreach.com\\\/es\\\/por-venir\\\/\"},{\"@type\":\"ListItem\",\"position\":3,\"name\":\"Terapia de pareja\"}]},{\"@type\":\"WebSite\",\"@id\":\"https:\\\/\\\/psychologywithinreach.com\\\/#website\",\"url\":\"https:\\\/\\\/psychologywithinreach.com\\\/\",\"name\":\"psychologywithinreach.com\",\"description\":\"Psychology within Reach offers psychological support in English and Spanish, especially aimed at expats and intercultural couples in transition through different parts of the world.\",\"publisher\":{\"@id\":\"https:\\\/\\\/psychologywithinreach.com\\\/#organization\"},\"potentialAction\":[{\"@type\":\"SearchAction\",\"target\":{\"@type\":\"EntryPoint\",\"urlTemplate\":\"https:\\\/\\\/psychologywithinreach.com\\\/?s={search_term_string}\"},\"query-input\":{\"@type\":\"PropertyValueSpecification\",\"valueRequired\":true,\"valueName\":\"search_term_string\"}}],\"inLanguage\":\"es\"},{\"@type\":\"Organization\",\"@id\":\"https:\\\/\\\/psychologywithinreach.com\\\/#organization\",\"name\":\"Psychology within Reach\",\"url\":\"https:\\\/\\\/psychologywithinreach.com\\\/\",\"logo\":{\"@type\":\"ImageObject\",\"inLanguage\":\"es\",\"@id\":\"https:\\\/\\\/psychologywithinreach.com\\\/#\\\/schema\\\/logo\\\/image\\\/\",\"url\":\"https:\\\/\\\/psychologywithinreach.com\\\/wp-content\\\/uploads\\\/logo-azul-fondo-blanco-scaled.jpg\",\"contentUrl\":\"https:\\\/\\\/psychologywithinreach.com\\\/wp-content\\\/uploads\\\/logo-azul-fondo-blanco-scaled.jpg\",\"width\":2560,\"height\":1362,\"caption\":\"Psychology within Reach\"},\"image\":{\"@id\":\"https:\\\/\\\/psychologywithinreach.com\\\/#\\\/schema\\\/logo\\\/image\\\/\"},\"sameAs\":[\"https:\\\/\\\/www.facebook.com\\\/psychologywithinreach\\\/\",\"https:\\\/\\\/www.instagram.com\\\/psychology_within_reach\\\/\",\"https:\\\/\\\/www.linkedin.com\\\/in\\\/nuria-maldonado-bellido-2a16ab6\\\/\"]}]}<\/script>\n<!-- \/ Yoast SEO plugin. -->","yoast_head_json":{"title":"Terapia de pareja - Psychology within Reach","robots":{"index":"index","follow":"follow","max-snippet":"max-snippet:-1","max-image-preview":"max-image-preview:large","max-video-preview":"max-video-preview:-1"},"canonical":"https:\/\/psychologywithinreach.com\/es\/por-venir\/terapia-de-pareja\/","og_locale":"es_ES","og_type":"article","og_title":"Terapia de pareja - Psychology within Reach","og_description":"Comprender, conectar y crecer La terapia de pareja es un espacio donde no solo trabajamos las dificultades compartidas en la relaci\u00f3n, sino tambi\u00e9n exploramos las historias individuales, expectativas y desaf\u00edos que cada persona aporta a la din\u00e1mica. Inspir\u00e1ndome en enfoques humanistas como los del Instituto Gottman, Bren\u00e9 Brown y Esther Perel, mi objetivo es ayudar ... Leer m\u00e1s","og_url":"https:\/\/psychologywithinreach.com\/es\/por-venir\/terapia-de-pareja\/","og_site_name":"Psychology within Reach","article_publisher":"https:\/\/www.facebook.com\/psychologywithinreach\/","article_modified_time":"2024-12-28T19:27:29+00:00","og_image":[{"width":900,"height":600,"url":"https:\/\/psychologywithinreach.com\/wp-content\/uploads\/terapia-pareja-dos.jpg","type":"image\/jpeg"}],"twitter_card":"summary_large_image","twitter_misc":{"Tiempo de lectura":"6 minutos"},"schema":{"@context":"https:\/\/schema.org","@graph":[{"@type":"WebPage","@id":"https:\/\/psychologywithinreach.com\/es\/por-venir\/terapia-de-pareja\/","url":"https:\/\/psychologywithinreach.com\/es\/por-venir\/terapia-de-pareja\/","name":"Terapia de pareja - Psychology within Reach","isPartOf":{"@id":"https:\/\/psychologywithinreach.com\/#website"},"primaryImageOfPage":{"@id":"https:\/\/psychologywithinreach.com\/es\/por-venir\/terapia-de-pareja\/#primaryimage"},"image":{"@id":"https:\/\/psychologywithinreach.com\/es\/por-venir\/terapia-de-pareja\/#primaryimage"},"thumbnailUrl":"https:\/\/psychologywithinreach.com\/wp-content\/uploads\/terapia-pareja-dos.jpg","datePublished":"2021-12-20T17:07:54+00:00","dateModified":"2024-12-28T19:27:29+00:00","breadcrumb":{"@id":"https:\/\/psychologywithinreach.com\/es\/por-venir\/terapia-de-pareja\/#breadcrumb"},"inLanguage":"es","potentialAction":[{"@type":"ReadAction","target":["https:\/\/psychologywithinreach.com\/es\/por-venir\/terapia-de-pareja\/"]}]},{"@type":"ImageObject","inLanguage":"es","@id":"https:\/\/psychologywithinreach.com\/es\/por-venir\/terapia-de-pareja\/#primaryimage","url":"https:\/\/psychologywithinreach.com\/wp-content\/uploads\/terapia-pareja-dos.jpg","contentUrl":"https:\/\/psychologywithinreach.com\/wp-content\/uploads\/terapia-pareja-dos.jpg"},{"@type":"BreadcrumbList","@id":"https:\/\/psychologywithinreach.com\/es\/por-venir\/terapia-de-pareja\/#breadcrumb","itemListElement":[{"@type":"ListItem","position":1,"name":"Portada","item":"https:\/\/psychologywithinreach.com\/es\/"},{"@type":"ListItem","position":2,"name":"Por-venir","item":"https:\/\/psychologywithinreach.com\/es\/por-venir\/"},{"@type":"ListItem","position":3,"name":"Terapia de pareja"}]},{"@type":"WebSite","@id":"https:\/\/psychologywithinreach.com\/#website","url":"https:\/\/psychologywithinreach.com\/","name":"psychologywithinreach.com","description":"Psychology within Reach offers psychological support in English and Spanish, especially aimed at expats and intercultural couples in transition through different parts of the world.","publisher":{"@id":"https:\/\/psychologywithinreach.com\/#organization"},"potentialAction":[{"@type":"SearchAction","target":{"@type":"EntryPoint","urlTemplate":"https:\/\/psychologywithinreach.com\/?s={search_term_string}"},"query-input":{"@type":"PropertyValueSpecification","valueRequired":true,"valueName":"search_term_string"}}],"inLanguage":"es"},{"@type":"Organization","@id":"https:\/\/psychologywithinreach.com\/#organization","name":"Psychology within Reach","url":"https:\/\/psychologywithinreach.com\/","logo":{"@type":"ImageObject","inLanguage":"es","@id":"https:\/\/psychologywithinreach.com\/#\/schema\/logo\/image\/","url":"https:\/\/psychologywithinreach.com\/wp-content\/uploads\/logo-azul-fondo-blanco-scaled.jpg","contentUrl":"https:\/\/psychologywithinreach.com\/wp-content\/uploads\/logo-azul-fondo-blanco-scaled.jpg","width":2560,"height":1362,"caption":"Psychology within Reach"},"image":{"@id":"https:\/\/psychologywithinreach.com\/#\/schema\/logo\/image\/"},"sameAs":["https:\/\/www.facebook.com\/psychologywithinreach\/","https:\/\/www.instagram.com\/psychology_within_reach\/","https:\/\/www.linkedin.com\/in\/nuria-maldonado-bellido-2a16ab6\/"]}]}},"uagb_featured_image_src":{"full":false,"thumbnail":false,"medium":false,"medium_large":false,"large":false,"1536x1536":false,"2048x2048":false},"uagb_author_info":{"display_name":"desarrollo","author_link":"https:\/\/psychologywithinreach.com\/es\/author\/desarrollo\/"},"uagb_comment_info":0,"uagb_excerpt":"Comprender, conectar y crecer La terapia de pareja es un espacio donde no solo trabajamos las dificultades compartidas en la relaci\u00f3n, sino tambi\u00e9n exploramos las historias individuales, expectativas y desaf\u00edos que cada persona aporta a la din\u00e1mica. Inspir\u00e1ndome en enfoques humanistas como los del Instituto Gottman, Bren\u00e9 Brown y Esther Perel, mi objetivo es ayudar&hellip;","_links":{"self":[{"href":"https:\/\/psychologywithinreach.com\/es\/wp-json\/wp\/v2\/pages\/2580","targetHints":{"allow":["GET"]}}],"collection":[{"href":"https:\/\/psychologywithinreach.com\/es\/wp-json\/wp\/v2\/pages"}],"about":[{"href":"https:\/\/psychologywithinreach.com\/es\/wp-json\/wp\/v2\/types\/page"}],"author":[{"embeddable":true,"href":"https:\/\/psychologywithinreach.com\/es\/wp-json\/wp\/v2\/users\/2"}],"replies":[{"embeddable":true,"href":"https:\/\/psychologywithinreach.com\/es\/wp-json\/wp\/v2\/comments?post=2580"}],"version-history":[{"count":7,"href":"https:\/\/psychologywithinreach.com\/es\/wp-json\/wp\/v2\/pages\/2580\/revisions"}],"predecessor-version":[{"id":3671,"href":"https:\/\/psychologywithinreach.com\/es\/wp-json\/wp\/v2\/pages\/2580\/revisions\/3671"}],"up":[{"embeddable":true,"href":"https:\/\/psychologywithinreach.com\/es\/wp-json\/wp\/v2\/pages\/91"}],"wp:attachment":[{"href":"https:\/\/psychologywithinreach.com\/es\/wp-json\/wp\/v2\/media?parent=2580"}],"curies":[{"name":"wp","href":"https:\/\/api.w.org\/{rel}","templated":true}]}}