{"id":3,"date":"2021-06-08T14:34:20","date_gmt":"2021-06-08T12:34:20","guid":{"rendered":"https:\/\/psychologywithinreach.com\/?page_id=3"},"modified":"2023-12-11T15:28:39","modified_gmt":"2023-12-11T14:28:39","slug":"politica-privacidad","status":"publish","type":"page","link":"https:\/\/psychologywithinreach.com\/es\/politica-privacidad\/","title":{"rendered":"Pol\u00edtica de privacidad"},"content":{"rendered":"\n<p>Como profesionales de la salud, tenemos la obligaci\u00f3n legal de mantener un expediente de cada paciente que atendemos. Este archivo contiene informaci\u00f3n que es esencial para brindar atenci\u00f3n de calidad y\/o para realizar una evaluaci\u00f3n bien fundada.<\/p>\n\n\n\n<p>En el contexto de nuestros servicios, procesamos tus datos personales y hemos elaborado esta declaraci\u00f3n de privacidad para informarte sobre c\u00f3mo manejamos nuestro compromiso con su privacidad.<\/p>\n\n\n\n<p><strong>DATOS DE CONTACTO<\/strong><\/p>\n\n\n\n<p>Los datos personales son tratados por:<\/p>\n\n\n\n<p>Psychology within Reach, empresa unipersonal, C\u00e1mara de Comercio n\u00ba 66848687<\/p>\n\n\n\n<p>Vuurvlindersingel 403 3544DB Utrecht. Pa\u00edses Bajos<\/p>\n\n\n\n<p>+31(0)306368981 <a href=\"mailto:info@psychologywithinreach.com\" target=\"_blank\" rel=\"noreferrer noopener\">info@psychologywithinreach.com<\/a><\/p>\n\n\n\n<p>Psychology within Reach obtiene datos personales directamente proporcionados por ti, por ejemplo, los datos que nos facilitas a trav\u00e9s del sitio web, correo electr\u00f3nico, tel\u00e9fono y aplicaciones online. Asimismo, nos es posible obtener ciertos datos personales indirectamente (p.ej. v\u00eda Vecozo), en el contexto de nuestros servicios.<\/p>\n\n\n\n<p><strong>DATOS PERSONALES<\/strong><\/p>\n\n\n\n<p><strong>Psychology within Reach procesa las siguientes categor\u00edas de datos personales:<\/strong><\/p>\n\n\n\n<p>Detalles del nombre y la direcci\u00f3n<br>Informaci\u00f3n de contacto, como direcci\u00f3n de correo electr\u00f3nico y n\u00fameros de tel\u00e9fono<br>Fecha y lugar de nacimiento<br>Sexo<br>Raza\/etnia<br>BSN (s\u00f3lo tratamientos en Pa\u00edses Bajos seg\u00fan la <a href=\"https:\/\/wetten.overheid.nl\/BWBR0023864\/2019-07-01\" target=\"_blank\" rel=\"noreferrer noopener\">Wbsn-z<\/a>)<br>Contenido de la comunicaci\u00f3n<br>Direcci\u00f3n IP<br>Transaccional sobre m\u00e9todos de pago<br>Informaci\u00f3n m\u00e9dica y relacionada con la salud incluida en el expediente de cada paciente<\/p>\n\n\n\n<p><strong>PROP\u00d3SITOS<\/strong><\/p>\n\n\n\n<p>Psychology within Reach procesa estos datos personales para diversos fines, tales como:<\/p>\n\n\n\n<p>Mantener el contacto;<br>Proporcionar una buena atenci\u00f3n;<br>Realizaci\u00f3n de labores administrativas;<br>Mejora del servicio;<br>Facturaci\u00f3n;<br>Recaudaci\u00f3n de fondos y adopci\u00f3n de medidas de recaudaci\u00f3n;<br>Cumplimiento de obligaciones legales;<br>Gesti\u00f3n de disputas.<\/p>\n\n\n\n<p><strong>FUNDAMENTOS JUR\u00cdDICOS<\/strong><\/p>\n\n\n\n<p>Tratamos determinados datos personales con la finalidad de implementar nuestro acuerdo de tratamiento contigo, o para poder cumplir con una obligaci\u00f3n legal (Ley Org\u00e1nica 15\/1999, de 13 de diciembre y Ley holandesa de Acuerdo de Tratamiento M\u00e9dico o WGBO).<\/p>\n\n\n\n<p>Tambi\u00e9n procesamos datos personales porque Psychology within Reach tiene intereses leg\u00edtimos para ello. Estos intereses leg\u00edtimos son:<\/p>\n\n\n\n<p>Ser capaz de prestar sus servicios de la manera m\u00e1s eficiente posible;<br>La protecci\u00f3n de sus intereses financieros;<br>La mejora de sus servicios;<br>Seguridad y gesti\u00f3n de sus sistemas;<\/p>\n\n\n\n<p>Si los datos personales se procesan sobre la base del consentimiento, esto se solicitar\u00e1 por separado.<\/p>\n\n\n\n<p><strong>PROVISI\u00d3N A TERCERAS PARTES<\/strong><\/p>\n\n\n\n<p>Como profesionales de la salud tenemos un deber de confidencialidad. Esto significa que solo hablamos de ti con otros con su consentimiento expl\u00edcito. Tan s\u00f3lo en casos especiales la ley nos da el derecho de proporcionar informaci\u00f3n sin tu consentimiento. Y en tales casos, como regla general, tambi\u00e9n nos comunicaremos primero contigo para discutirlo. S\u00f3lo omitiremos este paso si creemos que los intereses y la seguridad de otras personas, por ejemplo, menores a tu cargo, pudieran estar siendo da\u00f1ados.<\/p>\n\n\n\n<p>En el contexto de sus servicios, Psychology within Reach puede intercambiar datos personales. Psychology within Reach puede utilizar servicios de terceras partes para los fines antes mencionados, como las empresas proveedoras de TI de nuestro sitio web y nuestros sistemas inform\u00e1ticos. Estas terceras partes solo pueden procesar tus datos personales para los fines antes mencionados.<\/p>\n\n\n\n<p>Por \u00faltimo, Psychology within Reach no facilitar\u00e1 tus datos con fines comerciales o ben\u00e9ficos.<\/p>\n\n\n\n<p><strong>TRANSFERENCIA DE TUS DATOS FUERA DEL ESPACIO ECON\u00d3MICO EUROPEO (EEE)<\/strong><\/p>\n\n\n\n<p>Aunque no entablamos contacto directo con pacientes a trav\u00e9s de las redes sociales, Psychology within Reach y quienes trabajan bajo esta firma mantienen perfiles en Facebook, LinkedIn e Instagram para ganar visibilidad entre sus pacientes potenciales.<\/p>\n\n\n\n<p>Del mismo modo, cuando se utiliza Stripe, herramientas de Microsoft Office (por ejemplo, Teams) o Google Analytics en el contacto contigo, tus datos personales pueden procesarse fuera del EEE. Estas partes est\u00e1n certificadas como \u00abEU-US Privacy Shield\u00bb, por lo que cumplir\u00e1n con las regulaciones de privacidad europeas.<\/p>\n\n\n\n<p><strong>CU\u00c1NTO TIEMPO CONSERVAMOS TUS DATOS<\/strong><\/p>\n\n\n\n<p>Psychology within Reach no procesar\u00e1 tus datos personales durante m\u00e1s tiempo del necesario para los fines establecidos en esta declaraci\u00f3n de privacidad. Esto significa que tus datos personales se conservar\u00e1n durante el tiempo que sean necesarios para lograr los fines pertinentes.<\/p>\n\n\n\n<p>Ciertos datos deben conservarse durante m\u00e1s tiempo, porque Psychology within Reach debe cumplir con las obligaciones legales de retenci\u00f3n, como la obligaci\u00f3n de retenci\u00f3n de impuestos y la Ley de Acuerdo de Tratamiento M\u00e9dico. El per\u00edodo de retenci\u00f3n para los datos m\u00e9dicos es de 20 a\u00f1os y para los datos financieros de 7 a\u00f1os.<\/p>\n\n\n\n<p><strong>C\u00d3MO PROTEGEMOS TU INFORMACI\u00d3N<\/strong><\/p>\n\n\n\n<p>Creemos que es importante que tus datos personales est\u00e9n protegidos contra la p\u00e9rdida o el acceso no autorizado a los mismos.<\/p>\n\n\n\n<p>Es por ello que en Psychology within Reach hemos tomado las medidas de seguridad apropiadas, tales como mantener copias de seguridad peri\u00f3dicas de los datos que procesamos, mantener actualizado el software antivirus y nuestros certificados SSL, activar la autenticaci\u00f3n de dos factores en todos los sistemas que lo permiten y trabajar solo con empresas (a saber, Dasi eClinic, <a href=\"https:\/\/simplybook.me\/en\/legal\/security\" target=\"_blank\" rel=\"noreferrer noopener\">SimplyBook.me<\/a> y cualquier otra empresa de TI implicada en la gesti\u00f3n de nuestros servicios), que se adhieren a los m\u00e1s altos est\u00e1ndares de seguridad.<\/p>\n\n\n\n<p><strong>PERFILES<\/strong><\/p>\n\n\n\n<p>Algunas de nuestras herramientas tambi\u00e9n realizan an\u00e1lisis de comportamiento de la informaci\u00f3n recopilada. Esta informaci\u00f3n puede ser utilizada para mejorar nuestra oferta de servicios.<\/p>\n\n\n\n<p><strong>COOKIES<\/strong><\/p>\n\n\n\n<p>Las cookies se utilizan en el sitio web para mejorar los servicios en l\u00ednea. Las cookies procesan tu direcci\u00f3n IP y la informaci\u00f3n del sistema de su dispositivo. Para obtener m\u00e1s informaci\u00f3n sobre estas cookies, all\u00e1 donde entran en juego hemos activados los pertinentes avisos.<\/p>\n\n\n\n<p><strong>TUS DERECHOS<\/strong><\/p>\n\n\n\n<p>Tienes derecho a realizar una solicitud a Psychology within Reach de acceso a tus datos personales. Despu\u00e9s de recibir tu solicitud, recibir\u00e1s una descripci\u00f3n general de tus datos personales en el plazo de 1 mes. Si esto revela inexactitudes, puedes solicitar que tus datos se ajusten, complementen, eliminen (dentro de los l\u00edmites del art.17 RGPD) o se restrinja su procesamiento.<\/p>\n\n\n\n<p>Si no est\u00e1s de acuerdo con la informaci\u00f3n incluida en tu expediente, puedes solicitarnos que agreguemos tu propia declaraci\u00f3n (su opini\u00f3n) al mismo.<\/p>\n\n\n\n<p>Tambi\u00e9n puedes solicitar a Psychology within Reach la transferencia de tus datos personales o puedes oponerte al procesamiento de los mismos, cuando se den circunstancias personales especiales.<\/p>\n\n\n\n<p>Las preguntas sobre esta declaraci\u00f3n de privacidad o una solicitud sobre el procesamiento de tus datos personales se pueden enviar a:<\/p>\n\n\n\n<p>Nuria Maldonado Bellido, psic\u00f3loga licenciada y fundadora de Psychology within Reach<\/p>\n\n\n\n<p>Vuurvlindersingel 403, 3544 DB Utrecht. Pa\u00edses Bajos. +31(0)306368981, <a href=\"mailto:info@psychologywithinreach.com\" target=\"_blank\" rel=\"noreferrer noopener\">info@psychologywithinreach.com<\/a><\/p>\n\n\n\n<p>Si tienes alguna queja sobre el procesamiento de tus datos personales por parte de Psychology within Reach, h\u00e1znoslo saber. Si no llegamos a un acuerdo, tienes derecho a presentar una queja ante el ente regulador de privacidad. En los Pa\u00edses Bajos puedes ponerte en contacto con la <a rel=\"noreferrer noopener\" href=\"https:\/\/autoriteitpersoonsgegevens.nl\/nl\/zelf-doen\/gebruik-uw-privacyrechten\/klacht-melden-bij-de-ap\" target=\"_blank\">Autoridad Holandesa de Protecci\u00f3n de Datos para ell<\/a>o.<\/p>\n\n\n\n<p><strong>CAMBIOS EN LA DECLARACI\u00d3N DE PRIVACIDAD<\/strong><\/p>\n\n\n\n<p>Esta declaraci\u00f3n de privacidad fue modificada por \u00faltima vez el 1 de enero de 2023.<\/p>\n\n\n\n<p>Psychology within Reach puede ajustar esta declaraci\u00f3n de privacidad. Las nuevas versiones siempre se publican en el sitio web. Por lo tanto, te aconsejamos que consultes esta declaraci\u00f3n regularmente, para que est\u00e9s al tanto de los posibles cambios.<\/p>\n\n\n\n<div style=\"height:100px\" aria-hidden=\"true\" class=\"wp-block-spacer\"><\/div>\n","protected":false},"excerpt":{"rendered":"<p>Como profesionales de la salud, tenemos la obligaci\u00f3n legal de mantener un expediente de cada paciente que atendemos. Este archivo contiene informaci\u00f3n que es esencial para brindar atenci\u00f3n de calidad y\/o para realizar una evaluaci\u00f3n bien fundada. En el contexto de nuestros servicios, procesamos tus datos personales y hemos elaborado esta declaraci\u00f3n de privacidad para &#8230; <a title=\"Pol\u00edtica de privacidad\" class=\"read-more\" href=\"https:\/\/psychologywithinreach.com\/es\/politica-privacidad\/\" aria-label=\"Leer m\u00e1s sobre Pol\u00edtica de privacidad\">Leer m\u00e1s<\/a><\/p>\n","protected":false},"author":1,"featured_media":0,"parent":0,"menu_order":0,"comment_status":"closed","ping_status":"open","template":"","meta":{"_acf_changed":false,"inline_featured_image":false,"_uag_custom_page_level_css":"","footnotes":""},"class_list":["post-3","page","type-page","status-publish"],"acf":[],"yoast_head":"<!-- This site is optimized with the Yoast SEO plugin v27.4 - https:\/\/yoast.com\/product\/yoast-seo-wordpress\/ -->\n<title>Pol\u00edtica de privacidad - Psychology within Reach<\/title>\n<meta name=\"robots\" content=\"noindex, follow\" \/>\n<meta property=\"og:locale\" content=\"es_ES\" \/>\n<meta property=\"og:type\" content=\"article\" \/>\n<meta property=\"og:title\" content=\"Pol\u00edtica de privacidad - Psychology within Reach\" \/>\n<meta property=\"og:description\" content=\"Como profesionales de la salud, tenemos la obligaci\u00f3n legal de mantener un expediente de cada paciente que atendemos. Este archivo contiene informaci\u00f3n que es esencial para brindar atenci\u00f3n de calidad y\/o para realizar una evaluaci\u00f3n bien fundada. En el contexto de nuestros servicios, procesamos tus datos personales y hemos elaborado esta declaraci\u00f3n de privacidad para ... Leer m\u00e1s\" \/>\n<meta property=\"og:url\" content=\"https:\/\/psychologywithinreach.com\/es\/politica-privacidad\/\" \/>\n<meta property=\"og:site_name\" content=\"Psychology within Reach\" \/>\n<meta property=\"article:publisher\" content=\"https:\/\/www.facebook.com\/psychologywithinreach\/\" \/>\n<meta property=\"article:modified_time\" content=\"2023-12-11T14:28:39+00:00\" \/>\n<meta name=\"twitter:card\" content=\"summary_large_image\" \/>\n<meta name=\"twitter:label1\" content=\"Tiempo de lectura\" \/>\n\t<meta name=\"twitter:data1\" content=\"6 minutos\" \/>\n<script type=\"application\/ld+json\" class=\"yoast-schema-graph\">{\"@context\":\"https:\\\/\\\/schema.org\",\"@graph\":[{\"@type\":\"WebPage\",\"@id\":\"https:\\\/\\\/psychologywithinreach.com\\\/es\\\/politica-privacidad\\\/\",\"url\":\"https:\\\/\\\/psychologywithinreach.com\\\/es\\\/politica-privacidad\\\/\",\"name\":\"Pol\u00edtica de privacidad - Psychology within Reach\",\"isPartOf\":{\"@id\":\"https:\\\/\\\/psychologywithinreach.com\\\/#website\"},\"datePublished\":\"2021-06-08T12:34:20+00:00\",\"dateModified\":\"2023-12-11T14:28:39+00:00\",\"breadcrumb\":{\"@id\":\"https:\\\/\\\/psychologywithinreach.com\\\/es\\\/politica-privacidad\\\/#breadcrumb\"},\"inLanguage\":\"es\",\"potentialAction\":[{\"@type\":\"ReadAction\",\"target\":[\"https:\\\/\\\/psychologywithinreach.com\\\/es\\\/politica-privacidad\\\/\"]}]},{\"@type\":\"BreadcrumbList\",\"@id\":\"https:\\\/\\\/psychologywithinreach.com\\\/es\\\/politica-privacidad\\\/#breadcrumb\",\"itemListElement\":[{\"@type\":\"ListItem\",\"position\":1,\"name\":\"Portada\",\"item\":\"https:\\\/\\\/psychologywithinreach.com\\\/es\\\/\"},{\"@type\":\"ListItem\",\"position\":2,\"name\":\"Pol\u00edtica de privacidad\"}]},{\"@type\":\"WebSite\",\"@id\":\"https:\\\/\\\/psychologywithinreach.com\\\/#website\",\"url\":\"https:\\\/\\\/psychologywithinreach.com\\\/\",\"name\":\"psychologywithinreach.com\",\"description\":\"Psychology within Reach offers psychological support in English and Spanish, especially aimed at expats and intercultural couples in transition through different parts of the world.\",\"publisher\":{\"@id\":\"https:\\\/\\\/psychologywithinreach.com\\\/#organization\"},\"potentialAction\":[{\"@type\":\"SearchAction\",\"target\":{\"@type\":\"EntryPoint\",\"urlTemplate\":\"https:\\\/\\\/psychologywithinreach.com\\\/?s={search_term_string}\"},\"query-input\":{\"@type\":\"PropertyValueSpecification\",\"valueRequired\":true,\"valueName\":\"search_term_string\"}}],\"inLanguage\":\"es\"},{\"@type\":\"Organization\",\"@id\":\"https:\\\/\\\/psychologywithinreach.com\\\/#organization\",\"name\":\"Psychology within Reach\",\"url\":\"https:\\\/\\\/psychologywithinreach.com\\\/\",\"logo\":{\"@type\":\"ImageObject\",\"inLanguage\":\"es\",\"@id\":\"https:\\\/\\\/psychologywithinreach.com\\\/#\\\/schema\\\/logo\\\/image\\\/\",\"url\":\"https:\\\/\\\/psychologywithinreach.com\\\/wp-content\\\/uploads\\\/logo-azul-fondo-blanco-scaled.jpg\",\"contentUrl\":\"https:\\\/\\\/psychologywithinreach.com\\\/wp-content\\\/uploads\\\/logo-azul-fondo-blanco-scaled.jpg\",\"width\":2560,\"height\":1362,\"caption\":\"Psychology within Reach\"},\"image\":{\"@id\":\"https:\\\/\\\/psychologywithinreach.com\\\/#\\\/schema\\\/logo\\\/image\\\/\"},\"sameAs\":[\"https:\\\/\\\/www.facebook.com\\\/psychologywithinreach\\\/\",\"https:\\\/\\\/www.instagram.com\\\/psychology_within_reach\\\/\",\"https:\\\/\\\/www.linkedin.com\\\/in\\\/nuria-maldonado-bellido-2a16ab6\\\/\"]}]}<\/script>\n<!-- \/ Yoast SEO plugin. -->","yoast_head_json":{"title":"Pol\u00edtica de privacidad - Psychology within Reach","robots":{"index":"noindex","follow":"follow"},"og_locale":"es_ES","og_type":"article","og_title":"Pol\u00edtica de privacidad - Psychology within Reach","og_description":"Como profesionales de la salud, tenemos la obligaci\u00f3n legal de mantener un expediente de cada paciente que atendemos. Este archivo contiene informaci\u00f3n que es esencial para brindar atenci\u00f3n de calidad y\/o para realizar una evaluaci\u00f3n bien fundada. En el contexto de nuestros servicios, procesamos tus datos personales y hemos elaborado esta declaraci\u00f3n de privacidad para ... Leer m\u00e1s","og_url":"https:\/\/psychologywithinreach.com\/es\/politica-privacidad\/","og_site_name":"Psychology within Reach","article_publisher":"https:\/\/www.facebook.com\/psychologywithinreach\/","article_modified_time":"2023-12-11T14:28:39+00:00","twitter_card":"summary_large_image","twitter_misc":{"Tiempo de lectura":"6 minutos"},"schema":{"@context":"https:\/\/schema.org","@graph":[{"@type":"WebPage","@id":"https:\/\/psychologywithinreach.com\/es\/politica-privacidad\/","url":"https:\/\/psychologywithinreach.com\/es\/politica-privacidad\/","name":"Pol\u00edtica de privacidad - Psychology within Reach","isPartOf":{"@id":"https:\/\/psychologywithinreach.com\/#website"},"datePublished":"2021-06-08T12:34:20+00:00","dateModified":"2023-12-11T14:28:39+00:00","breadcrumb":{"@id":"https:\/\/psychologywithinreach.com\/es\/politica-privacidad\/#breadcrumb"},"inLanguage":"es","potentialAction":[{"@type":"ReadAction","target":["https:\/\/psychologywithinreach.com\/es\/politica-privacidad\/"]}]},{"@type":"BreadcrumbList","@id":"https:\/\/psychologywithinreach.com\/es\/politica-privacidad\/#breadcrumb","itemListElement":[{"@type":"ListItem","position":1,"name":"Portada","item":"https:\/\/psychologywithinreach.com\/es\/"},{"@type":"ListItem","position":2,"name":"Pol\u00edtica de privacidad"}]},{"@type":"WebSite","@id":"https:\/\/psychologywithinreach.com\/#website","url":"https:\/\/psychologywithinreach.com\/","name":"psychologywithinreach.com","description":"Psychology within Reach offers psychological support in English and Spanish, especially aimed at expats and intercultural couples in transition through different parts of the world.","publisher":{"@id":"https:\/\/psychologywithinreach.com\/#organization"},"potentialAction":[{"@type":"SearchAction","target":{"@type":"EntryPoint","urlTemplate":"https:\/\/psychologywithinreach.com\/?s={search_term_string}"},"query-input":{"@type":"PropertyValueSpecification","valueRequired":true,"valueName":"search_term_string"}}],"inLanguage":"es"},{"@type":"Organization","@id":"https:\/\/psychologywithinreach.com\/#organization","name":"Psychology within Reach","url":"https:\/\/psychologywithinreach.com\/","logo":{"@type":"ImageObject","inLanguage":"es","@id":"https:\/\/psychologywithinreach.com\/#\/schema\/logo\/image\/","url":"https:\/\/psychologywithinreach.com\/wp-content\/uploads\/logo-azul-fondo-blanco-scaled.jpg","contentUrl":"https:\/\/psychologywithinreach.com\/wp-content\/uploads\/logo-azul-fondo-blanco-scaled.jpg","width":2560,"height":1362,"caption":"Psychology within Reach"},"image":{"@id":"https:\/\/psychologywithinreach.com\/#\/schema\/logo\/image\/"},"sameAs":["https:\/\/www.facebook.com\/psychologywithinreach\/","https:\/\/www.instagram.com\/psychology_within_reach\/","https:\/\/www.linkedin.com\/in\/nuria-maldonado-bellido-2a16ab6\/"]}]}},"uagb_featured_image_src":{"full":false,"thumbnail":false,"medium":false,"medium_large":false,"large":false,"1536x1536":false,"2048x2048":false},"uagb_author_info":{"display_name":"jose","author_link":"https:\/\/psychologywithinreach.com\/es\/author\/jose\/"},"uagb_comment_info":0,"uagb_excerpt":"Como profesionales de la salud, tenemos la obligaci\u00f3n legal de mantener un expediente de cada paciente que atendemos. Este archivo contiene informaci\u00f3n que es esencial para brindar atenci\u00f3n de calidad y\/o para realizar una evaluaci\u00f3n bien fundada. En el contexto de nuestros servicios, procesamos tus datos personales y hemos elaborado esta declaraci\u00f3n de privacidad para&hellip;","_links":{"self":[{"href":"https:\/\/psychologywithinreach.com\/es\/wp-json\/wp\/v2\/pages\/3","targetHints":{"allow":["GET"]}}],"collection":[{"href":"https:\/\/psychologywithinreach.com\/es\/wp-json\/wp\/v2\/pages"}],"about":[{"href":"https:\/\/psychologywithinreach.com\/es\/wp-json\/wp\/v2\/types\/page"}],"author":[{"embeddable":true,"href":"https:\/\/psychologywithinreach.com\/es\/wp-json\/wp\/v2\/users\/1"}],"replies":[{"embeddable":true,"href":"https:\/\/psychologywithinreach.com\/es\/wp-json\/wp\/v2\/comments?post=3"}],"version-history":[{"count":6,"href":"https:\/\/psychologywithinreach.com\/es\/wp-json\/wp\/v2\/pages\/3\/revisions"}],"predecessor-version":[{"id":3238,"href":"https:\/\/psychologywithinreach.com\/es\/wp-json\/wp\/v2\/pages\/3\/revisions\/3238"}],"wp:attachment":[{"href":"https:\/\/psychologywithinreach.com\/es\/wp-json\/wp\/v2\/media?parent=3"}],"curies":[{"name":"wp","href":"https:\/\/api.w.org\/{rel}","templated":true}]}}