{"id":597,"date":"2021-10-22T15:46:14","date_gmt":"2021-10-22T13:46:14","guid":{"rendered":"https:\/\/psychologywithinreach.com\/?page_id=597"},"modified":"2025-12-31T12:18:31","modified_gmt":"2025-12-31T11:18:31","slug":"ajuste-cultural-y-duelo-migratorio","status":"publish","type":"page","link":"https:\/\/psychologywithinreach.com\/es\/aqui-y-ahora\/ajuste-cultural-y-duelo-migratorio\/","title":{"rendered":"Ajuste cultural y duelo migratorio"},"content":{"rendered":"\n<div class=\"wp-block-group mainTitle\"><div class=\"wp-block-group__inner-container is-layout-flow wp-block-group-is-layout-flow\">\n<h2 class=\"wp-block-heading fina\">\u00bfQu\u00e9 sucede cuando deseas <strong>sentirte <em>en casa<\/em><\/strong> en un nuevo lugar, pero te encuentras en <strong>conflicto entre pertenecer y dejar atr\u00e1s una parte de ti<\/strong>?<\/h2>\n\n\n\n<p class=\"croSubtitle croInline\"><\/p>\n<\/div><\/div>\n\n\n\n<div class=\"wp-block-cover is-light\" style=\"min-height:363px;aspect-ratio:unset;\"><img loading=\"lazy\" decoding=\"async\" width=\"1400\" height=\"848\" class=\"wp-block-cover__image-background wp-image-1635\" alt=\"\" src=\"https:\/\/psychologywithinreach.com\/wp-content\/uploads\/shutterstock_1908943474.jpg\" style=\"object-position:51% 61%\" data-object-fit=\"cover\" data-object-position=\"51% 61%\" srcset=\"https:\/\/psychologywithinreach.com\/wp-content\/uploads\/shutterstock_1908943474.jpg 1400w, https:\/\/psychologywithinreach.com\/wp-content\/uploads\/shutterstock_1908943474-300x182.jpg 300w, https:\/\/psychologywithinreach.com\/wp-content\/uploads\/shutterstock_1908943474-1024x620.jpg 1024w, https:\/\/psychologywithinreach.com\/wp-content\/uploads\/shutterstock_1908943474-768x465.jpg 768w\" sizes=\"auto, (max-width: 1400px) 100vw, 1400px\" \/><span aria-hidden=\"true\" class=\"wp-block-cover__background has-background-dim-0 has-background-dim\"><\/span><div class=\"wp-block-cover__inner-container is-layout-flow wp-block-cover-is-layout-flow\">\n<p class=\"has-text-align-center has-large-font-size\"><\/p>\n<\/div><\/div>\n\n\n\n<div style=\"height:30px\" aria-hidden=\"true\" class=\"wp-block-spacer\"><\/div>\n\n\n\n<div class=\"wp-block-columns is-layout-flex wp-container-core-columns-is-layout-9d6595d7 wp-block-columns-is-layout-flex\">\n<div class=\"wp-block-column is-layout-flow wp-block-column-is-layout-flow\" style=\"flex-basis:50%\">\n<p>Al igual que en otros momentos vitales que requieren adaptarse al cambio, atravesar un proceso migratorio\u2014ya sea por necesidad o por elecci\u00f3n\u2014nos sit\u00faa en una serie de situaciones novedosas sin la red de apoyo y los recursos de los que hab\u00edamos disfrutado hasta ese momento.<\/p>\n\n\n\n<p>A veces, puede ser dif\u00edcil recibir apoyo de nuestra familia y amistades, si perciben que nuestra situaci\u00f3n es deseable y les cuesta imaginar los sacrificios o carencias que conlleva cada decisi\u00f3n. En otras ocasiones, ser\u00e1n los sentimientos de verg\u00fcenza o culpa los que nos impidan expresar nuestra necesidad de apoyo a quienes dejamos atr\u00e1s. Y en muchas m\u00e1s, simplemente ocultaremos nuestro sufrimiento para proteger a quienes queremos y evitar su preocupaci\u00f3n.<\/p>\n\n\n\n<p>Al mismo tiempo, puede resultarnos complicado llamar \u00abhogar\u00bb al nuevo lugar, debido a un sentido de lealtad hacia nuestras ra\u00edces o incluso al temor de desprendernos de nuestras tradiciones culturales. Esto puede representar un desaf\u00edo al momento de crear una red de apoyo en nuestro nuevo entorno.<\/p>\n<\/div>\n\n\n\n<div class=\"wp-block-column fondo-columna-patologias is-layout-flow wp-block-column-is-layout-flow\" style=\"flex-basis:50%\">\n<p>Adem\u00e1s, el encuentro con un paisaje nuevo, una cultura diferente, quiz\u00e1s un idioma desconocido o incluso actitudes discriminatorias, puede llevarnos a vivir un proceso de duelo similar al descrito para otro tipo de p\u00e9rdidas. Es en este contexto donde podemos sentir la necesidad de buscar apoyo profesional: alguien que entienda nuestra situaci\u00f3n y nos ayude, en un entorno seguro y compasivo, a construir un puente entre nuestros dos mundos.<\/p>\n\n\n\n<p>\u00bfTe resuena? Desc\u00e1rgate aqu\u00ed el <a href=\"https:\/\/psychologywithinreach.com\/wp-content\/uploads\/Migratory-Grief-Research-Study-Booklet.pdf\"><strong>folleto informativo<\/strong> <\/a>con todos los detalles sobre el estudio que estamos realizando en colaboraci\u00f3n con la Universidad de Sevilla.<\/p>\n\n\n\n<p>Para obtener m\u00e1s informaci\u00f3n sobre c\u00f3mo podemos ayudarte a tratar el duelo migratorio, haz clic a continuaci\u00f3n para concertar una cita informativa gratuita.<\/p>\n<\/div>\n<\/div>\n\n\n\n<div class=\"wp-block-group\"><div class=\"wp-block-group__inner-container is-layout-flow wp-block-group-is-layout-flow\">\n<div style=\"height:100px\" aria-hidden=\"true\" class=\"wp-block-spacer\"><\/div>\n\n\n\n<h2 class=\"wp-block-heading has-text-align-center has-text-color\" style=\"color:#336275\"><em>Un viaje de mil millas comienza con un primer paso<\/em><\/h2>\n\n\n\n<p class=\"has-text-align-center\">Te invito a conocerme y decidir si podr\u00eda ser una buena compa\u00f1era de camino.<\/p>\n\n\n\n<div style=\"height:20px\" aria-hidden=\"true\" class=\"wp-block-spacer\"><\/div>\n\n\n\n<div class=\"wp-block-buttons is-horizontal is-content-justification-center is-layout-flex wp-container-core-buttons-is-layout-499968f5 wp-block-buttons-is-layout-flex\">\n<div class=\"wp-block-button croButton2\"><a class=\"wp-block-button__link has-background wp-element-button\" href=\"https:\/\/psychologywithinreach.com\/es\/primer-contacto\/\" style=\"border-radius:50px;background-color:#68a9b0\">Primer contacto<\/a><\/div>\n<\/div>\n\n\n\n<div style=\"height:100px\" aria-hidden=\"true\" class=\"wp-block-spacer\"><\/div>\n<\/div><\/div>\n\n\n\n<div class=\"wp-block-group alignfull fondo-blanco has-base-3-background-color has-background\"><div class=\"wp-block-group__inner-container is-layout-flow wp-block-group-is-layout-flow\">\n<div style=\"height:60px\" aria-hidden=\"true\" class=\"wp-block-spacer\"><\/div>\n<\/div><\/div>\n\n\n\n<div class=\"wp-block-group alignfull fondo-blanco has-base-3-background-color has-background\"><div class=\"wp-block-group__inner-container is-layout-flow wp-block-group-is-layout-flow\">\n<div style=\"height:30px\" aria-hidden=\"true\" class=\"wp-block-spacer\"><\/div>\n\n\n\n<div class=\"wp-block-group alignfull fondo-blanco has-base-3-background-color has-background\"><div class=\"wp-block-group__inner-container is-layout-flow wp-block-group-is-layout-flow\">\n<div class=\"wp-block-columns croIcon3 is-layout-flex wp-container-core-columns-is-layout-9d6595d7 wp-block-columns-is-layout-flex\">\n<div class=\"wp-block-column is-layout-flow wp-block-column-is-layout-flow\"><div class=\"wp-block-image\">\n<figure class=\"aligncenter size-large is-resized\"><a href=\"\/es\/al-alcance\/\"><img decoding=\"async\" src=\"https:\/\/psychologywithinreach.com\/wp-content\/uploads\/icono-al-alcance.svg\" alt=\"\" class=\"wp-image-1170\" style=\"width:141px;height:75px\"\/><\/a><\/figure>\n<\/div>\n\n\n<h3 class=\"wp-block-heading has-text-align-center croTitle-3 has-text-color\" style=\"color:#d1cbc1\">Al alcance<\/h3>\n\n\n\n<p class=\"has-text-align-center croText\">Sobre m\u00ed y sobre c\u00f3mo mi consulta ofrece cuidado a la salud mental para acercar el sentido de hogar a nacionales e internacionales.<\/p>\n\n\n\n<div class=\"wp-block-buttons is-horizontal is-content-justification-center is-layout-flex wp-container-core-buttons-is-layout-499968f5 wp-block-buttons-is-layout-flex\">\n<div class=\"wp-block-button has-custom-width wp-block-button__width-75 croButton\"><a class=\"wp-block-button__link has-background wp-element-button\" href=\"\/es\/al-alcance\/\" style=\"border-radius:50px;background-color:#d1cbc1\">M\u00e1s sobre mi<\/a><\/div>\n<\/div>\n<\/div>\n\n\n\n<div class=\"wp-block-column cro3icon is-layout-flow wp-block-column-is-layout-flow\"><div class=\"wp-block-image\">\n<figure class=\"aligncenter size-large is-resized\"><a href=\"\/es\/antes-de-vernos\/\"><img decoding=\"async\" src=\"https:\/\/psychologywithinreach.com\/wp-content\/uploads\/icono-antes-de-vernos.svg\" alt=\"\" class=\"wp-image-1175\" style=\"width:141px;height:75px\"\/><\/a><\/figure>\n<\/div>\n\n\n<h3 class=\"wp-block-heading has-text-align-center croTitle-3 has-text-color\" style=\"color:#68a9b0\">Antes de vernos<\/h3>\n\n\n\n<p class=\"has-text-align-center croText\">Informaci\u00f3n pr\u00e1ctica antes de iniciar el proceso terap\u00e9utico, para que podamos establecer los l\u00edmites de nuestra relaci\u00f3n.<\/p>\n\n\n\n<div class=\"wp-block-buttons is-horizontal is-content-justification-center is-layout-flex wp-container-core-buttons-is-layout-499968f5 wp-block-buttons-is-layout-flex\">\n<div class=\"wp-block-button has-custom-width wp-block-button__width-75 croButton\"><a class=\"wp-block-button__link has-background wp-element-button\" href=\"\/es\/antes-de-vernos\/\" style=\"border-radius:50px;background-color:#68a9b0\">L\u00e9elo aqu\u00ed<\/a><\/div>\n<\/div>\n<\/div>\n\n\n\n<div class=\"wp-block-column cro3icon is-layout-flow wp-block-column-is-layout-flow\"><div class=\"wp-block-image\">\n<figure class=\"aligncenter size-large is-resized\"><a href=\"\/es\/aqui-y-ahora\/\"><img decoding=\"async\" src=\"https:\/\/psychologywithinreach.com\/wp-content\/uploads\/icono-aqui-y-ahora.svg\" alt=\"\" class=\"wp-image-1176\" style=\"width:150px;height:64px\"\/><\/a><\/figure>\n<\/div>\n\n\n<h3 class=\"wp-block-heading has-text-align-center croTitle-3 has-text-color\" style=\"color:#a07a8f\">Aqu\u00ed-y-ahora<\/h3>\n\n\n\n<p class=\"has-text-align-center croText\">El puente entre las diferentes formas de sufrimiento humano a las que nos enfrentamos y el apoyo terap\u00e9utico para aliviarlo.<\/p>\n\n\n\n<div class=\"wp-block-buttons is-horizontal is-content-justification-center is-layout-flex wp-container-core-buttons-is-layout-499968f5 wp-block-buttons-is-layout-flex\">\n<div class=\"wp-block-button has-custom-width wp-block-button__width-75 croButton\"><a class=\"wp-block-button__link has-background wp-element-button\" href=\"\/es\/aqui-y-ahora\/\" style=\"border-radius:50px;background-color:#a07a8f\">Con\u00f3celos<\/a><\/div>\n<\/div>\n<\/div>\n\n\n\n<div class=\"wp-block-column cro3icon fondo-blanco is-layout-flow wp-block-column-is-layout-flow\"><div class=\"wp-block-image\">\n<figure class=\"aligncenter size-large is-resized\"><a href=\"https:\/\/psychologywithinreach.com\/es\/por-venir\/\"><img decoding=\"async\" src=\"https:\/\/psychologywithinreach.com\/wp-content\/uploads\/icono-por-venir.svg\" alt=\"\" class=\"wp-image-1178\" style=\"width:141px;height:75px\"\/><\/a><\/figure>\n<\/div>\n\n\n<h3 class=\"wp-block-heading has-text-align-center croTitle-3 has-text-color\" style=\"color:#54899e\">Por-venir<\/h3>\n\n\n\n<p class=\"has-text-align-center croText\">Una vez abordada tu necesidad de apoyo, puedes decidir qu\u00e9 entorno te parece m\u00e1s adecuado para iniciar tu camino hacia sentirte mejor.<\/p>\n\n\n\n<div class=\"wp-block-buttons is-horizontal is-content-justification-center is-layout-flex wp-container-core-buttons-is-layout-499968f5 wp-block-buttons-is-layout-flex\">\n<div class=\"wp-block-button has-custom-width wp-block-button__width-75 croButton\"><a class=\"wp-block-button__link has-background wp-element-button\" href=\"https:\/\/psychologywithinreach.com\/es\/por-venir\/\" style=\"border-radius:50px;background-color:#54899e\">M\u00e1s sobre ello<\/a><\/div>\n<\/div>\n<\/div>\n<\/div>\n<\/div><\/div>\n\n\n\n<p><\/p>\n<\/div><\/div>\n\n\n\n<div class=\"wp-block-group alignfull fondo-blanco has-base-3-background-color has-background\"><div class=\"wp-block-group__inner-container is-layout-flow wp-block-group-is-layout-flow\">\n<div style=\"height:60px\" aria-hidden=\"true\" class=\"wp-block-spacer\"><\/div>\n<\/div><\/div>\n\n\n","protected":false},"excerpt":{"rendered":"<p>\u00bfQu\u00e9 sucede cuando deseas sentirte en casa en un nuevo lugar, pero te encuentras en conflicto entre pertenecer y dejar atr\u00e1s una parte de ti? Al igual que en otros momentos vitales que requieren adaptarse al cambio, atravesar un proceso migratorio\u2014ya sea por necesidad o por elecci\u00f3n\u2014nos sit\u00faa en una serie de situaciones novedosas sin &#8230; <a title=\"Ajuste cultural y duelo migratorio\" class=\"read-more\" href=\"https:\/\/psychologywithinreach.com\/es\/aqui-y-ahora\/ajuste-cultural-y-duelo-migratorio\/\" aria-label=\"Leer m\u00e1s sobre Ajuste cultural y duelo migratorio\">Leer m\u00e1s<\/a><\/p>\n","protected":false},"author":2,"featured_media":0,"parent":561,"menu_order":0,"comment_status":"closed","ping_status":"closed","template":"","meta":{"_acf_changed":false,"inline_featured_image":false,"_uag_custom_page_level_css":"","footnotes":""},"class_list":["post-597","page","type-page","status-publish"],"acf":[],"yoast_head":"<!-- This site is optimized with the Yoast SEO plugin v27.4 - https:\/\/yoast.com\/product\/yoast-seo-wordpress\/ -->\n<title>Ajuste cultural y duelo migratorio - Psychology within Reach<\/title>\n<meta name=\"robots\" content=\"index, follow, max-snippet:-1, max-image-preview:large, max-video-preview:-1\" \/>\n<link rel=\"canonical\" href=\"https:\/\/psychologywithinreach.com\/es\/aqui-y-ahora\/ajuste-cultural-y-duelo-migratorio\/\" \/>\n<meta property=\"og:locale\" content=\"es_ES\" \/>\n<meta property=\"og:type\" content=\"article\" \/>\n<meta property=\"og:title\" content=\"Ajuste cultural y duelo migratorio - Psychology within Reach\" \/>\n<meta property=\"og:description\" content=\"\u00bfQu\u00e9 sucede cuando deseas sentirte en casa en un nuevo lugar, pero te encuentras en conflicto entre pertenecer y dejar atr\u00e1s una parte de ti? Al igual que en otros momentos vitales que requieren adaptarse al cambio, atravesar un proceso migratorio\u2014ya sea por necesidad o por elecci\u00f3n\u2014nos sit\u00faa en una serie de situaciones novedosas sin ... Leer m\u00e1s\" \/>\n<meta property=\"og:url\" content=\"https:\/\/psychologywithinreach.com\/es\/aqui-y-ahora\/ajuste-cultural-y-duelo-migratorio\/\" \/>\n<meta property=\"og:site_name\" content=\"Psychology within Reach\" \/>\n<meta property=\"article:publisher\" content=\"https:\/\/www.facebook.com\/psychologywithinreach\/\" \/>\n<meta property=\"article:modified_time\" content=\"2025-12-31T11:18:31+00:00\" \/>\n<meta property=\"og:image\" content=\"https:\/\/psychologywithinreach.com\/wp-content\/uploads\/shutterstock_1908943474.jpg\" \/>\n\t<meta property=\"og:image:width\" content=\"1400\" \/>\n\t<meta property=\"og:image:height\" content=\"848\" \/>\n\t<meta property=\"og:image:type\" content=\"image\/jpeg\" \/>\n<meta name=\"twitter:card\" content=\"summary_large_image\" \/>\n<meta name=\"twitter:label1\" content=\"Tiempo de lectura\" \/>\n\t<meta name=\"twitter:data1\" content=\"4 minutos\" \/>\n<script type=\"application\/ld+json\" class=\"yoast-schema-graph\">{\"@context\":\"https:\\\/\\\/schema.org\",\"@graph\":[{\"@type\":\"WebPage\",\"@id\":\"https:\\\/\\\/psychologywithinreach.com\\\/es\\\/aqui-y-ahora\\\/ajuste-cultural-y-duelo-migratorio\\\/\",\"url\":\"https:\\\/\\\/psychologywithinreach.com\\\/es\\\/aqui-y-ahora\\\/ajuste-cultural-y-duelo-migratorio\\\/\",\"name\":\"Ajuste cultural y duelo migratorio - Psychology within Reach\",\"isPartOf\":{\"@id\":\"https:\\\/\\\/psychologywithinreach.com\\\/#website\"},\"primaryImageOfPage\":{\"@id\":\"https:\\\/\\\/psychologywithinreach.com\\\/es\\\/aqui-y-ahora\\\/ajuste-cultural-y-duelo-migratorio\\\/#primaryimage\"},\"image\":{\"@id\":\"https:\\\/\\\/psychologywithinreach.com\\\/es\\\/aqui-y-ahora\\\/ajuste-cultural-y-duelo-migratorio\\\/#primaryimage\"},\"thumbnailUrl\":\"https:\\\/\\\/psychologywithinreach.com\\\/wp-content\\\/uploads\\\/shutterstock_1908943474.jpg\",\"datePublished\":\"2021-10-22T13:46:14+00:00\",\"dateModified\":\"2025-12-31T11:18:31+00:00\",\"breadcrumb\":{\"@id\":\"https:\\\/\\\/psychologywithinreach.com\\\/es\\\/aqui-y-ahora\\\/ajuste-cultural-y-duelo-migratorio\\\/#breadcrumb\"},\"inLanguage\":\"es\",\"potentialAction\":[{\"@type\":\"ReadAction\",\"target\":[\"https:\\\/\\\/psychologywithinreach.com\\\/es\\\/aqui-y-ahora\\\/ajuste-cultural-y-duelo-migratorio\\\/\"]}]},{\"@type\":\"ImageObject\",\"inLanguage\":\"es\",\"@id\":\"https:\\\/\\\/psychologywithinreach.com\\\/es\\\/aqui-y-ahora\\\/ajuste-cultural-y-duelo-migratorio\\\/#primaryimage\",\"url\":\"https:\\\/\\\/psychologywithinreach.com\\\/wp-content\\\/uploads\\\/shutterstock_1908943474.jpg\",\"contentUrl\":\"https:\\\/\\\/psychologywithinreach.com\\\/wp-content\\\/uploads\\\/shutterstock_1908943474.jpg\"},{\"@type\":\"BreadcrumbList\",\"@id\":\"https:\\\/\\\/psychologywithinreach.com\\\/es\\\/aqui-y-ahora\\\/ajuste-cultural-y-duelo-migratorio\\\/#breadcrumb\",\"itemListElement\":[{\"@type\":\"ListItem\",\"position\":1,\"name\":\"Portada\",\"item\":\"https:\\\/\\\/psychologywithinreach.com\\\/es\\\/\"},{\"@type\":\"ListItem\",\"position\":2,\"name\":\"Aqu\u00ed-y-ahora\",\"item\":\"https:\\\/\\\/psychologywithinreach.com\\\/es\\\/aqui-y-ahora\\\/\"},{\"@type\":\"ListItem\",\"position\":3,\"name\":\"Ajuste cultural y duelo migratorio\"}]},{\"@type\":\"WebSite\",\"@id\":\"https:\\\/\\\/psychologywithinreach.com\\\/#website\",\"url\":\"https:\\\/\\\/psychologywithinreach.com\\\/\",\"name\":\"psychologywithinreach.com\",\"description\":\"Psychology within Reach offers psychological support in English and Spanish, especially aimed at expats and intercultural couples in transition through different parts of the world.\",\"publisher\":{\"@id\":\"https:\\\/\\\/psychologywithinreach.com\\\/#organization\"},\"potentialAction\":[{\"@type\":\"SearchAction\",\"target\":{\"@type\":\"EntryPoint\",\"urlTemplate\":\"https:\\\/\\\/psychologywithinreach.com\\\/?s={search_term_string}\"},\"query-input\":{\"@type\":\"PropertyValueSpecification\",\"valueRequired\":true,\"valueName\":\"search_term_string\"}}],\"inLanguage\":\"es\"},{\"@type\":\"Organization\",\"@id\":\"https:\\\/\\\/psychologywithinreach.com\\\/#organization\",\"name\":\"Psychology within Reach\",\"url\":\"https:\\\/\\\/psychologywithinreach.com\\\/\",\"logo\":{\"@type\":\"ImageObject\",\"inLanguage\":\"es\",\"@id\":\"https:\\\/\\\/psychologywithinreach.com\\\/#\\\/schema\\\/logo\\\/image\\\/\",\"url\":\"https:\\\/\\\/psychologywithinreach.com\\\/wp-content\\\/uploads\\\/logo-azul-fondo-blanco-scaled.jpg\",\"contentUrl\":\"https:\\\/\\\/psychologywithinreach.com\\\/wp-content\\\/uploads\\\/logo-azul-fondo-blanco-scaled.jpg\",\"width\":2560,\"height\":1362,\"caption\":\"Psychology within Reach\"},\"image\":{\"@id\":\"https:\\\/\\\/psychologywithinreach.com\\\/#\\\/schema\\\/logo\\\/image\\\/\"},\"sameAs\":[\"https:\\\/\\\/www.facebook.com\\\/psychologywithinreach\\\/\",\"https:\\\/\\\/www.instagram.com\\\/psychology_within_reach\\\/\",\"https:\\\/\\\/www.linkedin.com\\\/in\\\/nuria-maldonado-bellido-2a16ab6\\\/\"]}]}<\/script>\n<!-- \/ Yoast SEO plugin. -->","yoast_head_json":{"title":"Ajuste cultural y duelo migratorio - Psychology within Reach","robots":{"index":"index","follow":"follow","max-snippet":"max-snippet:-1","max-image-preview":"max-image-preview:large","max-video-preview":"max-video-preview:-1"},"canonical":"https:\/\/psychologywithinreach.com\/es\/aqui-y-ahora\/ajuste-cultural-y-duelo-migratorio\/","og_locale":"es_ES","og_type":"article","og_title":"Ajuste cultural y duelo migratorio - Psychology within Reach","og_description":"\u00bfQu\u00e9 sucede cuando deseas sentirte en casa en un nuevo lugar, pero te encuentras en conflicto entre pertenecer y dejar atr\u00e1s una parte de ti? Al igual que en otros momentos vitales que requieren adaptarse al cambio, atravesar un proceso migratorio\u2014ya sea por necesidad o por elecci\u00f3n\u2014nos sit\u00faa en una serie de situaciones novedosas sin ... Leer m\u00e1s","og_url":"https:\/\/psychologywithinreach.com\/es\/aqui-y-ahora\/ajuste-cultural-y-duelo-migratorio\/","og_site_name":"Psychology within Reach","article_publisher":"https:\/\/www.facebook.com\/psychologywithinreach\/","article_modified_time":"2025-12-31T11:18:31+00:00","og_image":[{"width":1400,"height":848,"url":"https:\/\/psychologywithinreach.com\/wp-content\/uploads\/shutterstock_1908943474.jpg","type":"image\/jpeg"}],"twitter_card":"summary_large_image","twitter_misc":{"Tiempo de lectura":"4 minutos"},"schema":{"@context":"https:\/\/schema.org","@graph":[{"@type":"WebPage","@id":"https:\/\/psychologywithinreach.com\/es\/aqui-y-ahora\/ajuste-cultural-y-duelo-migratorio\/","url":"https:\/\/psychologywithinreach.com\/es\/aqui-y-ahora\/ajuste-cultural-y-duelo-migratorio\/","name":"Ajuste cultural y duelo migratorio - Psychology within Reach","isPartOf":{"@id":"https:\/\/psychologywithinreach.com\/#website"},"primaryImageOfPage":{"@id":"https:\/\/psychologywithinreach.com\/es\/aqui-y-ahora\/ajuste-cultural-y-duelo-migratorio\/#primaryimage"},"image":{"@id":"https:\/\/psychologywithinreach.com\/es\/aqui-y-ahora\/ajuste-cultural-y-duelo-migratorio\/#primaryimage"},"thumbnailUrl":"https:\/\/psychologywithinreach.com\/wp-content\/uploads\/shutterstock_1908943474.jpg","datePublished":"2021-10-22T13:46:14+00:00","dateModified":"2025-12-31T11:18:31+00:00","breadcrumb":{"@id":"https:\/\/psychologywithinreach.com\/es\/aqui-y-ahora\/ajuste-cultural-y-duelo-migratorio\/#breadcrumb"},"inLanguage":"es","potentialAction":[{"@type":"ReadAction","target":["https:\/\/psychologywithinreach.com\/es\/aqui-y-ahora\/ajuste-cultural-y-duelo-migratorio\/"]}]},{"@type":"ImageObject","inLanguage":"es","@id":"https:\/\/psychologywithinreach.com\/es\/aqui-y-ahora\/ajuste-cultural-y-duelo-migratorio\/#primaryimage","url":"https:\/\/psychologywithinreach.com\/wp-content\/uploads\/shutterstock_1908943474.jpg","contentUrl":"https:\/\/psychologywithinreach.com\/wp-content\/uploads\/shutterstock_1908943474.jpg"},{"@type":"BreadcrumbList","@id":"https:\/\/psychologywithinreach.com\/es\/aqui-y-ahora\/ajuste-cultural-y-duelo-migratorio\/#breadcrumb","itemListElement":[{"@type":"ListItem","position":1,"name":"Portada","item":"https:\/\/psychologywithinreach.com\/es\/"},{"@type":"ListItem","position":2,"name":"Aqu\u00ed-y-ahora","item":"https:\/\/psychologywithinreach.com\/es\/aqui-y-ahora\/"},{"@type":"ListItem","position":3,"name":"Ajuste cultural y duelo migratorio"}]},{"@type":"WebSite","@id":"https:\/\/psychologywithinreach.com\/#website","url":"https:\/\/psychologywithinreach.com\/","name":"psychologywithinreach.com","description":"Psychology within Reach offers psychological support in English and Spanish, especially aimed at expats and intercultural couples in transition through different parts of the world.","publisher":{"@id":"https:\/\/psychologywithinreach.com\/#organization"},"potentialAction":[{"@type":"SearchAction","target":{"@type":"EntryPoint","urlTemplate":"https:\/\/psychologywithinreach.com\/?s={search_term_string}"},"query-input":{"@type":"PropertyValueSpecification","valueRequired":true,"valueName":"search_term_string"}}],"inLanguage":"es"},{"@type":"Organization","@id":"https:\/\/psychologywithinreach.com\/#organization","name":"Psychology within Reach","url":"https:\/\/psychologywithinreach.com\/","logo":{"@type":"ImageObject","inLanguage":"es","@id":"https:\/\/psychologywithinreach.com\/#\/schema\/logo\/image\/","url":"https:\/\/psychologywithinreach.com\/wp-content\/uploads\/logo-azul-fondo-blanco-scaled.jpg","contentUrl":"https:\/\/psychologywithinreach.com\/wp-content\/uploads\/logo-azul-fondo-blanco-scaled.jpg","width":2560,"height":1362,"caption":"Psychology within Reach"},"image":{"@id":"https:\/\/psychologywithinreach.com\/#\/schema\/logo\/image\/"},"sameAs":["https:\/\/www.facebook.com\/psychologywithinreach\/","https:\/\/www.instagram.com\/psychology_within_reach\/","https:\/\/www.linkedin.com\/in\/nuria-maldonado-bellido-2a16ab6\/"]}]}},"uagb_featured_image_src":{"full":false,"thumbnail":false,"medium":false,"medium_large":false,"large":false,"1536x1536":false,"2048x2048":false},"uagb_author_info":{"display_name":"desarrollo","author_link":"https:\/\/psychologywithinreach.com\/es\/author\/desarrollo\/"},"uagb_comment_info":0,"uagb_excerpt":"\u00bfQu\u00e9 sucede cuando deseas sentirte en casa en un nuevo lugar, pero te encuentras en conflicto entre pertenecer y dejar atr\u00e1s una parte de ti? Al igual que en otros momentos vitales que requieren adaptarse al cambio, atravesar un proceso migratorio\u2014ya sea por necesidad o por elecci\u00f3n\u2014nos sit\u00faa en una serie de situaciones novedosas sin&hellip;","_links":{"self":[{"href":"https:\/\/psychologywithinreach.com\/es\/wp-json\/wp\/v2\/pages\/597","targetHints":{"allow":["GET"]}}],"collection":[{"href":"https:\/\/psychologywithinreach.com\/es\/wp-json\/wp\/v2\/pages"}],"about":[{"href":"https:\/\/psychologywithinreach.com\/es\/wp-json\/wp\/v2\/types\/page"}],"author":[{"embeddable":true,"href":"https:\/\/psychologywithinreach.com\/es\/wp-json\/wp\/v2\/users\/2"}],"replies":[{"embeddable":true,"href":"https:\/\/psychologywithinreach.com\/es\/wp-json\/wp\/v2\/comments?post=597"}],"version-history":[{"count":15,"href":"https:\/\/psychologywithinreach.com\/es\/wp-json\/wp\/v2\/pages\/597\/revisions"}],"predecessor-version":[{"id":3897,"href":"https:\/\/psychologywithinreach.com\/es\/wp-json\/wp\/v2\/pages\/597\/revisions\/3897"}],"up":[{"embeddable":true,"href":"https:\/\/psychologywithinreach.com\/es\/wp-json\/wp\/v2\/pages\/561"}],"wp:attachment":[{"href":"https:\/\/psychologywithinreach.com\/es\/wp-json\/wp\/v2\/media?parent=597"}],"curies":[{"name":"wp","href":"https:\/\/api.w.org\/{rel}","templated":true}]}}