{"id":601,"date":"2021-10-22T15:48:27","date_gmt":"2021-10-22T13:48:27","guid":{"rendered":"https:\/\/psychologywithinreach.com\/?page_id=601"},"modified":"2024-12-29T15:19:58","modified_gmt":"2024-12-29T14:19:58","slug":"trauma-y-estres-postraumatico","status":"publish","type":"page","link":"https:\/\/psychologywithinreach.com\/es\/aqui-y-ahora\/trauma-y-estres-postraumatico\/","title":{"rendered":"Trauma y estr\u00e9s postraum\u00e1tico"},"content":{"rendered":"\n<div class=\"wp-block-group mainTitle\"><div class=\"wp-block-group__inner-container is-layout-flow wp-block-group-is-layout-flow\">\n<h2 class=\"wp-block-heading fina\">\u00bfQu\u00e9 ocurre cuando has sufrido <strong>una herida tan grande en tu vida<\/strong> que es dif\u00edcil distinguir si el impacto ocurri\u00f3 en el pasado o si sigue acechando tras cada esquina? <\/h2>\n\n\n\n<p class=\"croSubtitle croInline\"><\/p>\n<\/div><\/div>\n\n\n\n<div class=\"wp-block-cover is-light\"><span aria-hidden=\"true\" class=\"wp-block-cover__background has-background-dim-0 has-background-dim\"><\/span><img loading=\"lazy\" decoding=\"async\" width=\"1200\" height=\"800\" class=\"wp-block-cover__image-background wp-image-827\" alt=\"\" src=\"https:\/\/psychologywithinreach.com\/wp-content\/uploads\/trauma-y-estres-post-traumatico.jpg\" data-object-fit=\"cover\" srcset=\"https:\/\/psychologywithinreach.com\/wp-content\/uploads\/trauma-y-estres-post-traumatico.jpg 1200w, https:\/\/psychologywithinreach.com\/wp-content\/uploads\/trauma-y-estres-post-traumatico-300x200.jpg 300w, https:\/\/psychologywithinreach.com\/wp-content\/uploads\/trauma-y-estres-post-traumatico-1024x683.jpg 1024w, https:\/\/psychologywithinreach.com\/wp-content\/uploads\/trauma-y-estres-post-traumatico-768x512.jpg 768w\" sizes=\"auto, (max-width: 1200px) 100vw, 1200px\" \/><div class=\"wp-block-cover__inner-container is-layout-flow wp-block-cover-is-layout-flow\">\n<p class=\"has-text-align-center has-large-font-size\"><\/p>\n<\/div><\/div>\n\n\n\n<div style=\"height:30px\" aria-hidden=\"true\" class=\"wp-block-spacer\"><\/div>\n\n\n\n<div class=\"wp-block-columns is-layout-flex wp-container-core-columns-is-layout-9d6595d7 wp-block-columns-is-layout-flex\">\n<div class=\"wp-block-column is-layout-flow wp-block-column-is-layout-flow\" style=\"flex-basis:50%\">\n<p>En t\u00e9rminos m\u00e9dicos, el trauma se define como una lesi\u00f3n duradera causada por un agente mec\u00e1nico externo.<\/p>\n\n\n\n<p>De manera similar, en t\u00e9rminos psicol\u00f3gicos, el trauma se refiere a una herida causada por influencias externas. Estas experiencias suelen caracterizarse como eventos inesperados en nuestras vidas que son tan profundamente perturbadores que desbordan, al menos temporalmente, nuestros recursos internos. Las personas que enfrentan amenazas significativas a su integridad psicol\u00f3gica pueden sufrir tanto como aquellas cuyos traumas provienen de lesiones f\u00edsicas que ponen en riesgo su vida.<\/p>\n\n\n\n<p>Estas heridas pueden haber sido infligidas durante la infancia o haber ocurrido bajo circunstancias catastr\u00f3ficas en alg\u00fan momento de nuestra vida.<\/p>\n\n\n\n<p>Aunque nuestros cerebros comparten una programaci\u00f3n m\u00e1s o menos universal (com\u00fan con otros animales) para responder a eventos que ponen en peligro la vida mediante reacciones de lucha, huida o congelaci\u00f3n, no todas las personas desarrollan las mismas respuestas adaptativas posteriormente. Algunas llegan a experimentar lo que se conoce como trastorno de estr\u00e9s postraum\u00e1tico (TEPT).<\/p>\n<\/div>\n\n\n\n<div class=\"wp-block-column fondo-columna-patologias is-layout-flow wp-block-column-is-layout-flow\" style=\"flex-basis:50%\">\n<p>El TEPT est\u00e1 principalmente asociado con eventos que implican muerte, violencia o abuso sexual. La persona puede haber sido v\u00edctima directa de uno de estos eventos o haber sufrido sus consecuencias a trav\u00e9s de alguien cercano. El TEPT se caracteriza por recuerdos sensoriales espont\u00e1neos del evento, dificultades para recordar ciertos aspectos del mismo, conductas de evitaci\u00f3n y, a veces, sentimientos de desconexi\u00f3n y retraimiento social.<\/p>\n\n\n\n<p>En el tratamiento del estr\u00e9s postraum\u00e1tico, existe un consenso general entre diferentes enfoques terap\u00e9uticos sobre la importancia de revisar, con extremo cuidado y en un contexto seguro, estos eventos pasados no resueltos. Este proceso tiene como objetivo facilitar el cierre de estas experiencias y fomentar un posible crecimiento postraum\u00e1tico mediante el restablecimiento de la capacidad de la persona para conectar consigo misma, con otras personas y con su entorno en el aqu\u00ed y ahora.<\/p>\n<\/div>\n<\/div>\n\n\n\n<p><\/p>\n\n\n\n<div class=\"wp-block-group\"><div class=\"wp-block-group__inner-container is-layout-flow wp-block-group-is-layout-flow\">\n<div style=\"height:100px\" aria-hidden=\"true\" class=\"wp-block-spacer\"><\/div>\n\n\n\n<h2 class=\"wp-block-heading has-text-align-center has-text-color\" style=\"color:#336275\"><em>Un viaje de mil millas comienza con un primer paso<\/em><\/h2>\n\n\n\n<p class=\"has-text-align-center\">Te invito a conocerme y decidir si podr\u00eda ser una buena compa\u00f1era de camino.<\/p>\n\n\n\n<div style=\"height:20px\" aria-hidden=\"true\" class=\"wp-block-spacer\"><\/div>\n\n\n\n<div class=\"wp-block-buttons is-horizontal is-content-justification-center is-layout-flex wp-container-core-buttons-is-layout-499968f5 wp-block-buttons-is-layout-flex\">\n<div class=\"wp-block-button croButton2\"><a class=\"wp-block-button__link has-background wp-element-button\" href=\"https:\/\/psychologywithinreach.com\/es\/primer-contacto\/\" style=\"border-radius:50px;background-color:#68a9b0\">Primer contacto<\/a><\/div>\n<\/div>\n\n\n\n<div style=\"height:100px\" aria-hidden=\"true\" class=\"wp-block-spacer\"><\/div>\n<\/div><\/div>\n\n\n\n<div class=\"wp-block-group alignfull fondo-blanco has-base-3-background-color has-background\"><div class=\"wp-block-group__inner-container is-layout-flow wp-block-group-is-layout-flow\">\n<div style=\"height:60px\" aria-hidden=\"true\" class=\"wp-block-spacer\"><\/div>\n<\/div><\/div>\n\n\n\n<div class=\"wp-block-group alignfull fondo-blanco has-base-3-background-color has-background\"><div class=\"wp-block-group__inner-container is-layout-flow wp-block-group-is-layout-flow\">\n<div style=\"height:30px\" aria-hidden=\"true\" class=\"wp-block-spacer\"><\/div>\n\n\n\n<div class=\"wp-block-group alignfull fondo-blanco has-base-3-background-color has-background\"><div class=\"wp-block-group__inner-container is-layout-flow wp-block-group-is-layout-flow\">\n<div class=\"wp-block-columns croIcon3 is-layout-flex wp-container-core-columns-is-layout-9d6595d7 wp-block-columns-is-layout-flex\">\n<div class=\"wp-block-column is-layout-flow wp-block-column-is-layout-flow\"><div class=\"wp-block-image\">\n<figure class=\"aligncenter size-large is-resized\"><a href=\"\/es\/al-alcance\/\"><img decoding=\"async\" src=\"https:\/\/psychologywithinreach.com\/wp-content\/uploads\/icono-al-alcance.svg\" alt=\"\" class=\"wp-image-1170\" style=\"width:141px;height:75px\"\/><\/a><\/figure>\n<\/div>\n\n\n<h3 class=\"wp-block-heading has-text-align-center croTitle-3 has-text-color\" style=\"color:#d1cbc1\">Al alcance<\/h3>\n\n\n\n<p class=\"has-text-align-center croText\">Sobre m\u00ed y sobre c\u00f3mo mi consulta ofrece cuidado a la salud mental para acercar el sentido de hogar a nacionales e internacionales.<\/p>\n\n\n\n<div class=\"wp-block-buttons is-horizontal is-content-justification-center is-layout-flex wp-container-core-buttons-is-layout-499968f5 wp-block-buttons-is-layout-flex\">\n<div class=\"wp-block-button has-custom-width wp-block-button__width-75 croButton\"><a class=\"wp-block-button__link has-background wp-element-button\" href=\"\/es\/al-alcance\/\" style=\"border-radius:50px;background-color:#d1cbc1\">M\u00e1s sobre mi<\/a><\/div>\n<\/div>\n<\/div>\n\n\n\n<div class=\"wp-block-column cro3icon is-layout-flow wp-block-column-is-layout-flow\"><div class=\"wp-block-image\">\n<figure class=\"aligncenter size-large is-resized\"><a href=\"\/es\/antes-de-vernos\/\"><img decoding=\"async\" src=\"https:\/\/psychologywithinreach.com\/wp-content\/uploads\/icono-antes-de-vernos.svg\" alt=\"\" class=\"wp-image-1175\" style=\"width:141px;height:75px\"\/><\/a><\/figure>\n<\/div>\n\n\n<h3 class=\"wp-block-heading has-text-align-center croTitle-3 has-text-color\" style=\"color:#68a9b0\">Antes de vernos<\/h3>\n\n\n\n<p class=\"has-text-align-center croText\">Informaci\u00f3n pr\u00e1ctica antes de iniciar el proceso terap\u00e9utico, para que podamos establecer los l\u00edmites de nuestra relaci\u00f3n.<\/p>\n\n\n\n<div class=\"wp-block-buttons is-horizontal is-content-justification-center is-layout-flex wp-container-core-buttons-is-layout-499968f5 wp-block-buttons-is-layout-flex\">\n<div class=\"wp-block-button has-custom-width wp-block-button__width-75 croButton\"><a class=\"wp-block-button__link has-background wp-element-button\" href=\"\/es\/antes-de-vernos\/\" style=\"border-radius:50px;background-color:#68a9b0\">L\u00e9elo aqu\u00ed<\/a><\/div>\n<\/div>\n<\/div>\n\n\n\n<div class=\"wp-block-column cro3icon is-layout-flow wp-block-column-is-layout-flow\"><div class=\"wp-block-image\">\n<figure class=\"aligncenter size-large is-resized\"><a href=\"\/es\/aqui-y-ahora\/\"><img decoding=\"async\" src=\"https:\/\/psychologywithinreach.com\/wp-content\/uploads\/icono-aqui-y-ahora.svg\" alt=\"\" class=\"wp-image-1176\" style=\"width:150px;height:64px\"\/><\/a><\/figure>\n<\/div>\n\n\n<h3 class=\"wp-block-heading has-text-align-center croTitle-3 has-text-color\" style=\"color:#a07a8f\">Aqu\u00ed-y-ahora<\/h3>\n\n\n\n<p class=\"has-text-align-center croText\">El puente entre las diferentes formas de sufrimiento humano a las que nos enfrentamos y el apoyo terap\u00e9utico para aliviarlo.<\/p>\n\n\n\n<div class=\"wp-block-buttons is-horizontal is-content-justification-center is-layout-flex wp-container-core-buttons-is-layout-499968f5 wp-block-buttons-is-layout-flex\">\n<div class=\"wp-block-button has-custom-width wp-block-button__width-75 croButton\"><a class=\"wp-block-button__link has-background wp-element-button\" href=\"\/es\/aqui-y-ahora\/\" style=\"border-radius:50px;background-color:#a07a8f\">Con\u00f3celos<\/a><\/div>\n<\/div>\n<\/div>\n\n\n\n<div class=\"wp-block-column cro3icon fondo-blanco is-layout-flow wp-block-column-is-layout-flow\"><div class=\"wp-block-image\">\n<figure class=\"aligncenter size-large is-resized\"><a href=\"https:\/\/psychologywithinreach.com\/es\/por-venir\/\"><img decoding=\"async\" src=\"https:\/\/psychologywithinreach.com\/wp-content\/uploads\/icono-por-venir.svg\" alt=\"\" class=\"wp-image-1178\" style=\"width:141px;height:75px\"\/><\/a><\/figure>\n<\/div>\n\n\n<h3 class=\"wp-block-heading has-text-align-center croTitle-3 has-text-color\" style=\"color:#54899e\">Por-venir<\/h3>\n\n\n\n<p class=\"has-text-align-center croText\">Una vez abordada tu necesidad de apoyo, puedes decidir qu\u00e9 entorno te parece m\u00e1s adecuado para iniciar tu camino hacia sentirte mejor.<\/p>\n\n\n\n<div class=\"wp-block-buttons is-horizontal is-content-justification-center is-layout-flex wp-container-core-buttons-is-layout-499968f5 wp-block-buttons-is-layout-flex\">\n<div class=\"wp-block-button has-custom-width wp-block-button__width-75 croButton\"><a class=\"wp-block-button__link has-background wp-element-button\" href=\"https:\/\/psychologywithinreach.com\/es\/por-venir\/\" style=\"border-radius:50px;background-color:#54899e\">M\u00e1s sobre ello<\/a><\/div>\n<\/div>\n<\/div>\n<\/div>\n<\/div><\/div>\n\n\n\n<p><\/p>\n<\/div><\/div>\n\n\n\n<div class=\"wp-block-group alignfull fondo-blanco has-base-3-background-color has-background\"><div class=\"wp-block-group__inner-container is-layout-flow wp-block-group-is-layout-flow\">\n<div style=\"height:60px\" aria-hidden=\"true\" class=\"wp-block-spacer\"><\/div>\n<\/div><\/div>\n\n\n","protected":false},"excerpt":{"rendered":"<p>\u00bfQu\u00e9 ocurre cuando has sufrido una herida tan grande en tu vida que es dif\u00edcil distinguir si el impacto ocurri\u00f3 en el pasado o si sigue acechando tras cada esquina? En t\u00e9rminos m\u00e9dicos, el trauma se define como una lesi\u00f3n duradera causada por un agente mec\u00e1nico externo. De manera similar, en t\u00e9rminos psicol\u00f3gicos, el trauma &#8230; <a title=\"Trauma y estr\u00e9s postraum\u00e1tico\" class=\"read-more\" href=\"https:\/\/psychologywithinreach.com\/es\/aqui-y-ahora\/trauma-y-estres-postraumatico\/\" aria-label=\"Leer m\u00e1s sobre Trauma y estr\u00e9s postraum\u00e1tico\">Leer m\u00e1s<\/a><\/p>\n","protected":false},"author":2,"featured_media":0,"parent":561,"menu_order":0,"comment_status":"closed","ping_status":"closed","template":"","meta":{"_acf_changed":false,"inline_featured_image":false,"_uag_custom_page_level_css":"","footnotes":""},"class_list":["post-601","page","type-page","status-publish"],"acf":[],"yoast_head":"<!-- This site is optimized with the Yoast SEO plugin v27.4 - https:\/\/yoast.com\/product\/yoast-seo-wordpress\/ -->\n<title>Trauma y estr\u00e9s postraum\u00e1tico - Psychology within Reach<\/title>\n<meta name=\"description\" content=\"Cuando has sufrido una herida tan grande en tu vida que es dif\u00edcil distinguir si el impacto ocurri\u00f3 en el pasado.\" \/>\n<meta name=\"robots\" content=\"index, follow, max-snippet:-1, max-image-preview:large, max-video-preview:-1\" \/>\n<link rel=\"canonical\" href=\"https:\/\/psychologywithinreach.com\/es\/aqui-y-ahora\/trauma-y-estres-postraumatico\/\" \/>\n<meta property=\"og:locale\" content=\"es_ES\" \/>\n<meta property=\"og:type\" content=\"article\" \/>\n<meta property=\"og:title\" content=\"Trauma y estr\u00e9s postraum\u00e1tico - Psychology within Reach\" \/>\n<meta property=\"og:description\" content=\"Cuando has sufrido una herida tan grande en tu vida que es dif\u00edcil distinguir si el impacto ocurri\u00f3 en el pasado.\" \/>\n<meta property=\"og:url\" content=\"https:\/\/psychologywithinreach.com\/es\/aqui-y-ahora\/trauma-y-estres-postraumatico\/\" \/>\n<meta property=\"og:site_name\" content=\"Psychology within Reach\" \/>\n<meta property=\"article:publisher\" content=\"https:\/\/www.facebook.com\/psychologywithinreach\/\" \/>\n<meta property=\"article:modified_time\" content=\"2024-12-29T14:19:58+00:00\" \/>\n<meta property=\"og:image\" content=\"https:\/\/psychologywithinreach.com\/wp-content\/uploads\/trauma-y-estres-post-traumatico.jpg\" \/>\n\t<meta property=\"og:image:width\" content=\"1200\" \/>\n\t<meta property=\"og:image:height\" content=\"800\" \/>\n\t<meta property=\"og:image:type\" content=\"image\/jpeg\" \/>\n<meta name=\"twitter:card\" content=\"summary_large_image\" \/>\n<meta name=\"twitter:label1\" content=\"Tiempo de lectura\" \/>\n\t<meta name=\"twitter:data1\" content=\"6 minutos\" \/>\n<script type=\"application\/ld+json\" class=\"yoast-schema-graph\">{\"@context\":\"https:\\\/\\\/schema.org\",\"@graph\":[{\"@type\":\"WebPage\",\"@id\":\"https:\\\/\\\/psychologywithinreach.com\\\/es\\\/aqui-y-ahora\\\/trauma-y-estres-postraumatico\\\/\",\"url\":\"https:\\\/\\\/psychologywithinreach.com\\\/es\\\/aqui-y-ahora\\\/trauma-y-estres-postraumatico\\\/\",\"name\":\"Trauma y estr\u00e9s postraum\u00e1tico - Psychology within Reach\",\"isPartOf\":{\"@id\":\"https:\\\/\\\/psychologywithinreach.com\\\/#website\"},\"primaryImageOfPage\":{\"@id\":\"https:\\\/\\\/psychologywithinreach.com\\\/es\\\/aqui-y-ahora\\\/trauma-y-estres-postraumatico\\\/#primaryimage\"},\"image\":{\"@id\":\"https:\\\/\\\/psychologywithinreach.com\\\/es\\\/aqui-y-ahora\\\/trauma-y-estres-postraumatico\\\/#primaryimage\"},\"thumbnailUrl\":\"https:\\\/\\\/psychologywithinreach.com\\\/wp-content\\\/uploads\\\/trauma-y-estres-post-traumatico.jpg\",\"datePublished\":\"2021-10-22T13:48:27+00:00\",\"dateModified\":\"2024-12-29T14:19:58+00:00\",\"description\":\"Cuando has sufrido una herida tan grande en tu vida que es dif\u00edcil distinguir si el impacto ocurri\u00f3 en el pasado.\",\"breadcrumb\":{\"@id\":\"https:\\\/\\\/psychologywithinreach.com\\\/es\\\/aqui-y-ahora\\\/trauma-y-estres-postraumatico\\\/#breadcrumb\"},\"inLanguage\":\"es\",\"potentialAction\":[{\"@type\":\"ReadAction\",\"target\":[\"https:\\\/\\\/psychologywithinreach.com\\\/es\\\/aqui-y-ahora\\\/trauma-y-estres-postraumatico\\\/\"]}]},{\"@type\":\"ImageObject\",\"inLanguage\":\"es\",\"@id\":\"https:\\\/\\\/psychologywithinreach.com\\\/es\\\/aqui-y-ahora\\\/trauma-y-estres-postraumatico\\\/#primaryimage\",\"url\":\"https:\\\/\\\/psychologywithinreach.com\\\/wp-content\\\/uploads\\\/trauma-y-estres-post-traumatico.jpg\",\"contentUrl\":\"https:\\\/\\\/psychologywithinreach.com\\\/wp-content\\\/uploads\\\/trauma-y-estres-post-traumatico.jpg\"},{\"@type\":\"BreadcrumbList\",\"@id\":\"https:\\\/\\\/psychologywithinreach.com\\\/es\\\/aqui-y-ahora\\\/trauma-y-estres-postraumatico\\\/#breadcrumb\",\"itemListElement\":[{\"@type\":\"ListItem\",\"position\":1,\"name\":\"Portada\",\"item\":\"https:\\\/\\\/psychologywithinreach.com\\\/es\\\/\"},{\"@type\":\"ListItem\",\"position\":2,\"name\":\"Aqu\u00ed-y-ahora\",\"item\":\"https:\\\/\\\/psychologywithinreach.com\\\/es\\\/aqui-y-ahora\\\/\"},{\"@type\":\"ListItem\",\"position\":3,\"name\":\"Trauma y estr\u00e9s postraum\u00e1tico\"}]},{\"@type\":\"WebSite\",\"@id\":\"https:\\\/\\\/psychologywithinreach.com\\\/#website\",\"url\":\"https:\\\/\\\/psychologywithinreach.com\\\/\",\"name\":\"psychologywithinreach.com\",\"description\":\"Psychology within Reach offers psychological support in English and Spanish, especially aimed at expats and intercultural couples in transition through different parts of the world.\",\"publisher\":{\"@id\":\"https:\\\/\\\/psychologywithinreach.com\\\/#organization\"},\"potentialAction\":[{\"@type\":\"SearchAction\",\"target\":{\"@type\":\"EntryPoint\",\"urlTemplate\":\"https:\\\/\\\/psychologywithinreach.com\\\/?s={search_term_string}\"},\"query-input\":{\"@type\":\"PropertyValueSpecification\",\"valueRequired\":true,\"valueName\":\"search_term_string\"}}],\"inLanguage\":\"es\"},{\"@type\":\"Organization\",\"@id\":\"https:\\\/\\\/psychologywithinreach.com\\\/#organization\",\"name\":\"Psychology within Reach\",\"url\":\"https:\\\/\\\/psychologywithinreach.com\\\/\",\"logo\":{\"@type\":\"ImageObject\",\"inLanguage\":\"es\",\"@id\":\"https:\\\/\\\/psychologywithinreach.com\\\/#\\\/schema\\\/logo\\\/image\\\/\",\"url\":\"https:\\\/\\\/psychologywithinreach.com\\\/wp-content\\\/uploads\\\/logo-azul-fondo-blanco-scaled.jpg\",\"contentUrl\":\"https:\\\/\\\/psychologywithinreach.com\\\/wp-content\\\/uploads\\\/logo-azul-fondo-blanco-scaled.jpg\",\"width\":2560,\"height\":1362,\"caption\":\"Psychology within Reach\"},\"image\":{\"@id\":\"https:\\\/\\\/psychologywithinreach.com\\\/#\\\/schema\\\/logo\\\/image\\\/\"},\"sameAs\":[\"https:\\\/\\\/www.facebook.com\\\/psychologywithinreach\\\/\",\"https:\\\/\\\/www.instagram.com\\\/psychology_within_reach\\\/\",\"https:\\\/\\\/www.linkedin.com\\\/in\\\/nuria-maldonado-bellido-2a16ab6\\\/\"]}]}<\/script>\n<!-- \/ Yoast SEO plugin. -->","yoast_head_json":{"title":"Trauma y estr\u00e9s postraum\u00e1tico - Psychology within Reach","description":"Cuando has sufrido una herida tan grande en tu vida que es dif\u00edcil distinguir si el impacto ocurri\u00f3 en el pasado.","robots":{"index":"index","follow":"follow","max-snippet":"max-snippet:-1","max-image-preview":"max-image-preview:large","max-video-preview":"max-video-preview:-1"},"canonical":"https:\/\/psychologywithinreach.com\/es\/aqui-y-ahora\/trauma-y-estres-postraumatico\/","og_locale":"es_ES","og_type":"article","og_title":"Trauma y estr\u00e9s postraum\u00e1tico - Psychology within Reach","og_description":"Cuando has sufrido una herida tan grande en tu vida que es dif\u00edcil distinguir si el impacto ocurri\u00f3 en el pasado.","og_url":"https:\/\/psychologywithinreach.com\/es\/aqui-y-ahora\/trauma-y-estres-postraumatico\/","og_site_name":"Psychology within Reach","article_publisher":"https:\/\/www.facebook.com\/psychologywithinreach\/","article_modified_time":"2024-12-29T14:19:58+00:00","og_image":[{"width":1200,"height":800,"url":"https:\/\/psychologywithinreach.com\/wp-content\/uploads\/trauma-y-estres-post-traumatico.jpg","type":"image\/jpeg"}],"twitter_card":"summary_large_image","twitter_misc":{"Tiempo de lectura":"6 minutos"},"schema":{"@context":"https:\/\/schema.org","@graph":[{"@type":"WebPage","@id":"https:\/\/psychologywithinreach.com\/es\/aqui-y-ahora\/trauma-y-estres-postraumatico\/","url":"https:\/\/psychologywithinreach.com\/es\/aqui-y-ahora\/trauma-y-estres-postraumatico\/","name":"Trauma y estr\u00e9s postraum\u00e1tico - Psychology within Reach","isPartOf":{"@id":"https:\/\/psychologywithinreach.com\/#website"},"primaryImageOfPage":{"@id":"https:\/\/psychologywithinreach.com\/es\/aqui-y-ahora\/trauma-y-estres-postraumatico\/#primaryimage"},"image":{"@id":"https:\/\/psychologywithinreach.com\/es\/aqui-y-ahora\/trauma-y-estres-postraumatico\/#primaryimage"},"thumbnailUrl":"https:\/\/psychologywithinreach.com\/wp-content\/uploads\/trauma-y-estres-post-traumatico.jpg","datePublished":"2021-10-22T13:48:27+00:00","dateModified":"2024-12-29T14:19:58+00:00","description":"Cuando has sufrido una herida tan grande en tu vida que es dif\u00edcil distinguir si el impacto ocurri\u00f3 en el pasado.","breadcrumb":{"@id":"https:\/\/psychologywithinreach.com\/es\/aqui-y-ahora\/trauma-y-estres-postraumatico\/#breadcrumb"},"inLanguage":"es","potentialAction":[{"@type":"ReadAction","target":["https:\/\/psychologywithinreach.com\/es\/aqui-y-ahora\/trauma-y-estres-postraumatico\/"]}]},{"@type":"ImageObject","inLanguage":"es","@id":"https:\/\/psychologywithinreach.com\/es\/aqui-y-ahora\/trauma-y-estres-postraumatico\/#primaryimage","url":"https:\/\/psychologywithinreach.com\/wp-content\/uploads\/trauma-y-estres-post-traumatico.jpg","contentUrl":"https:\/\/psychologywithinreach.com\/wp-content\/uploads\/trauma-y-estres-post-traumatico.jpg"},{"@type":"BreadcrumbList","@id":"https:\/\/psychologywithinreach.com\/es\/aqui-y-ahora\/trauma-y-estres-postraumatico\/#breadcrumb","itemListElement":[{"@type":"ListItem","position":1,"name":"Portada","item":"https:\/\/psychologywithinreach.com\/es\/"},{"@type":"ListItem","position":2,"name":"Aqu\u00ed-y-ahora","item":"https:\/\/psychologywithinreach.com\/es\/aqui-y-ahora\/"},{"@type":"ListItem","position":3,"name":"Trauma y estr\u00e9s postraum\u00e1tico"}]},{"@type":"WebSite","@id":"https:\/\/psychologywithinreach.com\/#website","url":"https:\/\/psychologywithinreach.com\/","name":"psychologywithinreach.com","description":"Psychology within Reach offers psychological support in English and Spanish, especially aimed at expats and intercultural couples in transition through different parts of the world.","publisher":{"@id":"https:\/\/psychologywithinreach.com\/#organization"},"potentialAction":[{"@type":"SearchAction","target":{"@type":"EntryPoint","urlTemplate":"https:\/\/psychologywithinreach.com\/?s={search_term_string}"},"query-input":{"@type":"PropertyValueSpecification","valueRequired":true,"valueName":"search_term_string"}}],"inLanguage":"es"},{"@type":"Organization","@id":"https:\/\/psychologywithinreach.com\/#organization","name":"Psychology within Reach","url":"https:\/\/psychologywithinreach.com\/","logo":{"@type":"ImageObject","inLanguage":"es","@id":"https:\/\/psychologywithinreach.com\/#\/schema\/logo\/image\/","url":"https:\/\/psychologywithinreach.com\/wp-content\/uploads\/logo-azul-fondo-blanco-scaled.jpg","contentUrl":"https:\/\/psychologywithinreach.com\/wp-content\/uploads\/logo-azul-fondo-blanco-scaled.jpg","width":2560,"height":1362,"caption":"Psychology within Reach"},"image":{"@id":"https:\/\/psychologywithinreach.com\/#\/schema\/logo\/image\/"},"sameAs":["https:\/\/www.facebook.com\/psychologywithinreach\/","https:\/\/www.instagram.com\/psychology_within_reach\/","https:\/\/www.linkedin.com\/in\/nuria-maldonado-bellido-2a16ab6\/"]}]}},"uagb_featured_image_src":{"full":false,"thumbnail":false,"medium":false,"medium_large":false,"large":false,"1536x1536":false,"2048x2048":false},"uagb_author_info":{"display_name":"desarrollo","author_link":"https:\/\/psychologywithinreach.com\/es\/author\/desarrollo\/"},"uagb_comment_info":0,"uagb_excerpt":"\u00bfQu\u00e9 ocurre cuando has sufrido una herida tan grande en tu vida que es dif\u00edcil distinguir si el impacto ocurri\u00f3 en el pasado o si sigue acechando tras cada esquina? En t\u00e9rminos m\u00e9dicos, el trauma se define como una lesi\u00f3n duradera causada por un agente mec\u00e1nico externo. De manera similar, en t\u00e9rminos psicol\u00f3gicos, el trauma&hellip;","_links":{"self":[{"href":"https:\/\/psychologywithinreach.com\/es\/wp-json\/wp\/v2\/pages\/601","targetHints":{"allow":["GET"]}}],"collection":[{"href":"https:\/\/psychologywithinreach.com\/es\/wp-json\/wp\/v2\/pages"}],"about":[{"href":"https:\/\/psychologywithinreach.com\/es\/wp-json\/wp\/v2\/types\/page"}],"author":[{"embeddable":true,"href":"https:\/\/psychologywithinreach.com\/es\/wp-json\/wp\/v2\/users\/2"}],"replies":[{"embeddable":true,"href":"https:\/\/psychologywithinreach.com\/es\/wp-json\/wp\/v2\/comments?post=601"}],"version-history":[{"count":7,"href":"https:\/\/psychologywithinreach.com\/es\/wp-json\/wp\/v2\/pages\/601\/revisions"}],"predecessor-version":[{"id":3740,"href":"https:\/\/psychologywithinreach.com\/es\/wp-json\/wp\/v2\/pages\/601\/revisions\/3740"}],"up":[{"embeddable":true,"href":"https:\/\/psychologywithinreach.com\/es\/wp-json\/wp\/v2\/pages\/561"}],"wp:attachment":[{"href":"https:\/\/psychologywithinreach.com\/es\/wp-json\/wp\/v2\/media?parent=601"}],"curies":[{"name":"wp","href":"https:\/\/api.w.org\/{rel}","templated":true}]}}