{"id":605,"date":"2021-10-22T15:53:38","date_gmt":"2021-10-22T13:53:38","guid":{"rendered":"https:\/\/psychologywithinreach.com\/?page_id=605"},"modified":"2024-12-29T12:27:00","modified_gmt":"2024-12-29T11:27:00","slug":"dudas-existenciales","status":"publish","type":"page","link":"https:\/\/psychologywithinreach.com\/es\/aqui-y-ahora\/dudas-existenciales\/","title":{"rendered":"Dudas existenciales"},"content":{"rendered":"\n<div class=\"wp-block-group mainTitle\"><div class=\"wp-block-group__inner-container is-layout-flow wp-block-group-is-layout-flow\">\n<h2 class=\"wp-block-heading fina\">\u00bfQu\u00e9 ocurre cuando tenemos<strong> dudas que van m\u00e1s all\u00e1 del discurrir cotidiano<\/strong> de nuestras vidas o incluso de las elecciones que est\u00e1n bajo nuestro control?<\/h2>\n\n\n\n<p class=\"croSubtitle croInline\"><\/p>\n<\/div><\/div>\n\n\n\n<div class=\"wp-block-cover is-light\"><span aria-hidden=\"true\" class=\"wp-block-cover__background has-background-dim-0 has-background-dim\"><\/span><img loading=\"lazy\" decoding=\"async\" width=\"1400\" height=\"1044\" class=\"wp-block-cover__image-background wp-image-1644\" alt=\"\" src=\"https:\/\/psychologywithinreach.com\/wp-content\/uploads\/shutterstock_1326556298.jpg\" data-object-fit=\"cover\" srcset=\"https:\/\/psychologywithinreach.com\/wp-content\/uploads\/shutterstock_1326556298.jpg 1400w, https:\/\/psychologywithinreach.com\/wp-content\/uploads\/shutterstock_1326556298-300x224.jpg 300w, https:\/\/psychologywithinreach.com\/wp-content\/uploads\/shutterstock_1326556298-1024x764.jpg 1024w, https:\/\/psychologywithinreach.com\/wp-content\/uploads\/shutterstock_1326556298-768x573.jpg 768w\" sizes=\"auto, (max-width: 1400px) 100vw, 1400px\" \/><div class=\"wp-block-cover__inner-container is-layout-flow wp-block-cover-is-layout-flow\">\n<p class=\"has-text-align-center has-large-font-size\"><\/p>\n<\/div><\/div>\n\n\n\n<div style=\"height:30px\" aria-hidden=\"true\" class=\"wp-block-spacer\"><\/div>\n\n\n\n<div class=\"wp-block-columns is-layout-flex wp-container-core-columns-is-layout-9d6595d7 wp-block-columns-is-layout-flex\">\n<div class=\"wp-block-column is-layout-flow wp-block-column-is-layout-flow\" style=\"flex-basis:50%\">\n<p>En alg\u00fan momento, podemos encontrarnos lidiando con preguntas que trascienden nuestra existencia cotidiana. Entre las m\u00e1s comunes est\u00e1n las preocupaciones existenciales relacionadas con la libertad y las responsabilidades que conlleva, la muerte, el aislamiento y la falta de sentido en la vida.<\/p>\n\n\n\n<p>En terapia, el existencialismo se centra en la condici\u00f3n humana en su totalidad, adoptando un enfoque positivo que celebra las capacidades y aspiraciones humanas mientras reconoce sus limitaciones. Nos invita a explorar c\u00f3mo nos relacionamos con nuestro entorno, no solo como individuos, sino como parte de un campo m\u00e1s amplio que nos rodea y nos moldea.<\/p>\n\n\n\n<p>Como describe maravillosamente el Dr. Gianni Francesetti, este trabajo terap\u00e9utico implica explorar los paisajes del sufrimiento y aprender a habitarlos y cultivarlos plenamente. Tanto terapeuta como la persona en terapia son parte de estos paisajes, fomentando una presencia que permite la transformaci\u00f3n.<\/p>\n\n\n\n<p>El proceso terap\u00e9utico es un esfuerzo colaborativo para comprender las implicaciones de las elecciones pasadas, as\u00ed como las creencias y circunstancias que las moldearon. Este trabajo pone \u00e9nfasis en usar el pasado como una herramienta para nutrir la libertad y la confianza interior. Al reconocer que la vida no est\u00e1 limitada por un prop\u00f3sito predeterminado, podemos liberarnos de las obligaciones o expectativas que anteriormente obstaculizaban nuestra capacidad de vivir plenamente.<\/p>\n<\/div>\n\n\n\n<div class=\"wp-block-column fondo-columna-patologias is-layout-flow wp-block-column-is-layout-flow\" style=\"flex-basis:50%\">\n<p>Este enfoque fomenta el aprendizaje para crecer y abrazar la vida con asombro y curiosidad. Desarrollar la capacidad de acercarnos a la vida con curiosidad y compasi\u00f3n nos permite ver nuestras experiencias como un viaje en lugar de una prueba. Tambi\u00e9n ayuda a disminuir el miedo asociado a la muerte, promoviendo una sensaci\u00f3n de aceptaci\u00f3n y presencia.<\/p>\n\n\n\n<p>La terapia existencial a menudo aborda los factores subyacentes de los problemas percibidos de comportamiento y salud mental, en lugar de centrarse directamente en los s\u00edntomas espec\u00edficos. Por esta raz\u00f3n, se combina frecuentemente con otros enfoques terap\u00e9uticos para aumentar su efectividad y apoyar una recuperaci\u00f3n integral.<\/p>\n\n\n\n<p>Si estas preguntas resuenan con tu experiencia, especialmente si est\u00e1n relacionadas con tu camino como expat, te invito a explorar el tratamiento para el duelo migratorio. Un calendario dedicado est\u00e1 disponible para programar una videollamada informativa a trav\u00e9s del enlace de primer contacto en esta p\u00e1gina.<\/p>\n<\/div>\n<\/div>\n\n\n\n<div class=\"wp-block-group\"><div class=\"wp-block-group__inner-container is-layout-flow wp-block-group-is-layout-flow\">\n<div style=\"height:100px\" aria-hidden=\"true\" class=\"wp-block-spacer\"><\/div>\n\n\n\n<h2 class=\"wp-block-heading has-text-align-center has-text-color\" style=\"color:#336275\"><em>Un viaje de mil millas comienza con un primer paso<\/em><\/h2>\n\n\n\n<p class=\"has-text-align-center\">Te invito a conocerme y decidir si podr\u00eda ser una buena compa\u00f1era de camino.<\/p>\n\n\n\n<div style=\"height:20px\" aria-hidden=\"true\" class=\"wp-block-spacer\"><\/div>\n\n\n\n<div class=\"wp-block-buttons is-horizontal is-content-justification-center is-layout-flex wp-container-core-buttons-is-layout-499968f5 wp-block-buttons-is-layout-flex\">\n<div class=\"wp-block-button croButton2\"><a class=\"wp-block-button__link has-background wp-element-button\" href=\"https:\/\/psychologywithinreach.com\/es\/primer-contacto\/\" style=\"border-radius:50px;background-color:#68a9b0\">Primer contacto<\/a><\/div>\n<\/div>\n\n\n\n<div style=\"height:100px\" aria-hidden=\"true\" class=\"wp-block-spacer\"><\/div>\n<\/div><\/div>\n\n\n\n<div class=\"wp-block-group alignfull fondo-blanco has-base-3-background-color has-background\"><div class=\"wp-block-group__inner-container is-layout-flow wp-block-group-is-layout-flow\">\n<div style=\"height:60px\" aria-hidden=\"true\" class=\"wp-block-spacer\"><\/div>\n<\/div><\/div>\n\n\n\n<div class=\"wp-block-group alignfull fondo-blanco has-base-3-background-color has-background\"><div class=\"wp-block-group__inner-container is-layout-flow wp-block-group-is-layout-flow\">\n<div style=\"height:30px\" aria-hidden=\"true\" class=\"wp-block-spacer\"><\/div>\n\n\n\n<div class=\"wp-block-group alignfull fondo-blanco has-base-3-background-color has-background\"><div class=\"wp-block-group__inner-container is-layout-flow wp-block-group-is-layout-flow\">\n<div class=\"wp-block-columns croIcon3 is-layout-flex wp-container-core-columns-is-layout-9d6595d7 wp-block-columns-is-layout-flex\">\n<div class=\"wp-block-column is-layout-flow wp-block-column-is-layout-flow\"><div class=\"wp-block-image\">\n<figure class=\"aligncenter size-large is-resized\"><a href=\"\/es\/al-alcance\/\"><img decoding=\"async\" src=\"https:\/\/psychologywithinreach.com\/wp-content\/uploads\/icono-al-alcance.svg\" alt=\"\" class=\"wp-image-1170\" style=\"width:141px;height:75px\"\/><\/a><\/figure>\n<\/div>\n\n\n<h3 class=\"wp-block-heading has-text-align-center croTitle-3 has-text-color\" style=\"color:#d1cbc1\">Al alcance<\/h3>\n\n\n\n<p class=\"has-text-align-center croText\">Sobre m\u00ed y sobre c\u00f3mo mi consulta ofrece cuidado a la salud mental para acercar el sentido de hogar a nacionales e internacionales.<\/p>\n\n\n\n<div class=\"wp-block-buttons is-horizontal is-content-justification-center is-layout-flex wp-container-core-buttons-is-layout-499968f5 wp-block-buttons-is-layout-flex\">\n<div class=\"wp-block-button has-custom-width wp-block-button__width-75 croButton\"><a class=\"wp-block-button__link has-background wp-element-button\" href=\"\/es\/al-alcance\/\" style=\"border-radius:50px;background-color:#d1cbc1\">M\u00e1s sobre mi<\/a><\/div>\n<\/div>\n<\/div>\n\n\n\n<div class=\"wp-block-column cro3icon is-layout-flow wp-block-column-is-layout-flow\"><div class=\"wp-block-image\">\n<figure class=\"aligncenter size-large is-resized\"><a href=\"\/es\/antes-de-vernos\/\"><img decoding=\"async\" src=\"https:\/\/psychologywithinreach.com\/wp-content\/uploads\/icono-antes-de-vernos.svg\" alt=\"\" class=\"wp-image-1175\" style=\"width:141px;height:75px\"\/><\/a><\/figure>\n<\/div>\n\n\n<h3 class=\"wp-block-heading has-text-align-center croTitle-3 has-text-color\" style=\"color:#68a9b0\">Antes de vernos<\/h3>\n\n\n\n<p class=\"has-text-align-center croText\">Informaci\u00f3n pr\u00e1ctica antes de iniciar el proceso terap\u00e9utico, para que podamos establecer los l\u00edmites de nuestra relaci\u00f3n.<\/p>\n\n\n\n<div class=\"wp-block-buttons is-horizontal is-content-justification-center is-layout-flex wp-container-core-buttons-is-layout-499968f5 wp-block-buttons-is-layout-flex\">\n<div class=\"wp-block-button has-custom-width wp-block-button__width-75 croButton\"><a class=\"wp-block-button__link has-background wp-element-button\" href=\"\/es\/antes-de-vernos\/\" style=\"border-radius:50px;background-color:#68a9b0\">L\u00e9elo aqu\u00ed<\/a><\/div>\n<\/div>\n<\/div>\n\n\n\n<div class=\"wp-block-column cro3icon is-layout-flow wp-block-column-is-layout-flow\"><div class=\"wp-block-image\">\n<figure class=\"aligncenter size-large is-resized\"><a href=\"\/es\/aqui-y-ahora\/\"><img decoding=\"async\" src=\"https:\/\/psychologywithinreach.com\/wp-content\/uploads\/icono-aqui-y-ahora.svg\" alt=\"\" class=\"wp-image-1176\" style=\"width:150px;height:64px\"\/><\/a><\/figure>\n<\/div>\n\n\n<h3 class=\"wp-block-heading has-text-align-center croTitle-3 has-text-color\" style=\"color:#a07a8f\">Aqu\u00ed-y-ahora<\/h3>\n\n\n\n<p class=\"has-text-align-center croText\">El puente entre las diferentes formas de sufrimiento humano a las que nos enfrentamos y el apoyo terap\u00e9utico para aliviarlo.<\/p>\n\n\n\n<div class=\"wp-block-buttons is-horizontal is-content-justification-center is-layout-flex wp-container-core-buttons-is-layout-499968f5 wp-block-buttons-is-layout-flex\">\n<div class=\"wp-block-button has-custom-width wp-block-button__width-75 croButton\"><a class=\"wp-block-button__link has-background wp-element-button\" href=\"\/es\/aqui-y-ahora\/\" style=\"border-radius:50px;background-color:#a07a8f\">Con\u00f3celos<\/a><\/div>\n<\/div>\n<\/div>\n\n\n\n<div class=\"wp-block-column cro3icon fondo-blanco is-layout-flow wp-block-column-is-layout-flow\"><div class=\"wp-block-image\">\n<figure class=\"aligncenter size-large is-resized\"><a href=\"https:\/\/psychologywithinreach.com\/es\/por-venir\/\"><img decoding=\"async\" src=\"https:\/\/psychologywithinreach.com\/wp-content\/uploads\/icono-por-venir.svg\" alt=\"\" class=\"wp-image-1178\" style=\"width:141px;height:75px\"\/><\/a><\/figure>\n<\/div>\n\n\n<h3 class=\"wp-block-heading has-text-align-center croTitle-3 has-text-color\" style=\"color:#54899e\">Por-venir<\/h3>\n\n\n\n<p class=\"has-text-align-center croText\">Una vez abordada tu necesidad de apoyo, puedes decidir qu\u00e9 entorno te parece m\u00e1s adecuado para iniciar tu camino hacia sentirte mejor.<\/p>\n\n\n\n<div class=\"wp-block-buttons is-horizontal is-content-justification-center is-layout-flex wp-container-core-buttons-is-layout-499968f5 wp-block-buttons-is-layout-flex\">\n<div class=\"wp-block-button has-custom-width wp-block-button__width-75 croButton\"><a class=\"wp-block-button__link has-background wp-element-button\" href=\"https:\/\/psychologywithinreach.com\/es\/por-venir\/\" style=\"border-radius:50px;background-color:#54899e\">M\u00e1s sobre ello<\/a><\/div>\n<\/div>\n<\/div>\n<\/div>\n<\/div><\/div>\n\n\n\n<p><\/p>\n<\/div><\/div>\n\n\n\n<div class=\"wp-block-group alignfull fondo-blanco has-base-3-background-color has-background\"><div class=\"wp-block-group__inner-container is-layout-flow wp-block-group-is-layout-flow\">\n<div style=\"height:60px\" aria-hidden=\"true\" class=\"wp-block-spacer\"><\/div>\n<\/div><\/div>\n\n\n","protected":false},"excerpt":{"rendered":"<p>\u00bfQu\u00e9 ocurre cuando tenemos dudas que van m\u00e1s all\u00e1 del discurrir cotidiano de nuestras vidas o incluso de las elecciones que est\u00e1n bajo nuestro control? En alg\u00fan momento, podemos encontrarnos lidiando con preguntas que trascienden nuestra existencia cotidiana. Entre las m\u00e1s comunes est\u00e1n las preocupaciones existenciales relacionadas con la libertad y las responsabilidades que conlleva, &#8230; <a title=\"Dudas existenciales\" class=\"read-more\" href=\"https:\/\/psychologywithinreach.com\/es\/aqui-y-ahora\/dudas-existenciales\/\" aria-label=\"Leer m\u00e1s sobre Dudas existenciales\">Leer m\u00e1s<\/a><\/p>\n","protected":false},"author":2,"featured_media":0,"parent":561,"menu_order":0,"comment_status":"closed","ping_status":"closed","template":"","meta":{"_acf_changed":false,"inline_featured_image":false,"_uag_custom_page_level_css":"","footnotes":""},"class_list":["post-605","page","type-page","status-publish"],"acf":[],"yoast_head":"<!-- This site is optimized with the Yoast SEO plugin v27.4 - https:\/\/yoast.com\/product\/yoast-seo-wordpress\/ -->\n<title>Dudas existenciales - Psychology within Reach<\/title>\n<meta name=\"robots\" content=\"index, follow, max-snippet:-1, max-image-preview:large, max-video-preview:-1\" \/>\n<link rel=\"canonical\" href=\"https:\/\/psychologywithinreach.com\/es\/aqui-y-ahora\/dudas-existenciales\/\" \/>\n<meta property=\"og:locale\" content=\"es_ES\" \/>\n<meta property=\"og:type\" content=\"article\" \/>\n<meta property=\"og:title\" content=\"Dudas existenciales - Psychology within Reach\" \/>\n<meta property=\"og:description\" content=\"\u00bfQu\u00e9 ocurre cuando tenemos dudas que van m\u00e1s all\u00e1 del discurrir cotidiano de nuestras vidas o incluso de las elecciones que est\u00e1n bajo nuestro control? En alg\u00fan momento, podemos encontrarnos lidiando con preguntas que trascienden nuestra existencia cotidiana. Entre las m\u00e1s comunes est\u00e1n las preocupaciones existenciales relacionadas con la libertad y las responsabilidades que conlleva, ... Leer m\u00e1s\" \/>\n<meta property=\"og:url\" content=\"https:\/\/psychologywithinreach.com\/es\/aqui-y-ahora\/dudas-existenciales\/\" \/>\n<meta property=\"og:site_name\" content=\"Psychology within Reach\" \/>\n<meta property=\"article:publisher\" content=\"https:\/\/www.facebook.com\/psychologywithinreach\/\" \/>\n<meta property=\"article:modified_time\" content=\"2024-12-29T11:27:00+00:00\" \/>\n<meta property=\"og:image\" content=\"https:\/\/psychologywithinreach.com\/wp-content\/uploads\/shutterstock_1326556298.jpg\" \/>\n\t<meta property=\"og:image:width\" content=\"1400\" \/>\n\t<meta property=\"og:image:height\" content=\"1044\" \/>\n\t<meta property=\"og:image:type\" content=\"image\/jpeg\" \/>\n<meta name=\"twitter:card\" content=\"summary_large_image\" \/>\n<meta name=\"twitter:label1\" content=\"Tiempo de lectura\" \/>\n\t<meta name=\"twitter:data1\" content=\"6 minutos\" \/>\n<script type=\"application\/ld+json\" class=\"yoast-schema-graph\">{\"@context\":\"https:\\\/\\\/schema.org\",\"@graph\":[{\"@type\":\"WebPage\",\"@id\":\"https:\\\/\\\/psychologywithinreach.com\\\/es\\\/aqui-y-ahora\\\/dudas-existenciales\\\/\",\"url\":\"https:\\\/\\\/psychologywithinreach.com\\\/es\\\/aqui-y-ahora\\\/dudas-existenciales\\\/\",\"name\":\"Dudas existenciales - Psychology within Reach\",\"isPartOf\":{\"@id\":\"https:\\\/\\\/psychologywithinreach.com\\\/#website\"},\"primaryImageOfPage\":{\"@id\":\"https:\\\/\\\/psychologywithinreach.com\\\/es\\\/aqui-y-ahora\\\/dudas-existenciales\\\/#primaryimage\"},\"image\":{\"@id\":\"https:\\\/\\\/psychologywithinreach.com\\\/es\\\/aqui-y-ahora\\\/dudas-existenciales\\\/#primaryimage\"},\"thumbnailUrl\":\"https:\\\/\\\/psychologywithinreach.com\\\/wp-content\\\/uploads\\\/shutterstock_1326556298.jpg\",\"datePublished\":\"2021-10-22T13:53:38+00:00\",\"dateModified\":\"2024-12-29T11:27:00+00:00\",\"breadcrumb\":{\"@id\":\"https:\\\/\\\/psychologywithinreach.com\\\/es\\\/aqui-y-ahora\\\/dudas-existenciales\\\/#breadcrumb\"},\"inLanguage\":\"es\",\"potentialAction\":[{\"@type\":\"ReadAction\",\"target\":[\"https:\\\/\\\/psychologywithinreach.com\\\/es\\\/aqui-y-ahora\\\/dudas-existenciales\\\/\"]}]},{\"@type\":\"ImageObject\",\"inLanguage\":\"es\",\"@id\":\"https:\\\/\\\/psychologywithinreach.com\\\/es\\\/aqui-y-ahora\\\/dudas-existenciales\\\/#primaryimage\",\"url\":\"https:\\\/\\\/psychologywithinreach.com\\\/wp-content\\\/uploads\\\/shutterstock_1326556298.jpg\",\"contentUrl\":\"https:\\\/\\\/psychologywithinreach.com\\\/wp-content\\\/uploads\\\/shutterstock_1326556298.jpg\"},{\"@type\":\"BreadcrumbList\",\"@id\":\"https:\\\/\\\/psychologywithinreach.com\\\/es\\\/aqui-y-ahora\\\/dudas-existenciales\\\/#breadcrumb\",\"itemListElement\":[{\"@type\":\"ListItem\",\"position\":1,\"name\":\"Portada\",\"item\":\"https:\\\/\\\/psychologywithinreach.com\\\/es\\\/\"},{\"@type\":\"ListItem\",\"position\":2,\"name\":\"Aqu\u00ed-y-ahora\",\"item\":\"https:\\\/\\\/psychologywithinreach.com\\\/es\\\/aqui-y-ahora\\\/\"},{\"@type\":\"ListItem\",\"position\":3,\"name\":\"Dudas existenciales\"}]},{\"@type\":\"WebSite\",\"@id\":\"https:\\\/\\\/psychologywithinreach.com\\\/#website\",\"url\":\"https:\\\/\\\/psychologywithinreach.com\\\/\",\"name\":\"psychologywithinreach.com\",\"description\":\"Psychology within Reach offers psychological support in English and Spanish, especially aimed at expats and intercultural couples in transition through different parts of the world.\",\"publisher\":{\"@id\":\"https:\\\/\\\/psychologywithinreach.com\\\/#organization\"},\"potentialAction\":[{\"@type\":\"SearchAction\",\"target\":{\"@type\":\"EntryPoint\",\"urlTemplate\":\"https:\\\/\\\/psychologywithinreach.com\\\/?s={search_term_string}\"},\"query-input\":{\"@type\":\"PropertyValueSpecification\",\"valueRequired\":true,\"valueName\":\"search_term_string\"}}],\"inLanguage\":\"es\"},{\"@type\":\"Organization\",\"@id\":\"https:\\\/\\\/psychologywithinreach.com\\\/#organization\",\"name\":\"Psychology within Reach\",\"url\":\"https:\\\/\\\/psychologywithinreach.com\\\/\",\"logo\":{\"@type\":\"ImageObject\",\"inLanguage\":\"es\",\"@id\":\"https:\\\/\\\/psychologywithinreach.com\\\/#\\\/schema\\\/logo\\\/image\\\/\",\"url\":\"https:\\\/\\\/psychologywithinreach.com\\\/wp-content\\\/uploads\\\/logo-azul-fondo-blanco-scaled.jpg\",\"contentUrl\":\"https:\\\/\\\/psychologywithinreach.com\\\/wp-content\\\/uploads\\\/logo-azul-fondo-blanco-scaled.jpg\",\"width\":2560,\"height\":1362,\"caption\":\"Psychology within Reach\"},\"image\":{\"@id\":\"https:\\\/\\\/psychologywithinreach.com\\\/#\\\/schema\\\/logo\\\/image\\\/\"},\"sameAs\":[\"https:\\\/\\\/www.facebook.com\\\/psychologywithinreach\\\/\",\"https:\\\/\\\/www.instagram.com\\\/psychology_within_reach\\\/\",\"https:\\\/\\\/www.linkedin.com\\\/in\\\/nuria-maldonado-bellido-2a16ab6\\\/\"]}]}<\/script>\n<!-- \/ Yoast SEO plugin. -->","yoast_head_json":{"title":"Dudas existenciales - Psychology within Reach","robots":{"index":"index","follow":"follow","max-snippet":"max-snippet:-1","max-image-preview":"max-image-preview:large","max-video-preview":"max-video-preview:-1"},"canonical":"https:\/\/psychologywithinreach.com\/es\/aqui-y-ahora\/dudas-existenciales\/","og_locale":"es_ES","og_type":"article","og_title":"Dudas existenciales - Psychology within Reach","og_description":"\u00bfQu\u00e9 ocurre cuando tenemos dudas que van m\u00e1s all\u00e1 del discurrir cotidiano de nuestras vidas o incluso de las elecciones que est\u00e1n bajo nuestro control? En alg\u00fan momento, podemos encontrarnos lidiando con preguntas que trascienden nuestra existencia cotidiana. Entre las m\u00e1s comunes est\u00e1n las preocupaciones existenciales relacionadas con la libertad y las responsabilidades que conlleva, ... Leer m\u00e1s","og_url":"https:\/\/psychologywithinreach.com\/es\/aqui-y-ahora\/dudas-existenciales\/","og_site_name":"Psychology within Reach","article_publisher":"https:\/\/www.facebook.com\/psychologywithinreach\/","article_modified_time":"2024-12-29T11:27:00+00:00","og_image":[{"width":1400,"height":1044,"url":"https:\/\/psychologywithinreach.com\/wp-content\/uploads\/shutterstock_1326556298.jpg","type":"image\/jpeg"}],"twitter_card":"summary_large_image","twitter_misc":{"Tiempo de lectura":"6 minutos"},"schema":{"@context":"https:\/\/schema.org","@graph":[{"@type":"WebPage","@id":"https:\/\/psychologywithinreach.com\/es\/aqui-y-ahora\/dudas-existenciales\/","url":"https:\/\/psychologywithinreach.com\/es\/aqui-y-ahora\/dudas-existenciales\/","name":"Dudas existenciales - Psychology within Reach","isPartOf":{"@id":"https:\/\/psychologywithinreach.com\/#website"},"primaryImageOfPage":{"@id":"https:\/\/psychologywithinreach.com\/es\/aqui-y-ahora\/dudas-existenciales\/#primaryimage"},"image":{"@id":"https:\/\/psychologywithinreach.com\/es\/aqui-y-ahora\/dudas-existenciales\/#primaryimage"},"thumbnailUrl":"https:\/\/psychologywithinreach.com\/wp-content\/uploads\/shutterstock_1326556298.jpg","datePublished":"2021-10-22T13:53:38+00:00","dateModified":"2024-12-29T11:27:00+00:00","breadcrumb":{"@id":"https:\/\/psychologywithinreach.com\/es\/aqui-y-ahora\/dudas-existenciales\/#breadcrumb"},"inLanguage":"es","potentialAction":[{"@type":"ReadAction","target":["https:\/\/psychologywithinreach.com\/es\/aqui-y-ahora\/dudas-existenciales\/"]}]},{"@type":"ImageObject","inLanguage":"es","@id":"https:\/\/psychologywithinreach.com\/es\/aqui-y-ahora\/dudas-existenciales\/#primaryimage","url":"https:\/\/psychologywithinreach.com\/wp-content\/uploads\/shutterstock_1326556298.jpg","contentUrl":"https:\/\/psychologywithinreach.com\/wp-content\/uploads\/shutterstock_1326556298.jpg"},{"@type":"BreadcrumbList","@id":"https:\/\/psychologywithinreach.com\/es\/aqui-y-ahora\/dudas-existenciales\/#breadcrumb","itemListElement":[{"@type":"ListItem","position":1,"name":"Portada","item":"https:\/\/psychologywithinreach.com\/es\/"},{"@type":"ListItem","position":2,"name":"Aqu\u00ed-y-ahora","item":"https:\/\/psychologywithinreach.com\/es\/aqui-y-ahora\/"},{"@type":"ListItem","position":3,"name":"Dudas existenciales"}]},{"@type":"WebSite","@id":"https:\/\/psychologywithinreach.com\/#website","url":"https:\/\/psychologywithinreach.com\/","name":"psychologywithinreach.com","description":"Psychology within Reach offers psychological support in English and Spanish, especially aimed at expats and intercultural couples in transition through different parts of the world.","publisher":{"@id":"https:\/\/psychologywithinreach.com\/#organization"},"potentialAction":[{"@type":"SearchAction","target":{"@type":"EntryPoint","urlTemplate":"https:\/\/psychologywithinreach.com\/?s={search_term_string}"},"query-input":{"@type":"PropertyValueSpecification","valueRequired":true,"valueName":"search_term_string"}}],"inLanguage":"es"},{"@type":"Organization","@id":"https:\/\/psychologywithinreach.com\/#organization","name":"Psychology within Reach","url":"https:\/\/psychologywithinreach.com\/","logo":{"@type":"ImageObject","inLanguage":"es","@id":"https:\/\/psychologywithinreach.com\/#\/schema\/logo\/image\/","url":"https:\/\/psychologywithinreach.com\/wp-content\/uploads\/logo-azul-fondo-blanco-scaled.jpg","contentUrl":"https:\/\/psychologywithinreach.com\/wp-content\/uploads\/logo-azul-fondo-blanco-scaled.jpg","width":2560,"height":1362,"caption":"Psychology within Reach"},"image":{"@id":"https:\/\/psychologywithinreach.com\/#\/schema\/logo\/image\/"},"sameAs":["https:\/\/www.facebook.com\/psychologywithinreach\/","https:\/\/www.instagram.com\/psychology_within_reach\/","https:\/\/www.linkedin.com\/in\/nuria-maldonado-bellido-2a16ab6\/"]}]}},"uagb_featured_image_src":{"full":false,"thumbnail":false,"medium":false,"medium_large":false,"large":false,"1536x1536":false,"2048x2048":false},"uagb_author_info":{"display_name":"desarrollo","author_link":"https:\/\/psychologywithinreach.com\/es\/author\/desarrollo\/"},"uagb_comment_info":0,"uagb_excerpt":"\u00bfQu\u00e9 ocurre cuando tenemos dudas que van m\u00e1s all\u00e1 del discurrir cotidiano de nuestras vidas o incluso de las elecciones que est\u00e1n bajo nuestro control? En alg\u00fan momento, podemos encontrarnos lidiando con preguntas que trascienden nuestra existencia cotidiana. Entre las m\u00e1s comunes est\u00e1n las preocupaciones existenciales relacionadas con la libertad y las responsabilidades que conlleva,&hellip;","_links":{"self":[{"href":"https:\/\/psychologywithinreach.com\/es\/wp-json\/wp\/v2\/pages\/605","targetHints":{"allow":["GET"]}}],"collection":[{"href":"https:\/\/psychologywithinreach.com\/es\/wp-json\/wp\/v2\/pages"}],"about":[{"href":"https:\/\/psychologywithinreach.com\/es\/wp-json\/wp\/v2\/types\/page"}],"author":[{"embeddable":true,"href":"https:\/\/psychologywithinreach.com\/es\/wp-json\/wp\/v2\/users\/2"}],"replies":[{"embeddable":true,"href":"https:\/\/psychologywithinreach.com\/es\/wp-json\/wp\/v2\/comments?post=605"}],"version-history":[{"count":9,"href":"https:\/\/psychologywithinreach.com\/es\/wp-json\/wp\/v2\/pages\/605\/revisions"}],"predecessor-version":[{"id":3702,"href":"https:\/\/psychologywithinreach.com\/es\/wp-json\/wp\/v2\/pages\/605\/revisions\/3702"}],"up":[{"embeddable":true,"href":"https:\/\/psychologywithinreach.com\/es\/wp-json\/wp\/v2\/pages\/561"}],"wp:attachment":[{"href":"https:\/\/psychologywithinreach.com\/es\/wp-json\/wp\/v2\/media?parent=605"}],"curies":[{"name":"wp","href":"https:\/\/api.w.org\/{rel}","templated":true}]}}