{"id":663,"date":"2021-10-22T18:20:11","date_gmt":"2021-10-22T16:20:11","guid":{"rendered":"https:\/\/psychologywithinreach.com\/?page_id=663"},"modified":"2021-12-09T11:29:20","modified_gmt":"2021-12-09T10:29:20","slug":"terapia-de-grupo","status":"publish","type":"page","link":"https:\/\/psychologywithinreach.com\/es\/por-venir\/terapia-de-grupo\/","title":{"rendered":"Terapia de grupo"},"content":{"rendered":"\n<div class=\"wp-block-group mainTitle\"><div class=\"wp-block-group__inner-container is-layout-flow wp-block-group-is-layout-flow\">\n<h2 class=\"croSubtitle croInline wp-block-heading\">La vida ocurre \u2018en relaci\u00f3n\u2019.<\/h2>\n\n\n\n<p class=\"croSubtitle croInline\"> Nos relacionamos con el medio que nos rodea, desde el aire hasta las personas y es esta interacci\u00f3n la que nos lleva a ser quienes somos.<\/p>\n<\/div><\/div>\n\n\n\n<div class=\"wp-block-columns is-layout-flex wp-container-core-columns-is-layout-9d6595d7 wp-block-columns-is-layout-flex\">\n<div class=\"wp-block-column fondo-columna-patologias is-layout-flow wp-block-column-is-layout-flow\" style=\"flex-basis:100%\">\n<div class=\"wp-block-cover\" style=\"min-height:560px;aspect-ratio:unset;\"><img loading=\"lazy\" decoding=\"async\" width=\"2560\" height=\"1927\" class=\"wp-block-cover__image-background wp-image-2459\" alt=\"\" src=\"https:\/\/psychologywithinreach.com\/wp-content\/uploads\/20210812-scaled.jpg\" style=\"object-position:49% 52%\" data-object-fit=\"cover\" data-object-position=\"49% 52%\" srcset=\"https:\/\/psychologywithinreach.com\/wp-content\/uploads\/20210812-scaled.jpg 2560w, https:\/\/psychologywithinreach.com\/wp-content\/uploads\/20210812-300x226.jpg 300w, https:\/\/psychologywithinreach.com\/wp-content\/uploads\/20210812-1024x771.jpg 1024w, https:\/\/psychologywithinreach.com\/wp-content\/uploads\/20210812-768x578.jpg 768w, https:\/\/psychologywithinreach.com\/wp-content\/uploads\/20210812-1536x1156.jpg 1536w, https:\/\/psychologywithinreach.com\/wp-content\/uploads\/20210812-2048x1542.jpg 2048w\" sizes=\"auto, (max-width: 2560px) 100vw, 2560px\" \/><div class=\"wp-block-cover__inner-container is-layout-flow wp-block-cover-is-layout-flow\">\n<p class=\"has-large-font-size\"><\/p>\n<\/div><\/div>\n\n\n\n<div style=\"height:50px\" aria-hidden=\"true\" class=\"wp-block-spacer\"><\/div>\n<\/div>\n<\/div>\n\n\n\n<div class=\"wp-block-columns is-layout-flex wp-container-core-columns-is-layout-9d6595d7 wp-block-columns-is-layout-flex\">\n<div class=\"wp-block-column fondo-columna-patologias is-layout-flow wp-block-column-is-layout-flow\" style=\"flex-basis:50%\">\n<p>La terapia de grupo ha probado ser un recurso de un valor enorme en procesos de duelo, as\u00ed como en el acompa\u00f1amiento post terap\u00e9utico en adicciones, trastornos de la alimentaci\u00f3n y en el abordaje de momentos de crecimiento personal ligados a cuestiones existenciales y\/o de identidad.<\/p>\n\n\n\n<p>La vida ocurre \u2018en relaci\u00f3n\u2019. Nos relacionamos con el medio que nos rodea, desde el aire hasta las personas y es esta interacci\u00f3n la que nos lleva a ser quienes somos. Por esta raz\u00f3n, la terapia de grupo puede ser el campo de pr\u00e1cticas adecuado para abordar determinadas situaciones cr\u00edticas en nuestra vida o simplemente el crecimiento personal entre iguales. El grupo se convierte en un laboratorio de experiencias donde podemos ajustar nuestra forma de ser, hacer y estar con las dem\u00e1s personas y con nuestro propio SER.<\/p>\n\n\n\n<p>Tomar conciencia de mi YO significa reconocer c\u00f3mo vivo a trav\u00e9s de lo corporal, lo emocional y lo cognitivo. Darme cuenta de c\u00f3mo traduzco la \u00abrealidad\u00bb a nivel interno, de qu\u00e9 sensaci\u00f3n experimento, a qu\u00e9 emociones me conecto y qu\u00e9 me digo ante lo que me va sucediendo.<\/p>\n<\/div>\n\n\n\n<div class=\"wp-block-column is-layout-flow wp-block-column-is-layout-flow\" style=\"flex-basis:50%\">\n<p>En segundo lugar, la toma de conciencia del T\u00da permite ver<em> c\u00f3mo me relaciono con.<\/em>.. y <em>c\u00f3mo aprendo a relacionarme<\/em>. Aprender a decir que s\u00ed, a decir que no, a abrirme o a cerrarme, a acercarme o alejarme y, especialmente, a poner l\u00edmites. Poder contactar con un T\u00da, sin perderme o negarme en \u00e9l, ni perder o negar mi YO. Aprender a estar conmigo y con otra persona desde el respeto mutuo.<\/p>\n\n\n\n<p>Finalmente, el tomar conciencia de que formamos parte de un grupo nos permite reconocer que existe un sistema o \u2018campo\u2019, que tiene unas leyes, c\u00f3digos y valores. Puedo entonces darme cuenta de c\u00f3mo me ubico en \u00e9l, c\u00f3mo gestiono mis necesidades en el <em>campo <\/em>en el que me muevo, c\u00f3mo vivo los sentimientos de pertenencia y diferencia y cu\u00e1les son mis temores y mis anhelos en relaci\u00f3n con dichos sentimientos.<\/p>\n\n\n\n<p>Los grupos terap\u00e9uticos se anunciar\u00e1n en nuestra p\u00e1gina web y en nuestras redes sociales, junto con informaci\u00f3n sobre el n\u00famero m\u00ednimo y m\u00e1ximo de participantes para cada sesi\u00f3n, las fechas de las sesiones, los temas y el n\u00famero de sesiones iniciales.<\/p>\n\n\n\n<p>Si este es el entorno terap\u00e9utico que te interesa, tambi\u00e9n puedes ponerte en contacto conmigo para un primer encuentro virtual gratuito.<\/p>\n<\/div>\n<\/div>\n\n\n\n<div class=\"wp-block-group\"><div class=\"wp-block-group__inner-container is-layout-flow wp-block-group-is-layout-flow\">\n<div style=\"height:100px\" aria-hidden=\"true\" class=\"wp-block-spacer\"><\/div>\n\n\n\n<h2 class=\"wp-block-heading has-text-align-center has-text-color\" style=\"color:#336275\"><em>Un viaje de mil millas comienza con un primer paso<\/em><\/h2>\n\n\n\n<p class=\"has-text-align-center\">Te invito a conocerme y decidir si podr\u00eda ser una buena compa\u00f1era de camino.<\/p>\n\n\n\n<div style=\"height:20px\" aria-hidden=\"true\" class=\"wp-block-spacer\"><\/div>\n\n\n\n<div class=\"wp-block-buttons is-horizontal is-content-justification-center is-layout-flex wp-container-core-buttons-is-layout-499968f5 wp-block-buttons-is-layout-flex\">\n<div class=\"wp-block-button croButton2\"><a class=\"wp-block-button__link has-background wp-element-button\" href=\"https:\/\/psychologywithinreach.com\/es\/primer-contacto\/\" style=\"border-radius:50px;background-color:#68a9b0\">Primer contacto<\/a><\/div>\n<\/div>\n\n\n\n<div style=\"height:100px\" aria-hidden=\"true\" class=\"wp-block-spacer\"><\/div>\n<\/div><\/div>\n\n\n\n<div class=\"wp-block-group alignfull fondo-blanco has-base-3-background-color has-background\"><div class=\"wp-block-group__inner-container is-layout-flow wp-block-group-is-layout-flow\">\n<div style=\"height:30px\" aria-hidden=\"true\" class=\"wp-block-spacer\"><\/div>\n\n\n\n<div style=\"height:30px\" aria-hidden=\"true\" class=\"wp-block-spacer\"><\/div>\n\n\n\n<div class=\"wp-block-group alignfull fondo-blanco has-base-3-background-color has-background\"><div class=\"wp-block-group__inner-container is-layout-flow wp-block-group-is-layout-flow\">\n<div class=\"wp-block-columns croIcon3 is-layout-flex wp-container-core-columns-is-layout-9d6595d7 wp-block-columns-is-layout-flex\">\n<div class=\"wp-block-column is-layout-flow wp-block-column-is-layout-flow\"><div class=\"wp-block-image\">\n<figure class=\"aligncenter size-large is-resized\"><a href=\"\/es\/al-alcance\/\"><img decoding=\"async\" src=\"https:\/\/psychologywithinreach.com\/wp-content\/uploads\/icono-al-alcance.svg\" alt=\"\" class=\"wp-image-1170\" style=\"width:141px;height:75px\"\/><\/a><\/figure>\n<\/div>\n\n\n<h3 class=\"wp-block-heading has-text-align-center croTitle-3 has-text-color\" style=\"color:#d1cbc1\">Al alcance<\/h3>\n\n\n\n<p class=\"has-text-align-center croText\">Sobre m\u00ed y sobre c\u00f3mo mi consulta ofrece cuidado a la salud mental para acercar el sentido de hogar a nacionales e internacionales.<\/p>\n\n\n\n<div class=\"wp-block-buttons is-horizontal is-content-justification-center is-layout-flex wp-container-core-buttons-is-layout-499968f5 wp-block-buttons-is-layout-flex\">\n<div class=\"wp-block-button has-custom-width wp-block-button__width-75 croButton\"><a class=\"wp-block-button__link has-background wp-element-button\" href=\"\/es\/al-alcance\/\" style=\"border-radius:50px;background-color:#d1cbc1\">M\u00e1s sobre mi<\/a><\/div>\n<\/div>\n<\/div>\n\n\n\n<div class=\"wp-block-column cro3icon is-layout-flow wp-block-column-is-layout-flow\"><div class=\"wp-block-image\">\n<figure class=\"aligncenter size-large is-resized\"><a href=\"\/es\/antes-de-vernos\/\"><img decoding=\"async\" src=\"https:\/\/psychologywithinreach.com\/wp-content\/uploads\/icono-antes-de-vernos.svg\" alt=\"\" class=\"wp-image-1175\" style=\"width:141px;height:75px\"\/><\/a><\/figure>\n<\/div>\n\n\n<h3 class=\"wp-block-heading has-text-align-center croTitle-3 has-text-color\" style=\"color:#68a9b0\">Antes de vernos<\/h3>\n\n\n\n<p class=\"has-text-align-center croText\">Informaci\u00f3n pr\u00e1ctica antes de iniciar el proceso terap\u00e9utico, para que podamos establecer los l\u00edmites de nuestra relaci\u00f3n.<\/p>\n\n\n\n<div class=\"wp-block-buttons is-horizontal is-content-justification-center is-layout-flex wp-container-core-buttons-is-layout-499968f5 wp-block-buttons-is-layout-flex\">\n<div class=\"wp-block-button has-custom-width wp-block-button__width-75 croButton\"><a class=\"wp-block-button__link has-background wp-element-button\" href=\"\/es\/antes-de-vernos\/\" style=\"border-radius:50px;background-color:#68a9b0\">L\u00e9elo aqu\u00ed<\/a><\/div>\n<\/div>\n<\/div>\n\n\n\n<div class=\"wp-block-column cro3icon is-layout-flow wp-block-column-is-layout-flow\"><div class=\"wp-block-image\">\n<figure class=\"aligncenter size-large is-resized\"><a href=\"\/es\/aqui-y-ahora\/\"><img decoding=\"async\" src=\"https:\/\/psychologywithinreach.com\/wp-content\/uploads\/icono-aqui-y-ahora.svg\" alt=\"\" class=\"wp-image-1176\" style=\"width:150px;height:64px\"\/><\/a><\/figure>\n<\/div>\n\n\n<h3 class=\"wp-block-heading has-text-align-center croTitle-3 has-text-color\" style=\"color:#a07a8f\">Aqu\u00ed-y-ahora<\/h3>\n\n\n\n<p class=\"has-text-align-center croText\">El puente entre las diferentes formas de sufrimiento humano a las que nos enfrentamos y el apoyo terap\u00e9utico para aliviarlo.<\/p>\n\n\n\n<div class=\"wp-block-buttons is-horizontal is-content-justification-center is-layout-flex wp-container-core-buttons-is-layout-499968f5 wp-block-buttons-is-layout-flex\">\n<div class=\"wp-block-button has-custom-width wp-block-button__width-75 croButton\"><a class=\"wp-block-button__link has-background wp-element-button\" href=\"\/es\/aqui-y-ahora\/\" style=\"border-radius:50px;background-color:#a07a8f\">Con\u00f3celos<\/a><\/div>\n<\/div>\n<\/div>\n\n\n\n<div class=\"wp-block-column cro3icon fondo-blanco is-layout-flow wp-block-column-is-layout-flow\"><div class=\"wp-block-image\">\n<figure class=\"aligncenter size-large is-resized\"><a href=\"https:\/\/psychologywithinreach.com\/es\/por-venir\/\"><img decoding=\"async\" src=\"https:\/\/psychologywithinreach.com\/wp-content\/uploads\/icono-por-venir.svg\" alt=\"\" class=\"wp-image-1178\" style=\"width:141px;height:75px\"\/><\/a><\/figure>\n<\/div>\n\n\n<h3 class=\"wp-block-heading has-text-align-center croTitle-3 has-text-color\" style=\"color:#54899e\">Por-venir<\/h3>\n\n\n\n<p class=\"has-text-align-center croText\">Una vez abordada tu necesidad de apoyo, puedes decidir qu\u00e9 entorno te parece m\u00e1s adecuado para iniciar tu camino hacia sentirte mejor.<\/p>\n\n\n\n<div class=\"wp-block-buttons is-horizontal is-content-justification-center is-layout-flex wp-container-core-buttons-is-layout-499968f5 wp-block-buttons-is-layout-flex\">\n<div class=\"wp-block-button has-custom-width wp-block-button__width-75 croButton\"><a class=\"wp-block-button__link has-background wp-element-button\" href=\"https:\/\/psychologywithinreach.com\/es\/por-venir\/\" style=\"border-radius:50px;background-color:#54899e\">M\u00e1s sobre ello<\/a><\/div>\n<\/div>\n<\/div>\n<\/div>\n<\/div><\/div>\n\n\n\n<p><\/p>\n<\/div><\/div>\n\n\n\n<div class=\"wp-block-group alignfull fondo-blanco has-base-3-background-color has-background\"><div class=\"wp-block-group__inner-container is-layout-flow wp-block-group-is-layout-flow\">\n<div style=\"height:30px\" aria-hidden=\"true\" class=\"wp-block-spacer\"><\/div>\n<\/div><\/div>\n\n\n","protected":false},"excerpt":{"rendered":"<p>La vida ocurre \u2018en relaci\u00f3n\u2019. Nos relacionamos con el medio que nos rodea, desde el aire hasta las personas y es esta interacci\u00f3n la que nos lleva a ser quienes somos. La terapia de grupo ha probado ser un recurso de un valor enorme en procesos de duelo, as\u00ed como en el acompa\u00f1amiento post terap\u00e9utico &#8230; <a title=\"Terapia de grupo\" class=\"read-more\" href=\"https:\/\/psychologywithinreach.com\/es\/por-venir\/terapia-de-grupo\/\" aria-label=\"Leer m\u00e1s sobre Terapia de grupo\">Leer m\u00e1s<\/a><\/p>\n","protected":false},"author":2,"featured_media":0,"parent":91,"menu_order":0,"comment_status":"closed","ping_status":"closed","template":"","meta":{"_acf_changed":false,"inline_featured_image":false,"_uag_custom_page_level_css":"","footnotes":""},"class_list":["post-663","page","type-page","status-publish"],"acf":[],"yoast_head":"<!-- This site is optimized with the Yoast SEO plugin v27.4 - https:\/\/yoast.com\/product\/yoast-seo-wordpress\/ -->\n<title>Terapia de grupo - Psychology within Reach<\/title>\n<meta name=\"robots\" content=\"index, follow, max-snippet:-1, max-image-preview:large, max-video-preview:-1\" \/>\n<link rel=\"canonical\" href=\"https:\/\/psychologywithinreach.com\/es\/por-venir\/terapia-de-grupo\/\" \/>\n<meta property=\"og:locale\" content=\"es_ES\" \/>\n<meta property=\"og:type\" content=\"article\" \/>\n<meta property=\"og:title\" content=\"Terapia de grupo - Psychology within Reach\" \/>\n<meta property=\"og:description\" content=\"La vida ocurre \u2018en relaci\u00f3n\u2019. Nos relacionamos con el medio que nos rodea, desde el aire hasta las personas y es esta interacci\u00f3n la que nos lleva a ser quienes somos. La terapia de grupo ha probado ser un recurso de un valor enorme en procesos de duelo, as\u00ed como en el acompa\u00f1amiento post terap\u00e9utico ... Leer m\u00e1s\" \/>\n<meta property=\"og:url\" content=\"https:\/\/psychologywithinreach.com\/es\/por-venir\/terapia-de-grupo\/\" \/>\n<meta property=\"og:site_name\" content=\"Psychology within Reach\" \/>\n<meta property=\"article:publisher\" content=\"https:\/\/www.facebook.com\/psychologywithinreach\/\" \/>\n<meta property=\"article:modified_time\" content=\"2021-12-09T10:29:20+00:00\" \/>\n<meta property=\"og:image\" content=\"https:\/\/psychologywithinreach.com\/wp-content\/uploads\/20210812-scaled.jpg\" \/>\n<meta name=\"twitter:card\" content=\"summary_large_image\" \/>\n<meta name=\"twitter:label1\" content=\"Tiempo de lectura\" \/>\n\t<meta name=\"twitter:data1\" content=\"2 minutos\" \/>\n<script type=\"application\/ld+json\" class=\"yoast-schema-graph\">{\"@context\":\"https:\\\/\\\/schema.org\",\"@graph\":[{\"@type\":\"WebPage\",\"@id\":\"https:\\\/\\\/psychologywithinreach.com\\\/es\\\/por-venir\\\/terapia-de-grupo\\\/\",\"url\":\"https:\\\/\\\/psychologywithinreach.com\\\/es\\\/por-venir\\\/terapia-de-grupo\\\/\",\"name\":\"Terapia de grupo - Psychology within Reach\",\"isPartOf\":{\"@id\":\"https:\\\/\\\/psychologywithinreach.com\\\/#website\"},\"primaryImageOfPage\":{\"@id\":\"https:\\\/\\\/psychologywithinreach.com\\\/es\\\/por-venir\\\/terapia-de-grupo\\\/#primaryimage\"},\"image\":{\"@id\":\"https:\\\/\\\/psychologywithinreach.com\\\/es\\\/por-venir\\\/terapia-de-grupo\\\/#primaryimage\"},\"thumbnailUrl\":\"https:\\\/\\\/psychologywithinreach.com\\\/wp-content\\\/uploads\\\/20210812-scaled.jpg\",\"datePublished\":\"2021-10-22T16:20:11+00:00\",\"dateModified\":\"2021-12-09T10:29:20+00:00\",\"breadcrumb\":{\"@id\":\"https:\\\/\\\/psychologywithinreach.com\\\/es\\\/por-venir\\\/terapia-de-grupo\\\/#breadcrumb\"},\"inLanguage\":\"es\",\"potentialAction\":[{\"@type\":\"ReadAction\",\"target\":[\"https:\\\/\\\/psychologywithinreach.com\\\/es\\\/por-venir\\\/terapia-de-grupo\\\/\"]}]},{\"@type\":\"ImageObject\",\"inLanguage\":\"es\",\"@id\":\"https:\\\/\\\/psychologywithinreach.com\\\/es\\\/por-venir\\\/terapia-de-grupo\\\/#primaryimage\",\"url\":\"https:\\\/\\\/psychologywithinreach.com\\\/wp-content\\\/uploads\\\/20210812-scaled.jpg\",\"contentUrl\":\"https:\\\/\\\/psychologywithinreach.com\\\/wp-content\\\/uploads\\\/20210812-scaled.jpg\"},{\"@type\":\"BreadcrumbList\",\"@id\":\"https:\\\/\\\/psychologywithinreach.com\\\/es\\\/por-venir\\\/terapia-de-grupo\\\/#breadcrumb\",\"itemListElement\":[{\"@type\":\"ListItem\",\"position\":1,\"name\":\"Portada\",\"item\":\"https:\\\/\\\/psychologywithinreach.com\\\/es\\\/\"},{\"@type\":\"ListItem\",\"position\":2,\"name\":\"Por-venir\",\"item\":\"https:\\\/\\\/psychologywithinreach.com\\\/es\\\/por-venir\\\/\"},{\"@type\":\"ListItem\",\"position\":3,\"name\":\"Terapia de grupo\"}]},{\"@type\":\"WebSite\",\"@id\":\"https:\\\/\\\/psychologywithinreach.com\\\/#website\",\"url\":\"https:\\\/\\\/psychologywithinreach.com\\\/\",\"name\":\"psychologywithinreach.com\",\"description\":\"Psychology within Reach offers psychological support in English and Spanish, especially aimed at expats and intercultural couples in transition through different parts of the world.\",\"publisher\":{\"@id\":\"https:\\\/\\\/psychologywithinreach.com\\\/#organization\"},\"potentialAction\":[{\"@type\":\"SearchAction\",\"target\":{\"@type\":\"EntryPoint\",\"urlTemplate\":\"https:\\\/\\\/psychologywithinreach.com\\\/?s={search_term_string}\"},\"query-input\":{\"@type\":\"PropertyValueSpecification\",\"valueRequired\":true,\"valueName\":\"search_term_string\"}}],\"inLanguage\":\"es\"},{\"@type\":\"Organization\",\"@id\":\"https:\\\/\\\/psychologywithinreach.com\\\/#organization\",\"name\":\"Psychology within Reach\",\"url\":\"https:\\\/\\\/psychologywithinreach.com\\\/\",\"logo\":{\"@type\":\"ImageObject\",\"inLanguage\":\"es\",\"@id\":\"https:\\\/\\\/psychologywithinreach.com\\\/#\\\/schema\\\/logo\\\/image\\\/\",\"url\":\"https:\\\/\\\/psychologywithinreach.com\\\/wp-content\\\/uploads\\\/logo-azul-fondo-blanco-scaled.jpg\",\"contentUrl\":\"https:\\\/\\\/psychologywithinreach.com\\\/wp-content\\\/uploads\\\/logo-azul-fondo-blanco-scaled.jpg\",\"width\":2560,\"height\":1362,\"caption\":\"Psychology within Reach\"},\"image\":{\"@id\":\"https:\\\/\\\/psychologywithinreach.com\\\/#\\\/schema\\\/logo\\\/image\\\/\"},\"sameAs\":[\"https:\\\/\\\/www.facebook.com\\\/psychologywithinreach\\\/\",\"https:\\\/\\\/www.instagram.com\\\/psychology_within_reach\\\/\",\"https:\\\/\\\/www.linkedin.com\\\/in\\\/nuria-maldonado-bellido-2a16ab6\\\/\"]}]}<\/script>\n<!-- \/ Yoast SEO plugin. -->","yoast_head_json":{"title":"Terapia de grupo - Psychology within Reach","robots":{"index":"index","follow":"follow","max-snippet":"max-snippet:-1","max-image-preview":"max-image-preview:large","max-video-preview":"max-video-preview:-1"},"canonical":"https:\/\/psychologywithinreach.com\/es\/por-venir\/terapia-de-grupo\/","og_locale":"es_ES","og_type":"article","og_title":"Terapia de grupo - Psychology within Reach","og_description":"La vida ocurre \u2018en relaci\u00f3n\u2019. Nos relacionamos con el medio que nos rodea, desde el aire hasta las personas y es esta interacci\u00f3n la que nos lleva a ser quienes somos. La terapia de grupo ha probado ser un recurso de un valor enorme en procesos de duelo, as\u00ed como en el acompa\u00f1amiento post terap\u00e9utico ... Leer m\u00e1s","og_url":"https:\/\/psychologywithinreach.com\/es\/por-venir\/terapia-de-grupo\/","og_site_name":"Psychology within Reach","article_publisher":"https:\/\/www.facebook.com\/psychologywithinreach\/","article_modified_time":"2021-12-09T10:29:20+00:00","og_image":[{"url":"https:\/\/psychologywithinreach.com\/wp-content\/uploads\/20210812-scaled.jpg","type":"","width":"","height":""}],"twitter_card":"summary_large_image","twitter_misc":{"Tiempo de lectura":"2 minutos"},"schema":{"@context":"https:\/\/schema.org","@graph":[{"@type":"WebPage","@id":"https:\/\/psychologywithinreach.com\/es\/por-venir\/terapia-de-grupo\/","url":"https:\/\/psychologywithinreach.com\/es\/por-venir\/terapia-de-grupo\/","name":"Terapia de grupo - Psychology within Reach","isPartOf":{"@id":"https:\/\/psychologywithinreach.com\/#website"},"primaryImageOfPage":{"@id":"https:\/\/psychologywithinreach.com\/es\/por-venir\/terapia-de-grupo\/#primaryimage"},"image":{"@id":"https:\/\/psychologywithinreach.com\/es\/por-venir\/terapia-de-grupo\/#primaryimage"},"thumbnailUrl":"https:\/\/psychologywithinreach.com\/wp-content\/uploads\/20210812-scaled.jpg","datePublished":"2021-10-22T16:20:11+00:00","dateModified":"2021-12-09T10:29:20+00:00","breadcrumb":{"@id":"https:\/\/psychologywithinreach.com\/es\/por-venir\/terapia-de-grupo\/#breadcrumb"},"inLanguage":"es","potentialAction":[{"@type":"ReadAction","target":["https:\/\/psychologywithinreach.com\/es\/por-venir\/terapia-de-grupo\/"]}]},{"@type":"ImageObject","inLanguage":"es","@id":"https:\/\/psychologywithinreach.com\/es\/por-venir\/terapia-de-grupo\/#primaryimage","url":"https:\/\/psychologywithinreach.com\/wp-content\/uploads\/20210812-scaled.jpg","contentUrl":"https:\/\/psychologywithinreach.com\/wp-content\/uploads\/20210812-scaled.jpg"},{"@type":"BreadcrumbList","@id":"https:\/\/psychologywithinreach.com\/es\/por-venir\/terapia-de-grupo\/#breadcrumb","itemListElement":[{"@type":"ListItem","position":1,"name":"Portada","item":"https:\/\/psychologywithinreach.com\/es\/"},{"@type":"ListItem","position":2,"name":"Por-venir","item":"https:\/\/psychologywithinreach.com\/es\/por-venir\/"},{"@type":"ListItem","position":3,"name":"Terapia de grupo"}]},{"@type":"WebSite","@id":"https:\/\/psychologywithinreach.com\/#website","url":"https:\/\/psychologywithinreach.com\/","name":"psychologywithinreach.com","description":"Psychology within Reach offers psychological support in English and Spanish, especially aimed at expats and intercultural couples in transition through different parts of the world.","publisher":{"@id":"https:\/\/psychologywithinreach.com\/#organization"},"potentialAction":[{"@type":"SearchAction","target":{"@type":"EntryPoint","urlTemplate":"https:\/\/psychologywithinreach.com\/?s={search_term_string}"},"query-input":{"@type":"PropertyValueSpecification","valueRequired":true,"valueName":"search_term_string"}}],"inLanguage":"es"},{"@type":"Organization","@id":"https:\/\/psychologywithinreach.com\/#organization","name":"Psychology within Reach","url":"https:\/\/psychologywithinreach.com\/","logo":{"@type":"ImageObject","inLanguage":"es","@id":"https:\/\/psychologywithinreach.com\/#\/schema\/logo\/image\/","url":"https:\/\/psychologywithinreach.com\/wp-content\/uploads\/logo-azul-fondo-blanco-scaled.jpg","contentUrl":"https:\/\/psychologywithinreach.com\/wp-content\/uploads\/logo-azul-fondo-blanco-scaled.jpg","width":2560,"height":1362,"caption":"Psychology within Reach"},"image":{"@id":"https:\/\/psychologywithinreach.com\/#\/schema\/logo\/image\/"},"sameAs":["https:\/\/www.facebook.com\/psychologywithinreach\/","https:\/\/www.instagram.com\/psychology_within_reach\/","https:\/\/www.linkedin.com\/in\/nuria-maldonado-bellido-2a16ab6\/"]}]}},"uagb_featured_image_src":{"full":false,"thumbnail":false,"medium":false,"medium_large":false,"large":false,"1536x1536":false,"2048x2048":false},"uagb_author_info":{"display_name":"desarrollo","author_link":"https:\/\/psychologywithinreach.com\/es\/author\/desarrollo\/"},"uagb_comment_info":0,"uagb_excerpt":"La vida ocurre \u2018en relaci\u00f3n\u2019. Nos relacionamos con el medio que nos rodea, desde el aire hasta las personas y es esta interacci\u00f3n la que nos lleva a ser quienes somos. La terapia de grupo ha probado ser un recurso de un valor enorme en procesos de duelo, as\u00ed como en el acompa\u00f1amiento post terap\u00e9utico&hellip;","_links":{"self":[{"href":"https:\/\/psychologywithinreach.com\/es\/wp-json\/wp\/v2\/pages\/663","targetHints":{"allow":["GET"]}}],"collection":[{"href":"https:\/\/psychologywithinreach.com\/es\/wp-json\/wp\/v2\/pages"}],"about":[{"href":"https:\/\/psychologywithinreach.com\/es\/wp-json\/wp\/v2\/types\/page"}],"author":[{"embeddable":true,"href":"https:\/\/psychologywithinreach.com\/es\/wp-json\/wp\/v2\/users\/2"}],"replies":[{"embeddable":true,"href":"https:\/\/psychologywithinreach.com\/es\/wp-json\/wp\/v2\/comments?post=663"}],"version-history":[{"count":13,"href":"https:\/\/psychologywithinreach.com\/es\/wp-json\/wp\/v2\/pages\/663\/revisions"}],"predecessor-version":[{"id":2464,"href":"https:\/\/psychologywithinreach.com\/es\/wp-json\/wp\/v2\/pages\/663\/revisions\/2464"}],"up":[{"embeddable":true,"href":"https:\/\/psychologywithinreach.com\/es\/wp-json\/wp\/v2\/pages\/91"}],"wp:attachment":[{"href":"https:\/\/psychologywithinreach.com\/es\/wp-json\/wp\/v2\/media?parent=663"}],"curies":[{"name":"wp","href":"https:\/\/api.w.org\/{rel}","templated":true}]}}