{"id":843,"date":"2021-10-28T13:24:57","date_gmt":"2021-10-28T11:24:57","guid":{"rendered":"https:\/\/psychologywithinreach.com\/?page_id=843"},"modified":"2021-12-20T18:28:04","modified_gmt":"2021-12-20T17:28:04","slug":"uso-de-cookies","status":"publish","type":"page","link":"https:\/\/psychologywithinreach.com\/es\/uso-de-cookies\/","title":{"rendered":"Pol\u00edtica de cookies"},"content":{"rendered":"\n<p>El acceso a este Sitio Web puede implicar la utilizaci\u00f3n de cookies. Las cookies son peque\u00f1as cantidades de informaci\u00f3n que se almacenan en el navegador utilizado por cada persona Usuaria \u2014en los distintos dispositivos que pueda utilizar para navegar\u2014 para que el servidor recuerde cierta informaci\u00f3n que posteriormente y \u00fanicamente el servidor que la implement\u00f3 leer\u00e1. Las cookies facilitan la navegaci\u00f3n, la hacen m\u00e1s amigable, y no da\u00f1an el dispositivo de navegaci\u00f3n<\/p>\n\n\n\n<p>Las cookies son procedimientos autom\u00e1ticos de recogida de informaci\u00f3n relativa a las preferencias determinadas por la persona Usuaria durante su visita al Sitio Web con el fin de reconocerle como persona Usuaria, y personalizar su experiencia y el uso del Sitio Web, y pueden tambi\u00e9n, por ejemplo, ayudar a identificar y resolver errores.<\/p>\n\n\n\n<p>La informaci\u00f3n recabada a trav\u00e9s de las cookies puede incluir la fecha y hora de visitas al Sitio Web, las p\u00e1ginas visionadas, el tiempo que ha estado en el Sitio Web y los sitios visitados justo antes y despu\u00e9s del mismo. Sin embargo, ninguna cookie permite que esta misma pueda contactarse con el n\u00famero de tel\u00e9fono de la persona Usuaria o con cualquier otro medio de contacto personal. Ninguna cookie puede extraer informaci\u00f3n del disco duro de la persona Usuaria o robar informaci\u00f3n personal. La \u00fanica manera de que la informaci\u00f3n privada de la persona Usuaria forme parte del archivo Cookie es que la persona usuaria d\u00e9 personalmente esa informaci\u00f3n al servidor.<\/p>\n\n\n\n<p>Las cookies que permiten identificar a una persona se consideran datos personales. Por tanto, a las mismas les ser\u00e1 de aplicaci\u00f3n la Pol\u00edtica de Privacidad anteriormente descrita. En este sentido, para la utilizaci\u00f3n de las mismas ser\u00e1 necesario el consentimiento de la persona Usuaria. Este consentimiento ser\u00e1 comunicado, en base a una elecci\u00f3n aut\u00e9ntica, ofrecido mediante una decisi\u00f3n afirmativa y positiva, antes del tratamiento inicial, removible y documentado.<\/p>\n\n\n\n<p><strong>Cookies propias<\/strong><\/p>\n\n\n\n<p>Son aquellas cookies que son enviadas al ordenador o dispositivo de la persona Usuaria y gestionadas exclusivamente por Psychology within Reach para el mejor funcionamiento del Sitio Web. La informaci\u00f3n que se recaba se emplea para mejorar la calidad del Sitio Web y su Contenido y su experiencia como persona Usuaria. Estas cookies permiten reconocer a la persona Usuaria como visitante recurrente del Sitio Web y adaptar el contenido para ofrecerle contenidos que se ajusten a sus preferencias.<\/p>\n\n\n\n<p><strong>Cookies de terceros<\/strong><\/p>\n\n\n\n<p>Son cookies utilizadas y gestionadas por entidades externas que proporcionan a Psychology within Reach servicios solicitados por esta misma para mejorar el Sitio Web y la experiencia de la persona usuaria al navegar en el Sitio Web. Los principales objetivos para los que se utilizan cookies de terceros son la obtenci\u00f3n de estad\u00edsticas de accesos y analizar la informaci\u00f3n de la navegaci\u00f3n, es decir, c\u00f3mo interact\u00faa la persona Usuaria con el Sitio Web.<\/p>\n\n\n\n<p>La informaci\u00f3n que se obtiene se refiere, por ejemplo, al n\u00famero de p\u00e1ginas visitadas, el idioma, el lugar a la que la direcci\u00f3n IP desde el que accede la persona Usuaria, el n\u00famero de personas Usuarias que acceden, la frecuencia y reincidencia de las visitas, el tiempo de visita, el navegador que usan, el operador o tipo de dipositivo desde el que se realiza la visita. Esta informaci\u00f3n se utiliza para mejorar el Sitio Web, y detectar nuevas necesidades para ofrecer a las personas Usuarias un Contenido y\/o servicio de \u00f3ptima calidad. En todo caso, la informaci\u00f3n se recopila de forma an\u00f3nima y se elaboran informes de tendencias del Sitio Web sin identificar a personas usuarias individualmente.<\/p>\n\n\n\n<p>Puede obtener m\u00e1s informaci\u00f3n sobre las cookies, la informaci\u00f3n sobre la privacidad, o consultar la descripci\u00f3n del tipo de cookies que se utiliza, sus principales caracter\u00edsticas, periodo de expiraci\u00f3n, etc. en el siguiente(s) enlace(s): <a href=\"https:\/\/marketingplatform.google.com\/about\/analytics\/\">https:\/\/marketingplatform.google.com\/about\/analytics\/<\/a><\/p>\n\n\n\n<p>La(s) entidad(es) encargada(s) del suministro de cookies podr\u00e1(n) ceder esta informaci\u00f3n a terceros, siempre y cuando lo exija la ley o sea un tercero el que procese esta informaci\u00f3n para dichas entidades.<\/p>\n\n\n\n<p><\/p>\n\n\n\n<p><strong>Cookies de redes sociales<\/strong><\/p>\n\n\n\n<p>Psychology within Reach incorpora plugins de redes sociales, que permiten acceder a las mismas a partir del Sitio Web. Por esta raz\u00f3n, las cookies de redes sociales pueden almacenarse en el navegador de la persona Usuaria. Quienes son titulares de dichas redes sociales disponen de sus propias pol\u00edticas de protecci\u00f3n de datos y de cookies, siendo asimismo, en cada caso, responsables de sus propios ficheros y de sus propias pr\u00e1cticas de privacidad. La persona Usuaria debe referirse a las mismas para informarse acerca de dichas cookies y, en su caso, del tratamiento de sus datos personales. U\u0301nicamente a t\u00edtulo informativo se indican a continuaci\u00f3n los enlaces en los que se pueden consultar dichas pol\u00edticas de privacidad y\/o de cookies:<\/p>\n\n\n\n<p>Facebook: https:\/\/www.facebook.com\/policies\/cookies\/<br>Twitter: https:\/\/twitter.com\/es\/privacy<br>Instagram: https:\/\/help.instagram.com\/1896641480634370?ref=ig<br>YouTube: https:\/\/policies.google.com\/privacy?hl=es-419&amp;gl=mx<br>Pinterest: https:\/\/policy.pinterest.com\/es\/privacy-policy<br>LinkedIn: https:\/\/www.linkedin.com\/legal\/cookie-policy?trk=hp-cookies<br><br><strong>Deshabilitar, rechazar y eliminar cookies<\/strong><\/p>\n\n\n\n<p>La persona Usuaria puede deshabilitar, rechazar y eliminar las cookies \u2014total o parcialmente\u2014 instaladas en su dispositivo mediante la configuraci\u00f3n de su navegador (entre los que se encuentran, por ejemplo, Chrome, Firefox, Safari, Explorer). En este sentido, los procedimientos para rechazar y eliminar las cookies pueden diferir de un navegador de Internet a otro. En consecuencia, la persona Usuaria debe acudir a las instrucciones facilitadas por el propio navegador de Internet que est\u00e9 utilizando. En el supuesto de que rechace el uso de cookies \u2014total o parcialmente\u2014 podr\u00e1 seguir usando el Sitio Web, si bien podr\u00e1 tener limitada la utilizaci\u00f3n de algunas de las prestaciones del mismo.<\/p>\n\n\n\n<div style=\"height:100px\" aria-hidden=\"true\" class=\"wp-block-spacer\"><\/div>\n","protected":false},"excerpt":{"rendered":"<p>El acceso a este Sitio Web puede implicar la utilizaci\u00f3n de cookies. Las cookies son peque\u00f1as cantidades de informaci\u00f3n que se almacenan en el navegador utilizado por cada persona Usuaria \u2014en los distintos dispositivos que pueda utilizar para navegar\u2014 para que el servidor recuerde cierta informaci\u00f3n que posteriormente y \u00fanicamente el servidor que la implement\u00f3 &#8230; <a title=\"Pol\u00edtica de cookies\" class=\"read-more\" href=\"https:\/\/psychologywithinreach.com\/es\/uso-de-cookies\/\" aria-label=\"Leer m\u00e1s sobre Pol\u00edtica de cookies\">Leer m\u00e1s<\/a><\/p>\n","protected":false},"author":2,"featured_media":0,"parent":0,"menu_order":0,"comment_status":"closed","ping_status":"closed","template":"","meta":{"_acf_changed":false,"inline_featured_image":false,"_uag_custom_page_level_css":"","footnotes":""},"class_list":["post-843","page","type-page","status-publish"],"acf":[],"yoast_head":"<!-- This site is optimized with the Yoast SEO plugin v27.4 - https:\/\/yoast.com\/product\/yoast-seo-wordpress\/ -->\n<title>Pol\u00edtica de cookies - Psychology within Reach<\/title>\n<meta name=\"robots\" content=\"noindex, follow\" \/>\n<meta property=\"og:locale\" content=\"es_ES\" \/>\n<meta property=\"og:type\" content=\"article\" \/>\n<meta property=\"og:title\" content=\"Pol\u00edtica de cookies - Psychology within Reach\" \/>\n<meta property=\"og:description\" content=\"El acceso a este Sitio Web puede implicar la utilizaci\u00f3n de cookies. Las cookies son peque\u00f1as cantidades de informaci\u00f3n que se almacenan en el navegador utilizado por cada persona Usuaria \u2014en los distintos dispositivos que pueda utilizar para navegar\u2014 para que el servidor recuerde cierta informaci\u00f3n que posteriormente y \u00fanicamente el servidor que la implement\u00f3 ... Leer m\u00e1s\" \/>\n<meta property=\"og:url\" content=\"https:\/\/psychologywithinreach.com\/es\/uso-de-cookies\/\" \/>\n<meta property=\"og:site_name\" content=\"Psychology within Reach\" \/>\n<meta property=\"article:publisher\" content=\"https:\/\/www.facebook.com\/psychologywithinreach\/\" \/>\n<meta property=\"article:modified_time\" content=\"2021-12-20T17:28:04+00:00\" \/>\n<meta name=\"twitter:card\" content=\"summary_large_image\" \/>\n<meta name=\"twitter:label1\" content=\"Tiempo de lectura\" \/>\n\t<meta name=\"twitter:data1\" content=\"4 minutos\" \/>\n<script type=\"application\/ld+json\" class=\"yoast-schema-graph\">{\"@context\":\"https:\\\/\\\/schema.org\",\"@graph\":[{\"@type\":\"WebPage\",\"@id\":\"https:\\\/\\\/psychologywithinreach.com\\\/es\\\/uso-de-cookies\\\/\",\"url\":\"https:\\\/\\\/psychologywithinreach.com\\\/es\\\/uso-de-cookies\\\/\",\"name\":\"Pol\u00edtica de cookies - Psychology within Reach\",\"isPartOf\":{\"@id\":\"https:\\\/\\\/psychologywithinreach.com\\\/#website\"},\"datePublished\":\"2021-10-28T11:24:57+00:00\",\"dateModified\":\"2021-12-20T17:28:04+00:00\",\"breadcrumb\":{\"@id\":\"https:\\\/\\\/psychologywithinreach.com\\\/es\\\/uso-de-cookies\\\/#breadcrumb\"},\"inLanguage\":\"es\",\"potentialAction\":[{\"@type\":\"ReadAction\",\"target\":[\"https:\\\/\\\/psychologywithinreach.com\\\/es\\\/uso-de-cookies\\\/\"]}]},{\"@type\":\"BreadcrumbList\",\"@id\":\"https:\\\/\\\/psychologywithinreach.com\\\/es\\\/uso-de-cookies\\\/#breadcrumb\",\"itemListElement\":[{\"@type\":\"ListItem\",\"position\":1,\"name\":\"Portada\",\"item\":\"https:\\\/\\\/psychologywithinreach.com\\\/es\\\/\"},{\"@type\":\"ListItem\",\"position\":2,\"name\":\"Pol\u00edtica de cookies\"}]},{\"@type\":\"WebSite\",\"@id\":\"https:\\\/\\\/psychologywithinreach.com\\\/#website\",\"url\":\"https:\\\/\\\/psychologywithinreach.com\\\/\",\"name\":\"psychologywithinreach.com\",\"description\":\"Psychology within Reach offers psychological support in English and Spanish, especially aimed at expats and intercultural couples in transition through different parts of the world.\",\"publisher\":{\"@id\":\"https:\\\/\\\/psychologywithinreach.com\\\/#organization\"},\"potentialAction\":[{\"@type\":\"SearchAction\",\"target\":{\"@type\":\"EntryPoint\",\"urlTemplate\":\"https:\\\/\\\/psychologywithinreach.com\\\/?s={search_term_string}\"},\"query-input\":{\"@type\":\"PropertyValueSpecification\",\"valueRequired\":true,\"valueName\":\"search_term_string\"}}],\"inLanguage\":\"es\"},{\"@type\":\"Organization\",\"@id\":\"https:\\\/\\\/psychologywithinreach.com\\\/#organization\",\"name\":\"Psychology within Reach\",\"url\":\"https:\\\/\\\/psychologywithinreach.com\\\/\",\"logo\":{\"@type\":\"ImageObject\",\"inLanguage\":\"es\",\"@id\":\"https:\\\/\\\/psychologywithinreach.com\\\/#\\\/schema\\\/logo\\\/image\\\/\",\"url\":\"https:\\\/\\\/psychologywithinreach.com\\\/wp-content\\\/uploads\\\/logo-azul-fondo-blanco-scaled.jpg\",\"contentUrl\":\"https:\\\/\\\/psychologywithinreach.com\\\/wp-content\\\/uploads\\\/logo-azul-fondo-blanco-scaled.jpg\",\"width\":2560,\"height\":1362,\"caption\":\"Psychology within Reach\"},\"image\":{\"@id\":\"https:\\\/\\\/psychologywithinreach.com\\\/#\\\/schema\\\/logo\\\/image\\\/\"},\"sameAs\":[\"https:\\\/\\\/www.facebook.com\\\/psychologywithinreach\\\/\",\"https:\\\/\\\/www.instagram.com\\\/psychology_within_reach\\\/\",\"https:\\\/\\\/www.linkedin.com\\\/in\\\/nuria-maldonado-bellido-2a16ab6\\\/\"]}]}<\/script>\n<!-- \/ Yoast SEO plugin. -->","yoast_head_json":{"title":"Pol\u00edtica de cookies - Psychology within Reach","robots":{"index":"noindex","follow":"follow"},"og_locale":"es_ES","og_type":"article","og_title":"Pol\u00edtica de cookies - Psychology within Reach","og_description":"El acceso a este Sitio Web puede implicar la utilizaci\u00f3n de cookies. Las cookies son peque\u00f1as cantidades de informaci\u00f3n que se almacenan en el navegador utilizado por cada persona Usuaria \u2014en los distintos dispositivos que pueda utilizar para navegar\u2014 para que el servidor recuerde cierta informaci\u00f3n que posteriormente y \u00fanicamente el servidor que la implement\u00f3 ... Leer m\u00e1s","og_url":"https:\/\/psychologywithinreach.com\/es\/uso-de-cookies\/","og_site_name":"Psychology within Reach","article_publisher":"https:\/\/www.facebook.com\/psychologywithinreach\/","article_modified_time":"2021-12-20T17:28:04+00:00","twitter_card":"summary_large_image","twitter_misc":{"Tiempo de lectura":"4 minutos"},"schema":{"@context":"https:\/\/schema.org","@graph":[{"@type":"WebPage","@id":"https:\/\/psychologywithinreach.com\/es\/uso-de-cookies\/","url":"https:\/\/psychologywithinreach.com\/es\/uso-de-cookies\/","name":"Pol\u00edtica de cookies - Psychology within Reach","isPartOf":{"@id":"https:\/\/psychologywithinreach.com\/#website"},"datePublished":"2021-10-28T11:24:57+00:00","dateModified":"2021-12-20T17:28:04+00:00","breadcrumb":{"@id":"https:\/\/psychologywithinreach.com\/es\/uso-de-cookies\/#breadcrumb"},"inLanguage":"es","potentialAction":[{"@type":"ReadAction","target":["https:\/\/psychologywithinreach.com\/es\/uso-de-cookies\/"]}]},{"@type":"BreadcrumbList","@id":"https:\/\/psychologywithinreach.com\/es\/uso-de-cookies\/#breadcrumb","itemListElement":[{"@type":"ListItem","position":1,"name":"Portada","item":"https:\/\/psychologywithinreach.com\/es\/"},{"@type":"ListItem","position":2,"name":"Pol\u00edtica de cookies"}]},{"@type":"WebSite","@id":"https:\/\/psychologywithinreach.com\/#website","url":"https:\/\/psychologywithinreach.com\/","name":"psychologywithinreach.com","description":"Psychology within Reach offers psychological support in English and Spanish, especially aimed at expats and intercultural couples in transition through different parts of the world.","publisher":{"@id":"https:\/\/psychologywithinreach.com\/#organization"},"potentialAction":[{"@type":"SearchAction","target":{"@type":"EntryPoint","urlTemplate":"https:\/\/psychologywithinreach.com\/?s={search_term_string}"},"query-input":{"@type":"PropertyValueSpecification","valueRequired":true,"valueName":"search_term_string"}}],"inLanguage":"es"},{"@type":"Organization","@id":"https:\/\/psychologywithinreach.com\/#organization","name":"Psychology within Reach","url":"https:\/\/psychologywithinreach.com\/","logo":{"@type":"ImageObject","inLanguage":"es","@id":"https:\/\/psychologywithinreach.com\/#\/schema\/logo\/image\/","url":"https:\/\/psychologywithinreach.com\/wp-content\/uploads\/logo-azul-fondo-blanco-scaled.jpg","contentUrl":"https:\/\/psychologywithinreach.com\/wp-content\/uploads\/logo-azul-fondo-blanco-scaled.jpg","width":2560,"height":1362,"caption":"Psychology within Reach"},"image":{"@id":"https:\/\/psychologywithinreach.com\/#\/schema\/logo\/image\/"},"sameAs":["https:\/\/www.facebook.com\/psychologywithinreach\/","https:\/\/www.instagram.com\/psychology_within_reach\/","https:\/\/www.linkedin.com\/in\/nuria-maldonado-bellido-2a16ab6\/"]}]}},"uagb_featured_image_src":{"full":false,"thumbnail":false,"medium":false,"medium_large":false,"large":false,"1536x1536":false,"2048x2048":false},"uagb_author_info":{"display_name":"desarrollo","author_link":"https:\/\/psychologywithinreach.com\/es\/author\/desarrollo\/"},"uagb_comment_info":0,"uagb_excerpt":"El acceso a este Sitio Web puede implicar la utilizaci\u00f3n de cookies. Las cookies son peque\u00f1as cantidades de informaci\u00f3n que se almacenan en el navegador utilizado por cada persona Usuaria \u2014en los distintos dispositivos que pueda utilizar para navegar\u2014 para que el servidor recuerde cierta informaci\u00f3n que posteriormente y \u00fanicamente el servidor que la implement\u00f3&hellip;","_links":{"self":[{"href":"https:\/\/psychologywithinreach.com\/es\/wp-json\/wp\/v2\/pages\/843","targetHints":{"allow":["GET"]}}],"collection":[{"href":"https:\/\/psychologywithinreach.com\/es\/wp-json\/wp\/v2\/pages"}],"about":[{"href":"https:\/\/psychologywithinreach.com\/es\/wp-json\/wp\/v2\/types\/page"}],"author":[{"embeddable":true,"href":"https:\/\/psychologywithinreach.com\/es\/wp-json\/wp\/v2\/users\/2"}],"replies":[{"embeddable":true,"href":"https:\/\/psychologywithinreach.com\/es\/wp-json\/wp\/v2\/comments?post=843"}],"version-history":[{"count":7,"href":"https:\/\/psychologywithinreach.com\/es\/wp-json\/wp\/v2\/pages\/843\/revisions"}],"predecessor-version":[{"id":2526,"href":"https:\/\/psychologywithinreach.com\/es\/wp-json\/wp\/v2\/pages\/843\/revisions\/2526"}],"wp:attachment":[{"href":"https:\/\/psychologywithinreach.com\/es\/wp-json\/wp\/v2\/media?parent=843"}],"curies":[{"name":"wp","href":"https:\/\/api.w.org\/{rel}","templated":true}]}}