{"id":91,"date":"2021-06-09T13:13:27","date_gmt":"2021-06-09T11:13:27","guid":{"rendered":"https:\/\/psychologywithinreach.com\/?page_id=91"},"modified":"2024-12-27T22:40:44","modified_gmt":"2024-12-27T21:40:44","slug":"por-venir","status":"publish","type":"page","link":"https:\/\/psychologywithinreach.com\/es\/por-venir\/","title":{"rendered":"Por-venir"},"content":{"rendered":"\n<div class=\"wp-block-group mainTitle\"><div class=\"wp-block-group__inner-container is-layout-flow wp-block-group-is-layout-flow\">\n<p class=\"croSubtitle\"><em>La \u00abesperanza\u00bb es esa cosa con plumas<\/em><br><span style=\"font-size: 18px;\">EMILY DICKINSON<\/span><\/p>\n<\/div><\/div>\n\n\n\n<div class=\"wp-block-columns is-layout-flex wp-container-core-columns-is-layout-9d6595d7 wp-block-columns-is-layout-flex\">\n<div class=\"wp-block-column is-layout-flow wp-block-column-is-layout-flow\" style=\"flex-basis:50%\">\n<p>Una vez identificada tu necesidad de apoyo, podr\u00e1s elegir el formato que te resulte m\u00e1s adecuado para comenzar tu camino hacia el bienestar, incluyendo el lugar de encuentro, as\u00ed como la duraci\u00f3n y la frecuencia de las sesiones.<\/p>\n<\/div>\n\n\n\n<div class=\"wp-block-column croImage is-layout-flow wp-block-column-is-layout-flow\" style=\"flex-basis:50%\">\n<p><\/p>\n<\/div>\n<\/div>\n\n\n\n<div style=\"height:20px\" aria-hidden=\"true\" class=\"wp-block-spacer\"><\/div>\n\n\n\n<div class=\"wp-block-columns alignwide croBlockduo pa20lr is-layout-flex wp-container-core-columns-is-layout-9d6595d7 wp-block-columns-is-layout-flex\">\n<div class=\"wp-block-column croColumnText ora is-layout-flow wp-block-column-is-layout-flow\" style=\"flex-basis:66.66%\">\n<figure class=\"wp-block-image size-large is-resized\"><img decoding=\"async\" src=\"https:\/\/psychologywithinreach.com\/wp-content\/uploads\/ico-individual.svg\" alt=\"\" class=\"wp-image-622\" style=\"width:90px;height:45px\"\/><\/figure>\n\n\n\n<h2 class=\"wp-block-heading croTitle-5\">Terapia individual<\/h2>\n\n\n\n<p>Un espacio (relacional) seguro en el que abordar la situaci\u00f3n que atraviesas y recibir apoyo para encontrar los recursos propios con los que avanzar en la misma.<\/p>\n\n\n\n<div class=\"wp-block-buttons is-layout-flex wp-block-buttons-is-layout-flex\">\n<div class=\"wp-block-button croButton\"><a class=\"wp-block-button__link has-background wp-element-button\" href=\"https:\/\/psychologywithinreach.com\/es\/por-venir\/terapia-individual\/\" style=\"background-color:#336275\">Saber m\u00e1s<\/a><\/div>\n<\/div>\n<\/div>\n\n\n\n<div class=\"wp-block-column croImage is-layout-flow wp-block-column-is-layout-flow\" style=\"flex-basis:33.33%\">\n<div class=\"wp-block-cover is-light\"><span aria-hidden=\"true\" class=\"wp-block-cover__background has-white-background-color has-background-dim-0 has-background-dim\"><\/span><img loading=\"lazy\" decoding=\"async\" width=\"900\" height=\"677\" class=\"wp-block-cover__image-background wp-image-1724\" alt=\"\" src=\"https:\/\/psychologywithinreach.com\/wp-content\/uploads\/terapia-individual-dos.jpg\" style=\"object-position:51% 44%\" data-object-fit=\"cover\" data-object-position=\"51% 44%\" srcset=\"https:\/\/psychologywithinreach.com\/wp-content\/uploads\/terapia-individual-dos.jpg 900w, https:\/\/psychologywithinreach.com\/wp-content\/uploads\/terapia-individual-dos-300x226.jpg 300w, https:\/\/psychologywithinreach.com\/wp-content\/uploads\/terapia-individual-dos-768x578.jpg 768w\" sizes=\"auto, (max-width: 900px) 100vw, 900px\" \/><div class=\"wp-block-cover__inner-container is-layout-flow wp-block-cover-is-layout-flow\">\n<p class=\"has-text-align-center has-large-font-size\"><\/p>\n<\/div><\/div>\n<\/div>\n<\/div>\n\n\n\n<div class=\"wp-block-columns alignwide croBlockduo pa20 is-layout-flex wp-container-core-columns-is-layout-9d6595d7 wp-block-columns-is-layout-flex\">\n<div class=\"wp-block-column croImage is-layout-flow wp-block-column-is-layout-flow\" style=\"flex-basis:33.66%\">\n<div class=\"wp-block-cover is-light\"><span aria-hidden=\"true\" class=\"wp-block-cover__background has-background-dim-0 has-background-dim\"><\/span><img loading=\"lazy\" decoding=\"async\" width=\"900\" height=\"600\" class=\"wp-block-cover__image-background wp-image-468\" alt=\"\" src=\"https:\/\/psychologywithinreach.com\/wp-content\/uploads\/terapia-pareja-dos.jpg\" data-object-fit=\"cover\" srcset=\"https:\/\/psychologywithinreach.com\/wp-content\/uploads\/terapia-pareja-dos.jpg 900w, https:\/\/psychologywithinreach.com\/wp-content\/uploads\/terapia-pareja-dos-300x200.jpg 300w, https:\/\/psychologywithinreach.com\/wp-content\/uploads\/terapia-pareja-dos-768x512.jpg 768w\" sizes=\"auto, (max-width: 900px) 100vw, 900px\" \/><div class=\"wp-block-cover__inner-container is-layout-flow wp-block-cover-is-layout-flow\">\n<p class=\"has-text-align-center has-large-font-size\"><\/p>\n<\/div><\/div>\n<\/div>\n\n\n\n<div class=\"wp-block-column croColumnText blue is-layout-flow wp-block-column-is-layout-flow\" style=\"flex-basis:66.66%\">\n<figure class=\"wp-block-image size-large is-resized\"><img decoding=\"async\" src=\"https:\/\/psychologywithinreach.com\/wp-content\/uploads\/ico-pareja.svg\" alt=\"\" class=\"wp-image-630\" style=\"width:113px;height:37px\"\/><\/figure>\n\n\n\n<h2 class=\"wp-block-heading croTitle-5\">Terapia de pareja<\/h2>\n\n\n\n<p>\u00abEncontrarse\u00bb dentro de la relaci\u00f3n, activando los recursos personales que nos permiten mostrar nuestras necesidades a la otra persona de forma responsable y honesta; aprendiendo a sintonizar y satisfacernos mutuamente en la medida de lo posible.<\/p>\n\n\n\n<div class=\"wp-block-buttons is-layout-flex wp-block-buttons-is-layout-flex\">\n<div class=\"wp-block-button croButton\"><a class=\"wp-block-button__link has-background wp-element-button\" href=\"https:\/\/psychologywithinreach.com\/es\/por-venir\/terapia-de-pareja\/\" style=\"border-radius:50px;background-color:#e5989b\">Saber m\u00e1s<\/a><\/div>\n<\/div>\n<\/div>\n<\/div>\n\n\n\n<div class=\"wp-block-columns alignwide croBlockduo pa20lr is-layout-flex wp-container-core-columns-is-layout-9d6595d7 wp-block-columns-is-layout-flex\">\n<div class=\"wp-block-column croColumnText db is-layout-flow wp-block-column-is-layout-flow\" style=\"flex-basis:66.66%\">\n<figure class=\"wp-block-image size-large is-resized\"><img decoding=\"async\" src=\"https:\/\/psychologywithinreach.com\/wp-content\/uploads\/ico-grupo.svg\" alt=\"\" class=\"wp-image-620\" style=\"width:90px;height:90px\"\/><\/figure>\n\n\n\n<h2 class=\"wp-block-heading croTitle-5\">Terapia de grupo<\/h2>\n\n\n\n<p>Ya sea en el abordaje de momentos de crecimiento personal ligados a cuestiones existenciales y\/o de identidad, ya sea en procesos de duelo o a continuaci\u00f3n de tratamientos por abuso de sustancias o trastornos de la alimentaci\u00f3n, la terapia de grupo ha probado ser un recurso de enorme valor.<\/p>\n\n\n\n<div class=\"wp-block-buttons is-layout-flex wp-block-buttons-is-layout-flex\">\n<div class=\"wp-block-button croButton\"><a class=\"wp-block-button__link has-background wp-element-button\" href=\"https:\/\/psychologywithinreach.com\/es\/por-venir\/terapia-de-grupo\/\" style=\"border-radius:50px;background-color:#68a9b0\">Saber m\u00e1s<\/a><\/div>\n<\/div>\n<\/div>\n\n\n\n<div class=\"wp-block-column croImage is-layout-flow wp-block-column-is-layout-flow\" style=\"flex-basis:33.33%\">\n<div class=\"wp-block-cover is-light\"><span aria-hidden=\"true\" class=\"wp-block-cover__background has-background-dim-0 has-background-dim\"><\/span><img loading=\"lazy\" decoding=\"async\" width=\"900\" height=\"678\" class=\"wp-block-cover__image-background wp-image-469\" alt=\"\" src=\"https:\/\/psychologywithinreach.com\/wp-content\/uploads\/terapia-grupo-dos.jpg\" data-object-fit=\"cover\" srcset=\"https:\/\/psychologywithinreach.com\/wp-content\/uploads\/terapia-grupo-dos.jpg 900w, https:\/\/psychologywithinreach.com\/wp-content\/uploads\/terapia-grupo-dos-300x226.jpg 300w, https:\/\/psychologywithinreach.com\/wp-content\/uploads\/terapia-grupo-dos-768x579.jpg 768w\" sizes=\"auto, (max-width: 900px) 100vw, 900px\" \/><div class=\"wp-block-cover__inner-container is-layout-flow wp-block-cover-is-layout-flow\">\n<p class=\"has-text-align-center has-large-font-size\"><\/p>\n<\/div><\/div>\n<\/div>\n<\/div>\n\n\n\n<div class=\"wp-block-group\"><div class=\"wp-block-group__inner-container is-layout-flow wp-block-group-is-layout-flow\">\n<div style=\"height:100px\" aria-hidden=\"true\" class=\"wp-block-spacer\"><\/div>\n\n\n\n<h2 class=\"wp-block-heading has-text-align-center has-text-color\" style=\"color:#336275\"><em>Un viaje de mil millas comienza con un primer paso<\/em><\/h2>\n\n\n\n<p class=\"has-text-align-center\">Te invito a conocerme y decidir si podr\u00eda ser una buena compa\u00f1era de camino.<\/p>\n\n\n\n<div style=\"height:20px\" aria-hidden=\"true\" class=\"wp-block-spacer\"><\/div>\n\n\n\n<div class=\"wp-block-buttons is-horizontal is-content-justification-center is-layout-flex wp-container-core-buttons-is-layout-499968f5 wp-block-buttons-is-layout-flex\">\n<div class=\"wp-block-button croButton2\"><a class=\"wp-block-button__link has-background wp-element-button\" href=\"https:\/\/psychologywithinreach.com\/es\/primer-contacto\/\" style=\"border-radius:50px;background-color:#68a9b0\">Primer contacto<\/a><\/div>\n<\/div>\n\n\n\n<div style=\"height:100px\" aria-hidden=\"true\" class=\"wp-block-spacer\"><\/div>\n<\/div><\/div>\n\n\n\n<div class=\"wp-block-group alignfull fondo-blanco has-base-3-background-color has-background\"><div class=\"wp-block-group__inner-container is-layout-flow wp-block-group-is-layout-flow\">\n<div style=\"height:30px\" aria-hidden=\"true\" class=\"wp-block-spacer\"><\/div>\n<\/div><\/div>\n\n\n\n<div class=\"wp-block-group alignfull fondo-blanco has-base-3-background-color has-background\"><div class=\"wp-block-group__inner-container is-layout-flow wp-block-group-is-layout-flow\">\n<div class=\"wp-block-columns croIcon3 is-layout-flex wp-container-core-columns-is-layout-9d6595d7 wp-block-columns-is-layout-flex\">\n<div class=\"wp-block-column cro3icon is-layout-flow wp-block-column-is-layout-flow\"><div class=\"wp-block-image\">\n<figure class=\"aligncenter size-large is-resized\"><a href=\"https:\/\/psychologywithinreach.com\/es\/al-alcance\/\"><img decoding=\"async\" src=\"https:\/\/psychologywithinreach.com\/wp-content\/uploads\/icono-al-alcance.svg\" alt=\"\" class=\"wp-image-1170\" style=\"width:141px;height:75px\"\/><\/a><\/figure>\n<\/div>\n\n\n<h3 class=\"wp-block-heading has-text-align-center croTitle-3 has-text-color\" style=\"color:#d1cbc1\">Al alcance<\/h3>\n\n\n\n<p class=\"has-text-align-center croText\">Sobre m\u00ed y sobre c\u00f3mo mi consulta ofrece cuidado a la salud mental para acercar el sentido de hogar a nacionales e internacionales.<\/p>\n\n\n\n<div class=\"wp-block-buttons is-horizontal is-content-justification-center is-layout-flex wp-container-core-buttons-is-layout-499968f5 wp-block-buttons-is-layout-flex\">\n<div class=\"wp-block-button has-custom-width wp-block-button__width-75 croButton\"><a class=\"wp-block-button__link has-background wp-element-button\" href=\"https:\/\/psychologywithinreach.com\/es\/al-alcance\/\" style=\"border-radius:50px;background-color:#d1cbc1\">M\u00e1s sobre mi<\/a><\/div>\n<\/div>\n<\/div>\n\n\n\n<div class=\"wp-block-column cro3icon is-layout-flow wp-block-column-is-layout-flow\"><div class=\"wp-block-image\">\n<figure class=\"aligncenter size-large is-resized\"><a href=\"https:\/\/psychologywithinreach.com\/es\/antes-de-vernos\/\"><img decoding=\"async\" src=\"https:\/\/psychologywithinreach.com\/wp-content\/uploads\/icono-antes-de-vernos.svg\" alt=\"\" class=\"wp-image-1175\" style=\"width:141px;height:75px\"\/><\/a><\/figure>\n<\/div>\n\n\n<h3 class=\"wp-block-heading has-text-align-center croTitle-3 has-text-color\" style=\"color:#68a9b0\">Antes de vernos<\/h3>\n\n\n\n<p class=\"has-text-align-center croText\">Informaci\u00f3n pr\u00e1ctica antes de iniciar el proceso terap\u00e9utico para que podamos establecer los l\u00edmites de nuestra relaci\u00f3n.<\/p>\n\n\n\n<div class=\"wp-block-buttons is-horizontal is-content-justification-center is-layout-flex wp-container-core-buttons-is-layout-499968f5 wp-block-buttons-is-layout-flex\">\n<div class=\"wp-block-button has-custom-width wp-block-button__width-75 croButton\"><a class=\"wp-block-button__link has-background wp-element-button\" href=\"https:\/\/psychologywithinreach.com\/es\/antes-de-vernos\/\" style=\"border-radius:50px;background-color:#68a9b0\">L\u00e9elo aqu\u00ed<\/a><\/div>\n<\/div>\n<\/div>\n\n\n\n<div class=\"wp-block-column cro3icon is-layout-flow wp-block-column-is-layout-flow\"><div class=\"wp-block-image\">\n<figure class=\"aligncenter size-large is-resized\"><a href=\"https:\/\/psychologywithinreach.com\/aqui-y-ahora\/\"><img decoding=\"async\" src=\"https:\/\/psychologywithinreach.com\/wp-content\/uploads\/icono-aqui-y-ahora.svg\" alt=\"\" class=\"wp-image-1176\" style=\"width:150px;height:64px\"\/><\/a><\/figure>\n<\/div>\n\n\n<h3 class=\"wp-block-heading has-text-align-center croTitle-3 has-text-color\" style=\"color:#a07a8f\">Aqu\u00ed-y-ahora<\/h3>\n\n\n\n<p class=\"has-text-align-center croText\">El puente entre las diferentes formas de sufrimiento humano a los que nos enfrentamos y el apoyo terap\u00e9utico para aliviarlo.<\/p>\n\n\n\n<div class=\"wp-block-buttons is-horizontal is-content-justification-center is-layout-flex wp-container-core-buttons-is-layout-499968f5 wp-block-buttons-is-layout-flex\">\n<div class=\"wp-block-button has-custom-width wp-block-button__width-75 croButton\"><a class=\"wp-block-button__link has-background wp-element-button\" href=\"https:\/\/psychologywithinreach.com\/es\/aqui-y-ahora\/\" style=\"border-radius:50px;background-color:#a07a8f\">Con\u00f3celos<\/a><\/div>\n<\/div>\n<\/div>\n<\/div>\n<\/div><\/div>\n\n\n\n<div class=\"wp-block-group alignfull fondo-blanco has-base-3-background-color has-background\"><div class=\"wp-block-group__inner-container is-layout-flow wp-block-group-is-layout-flow\">\n<div style=\"height:30px\" aria-hidden=\"true\" class=\"wp-block-spacer\"><\/div>\n<\/div><\/div>\n\n\n","protected":false},"excerpt":{"rendered":"<p>La \u00abesperanza\u00bb es esa cosa con plumasEMILY DICKINSON Una vez identificada tu necesidad de apoyo, podr\u00e1s elegir el formato que te resulte m\u00e1s adecuado para comenzar tu camino hacia el bienestar, incluyendo el lugar de encuentro, as\u00ed como la duraci\u00f3n y la frecuencia de las sesiones. Terapia individual Un espacio (relacional) seguro en el que &#8230; <a title=\"Por-venir\" class=\"read-more\" href=\"https:\/\/psychologywithinreach.com\/es\/por-venir\/\" aria-label=\"Leer m\u00e1s sobre Por-venir\">Leer m\u00e1s<\/a><\/p>\n","protected":false},"author":1,"featured_media":0,"parent":0,"menu_order":0,"comment_status":"closed","ping_status":"closed","template":"","meta":{"_acf_changed":false,"inline_featured_image":false,"_uag_custom_page_level_css":"","footnotes":""},"class_list":["post-91","page","type-page","status-publish"],"acf":[],"yoast_head":"<!-- This site is optimized with the Yoast SEO plugin v27.4 - https:\/\/yoast.com\/product\/yoast-seo-wordpress\/ -->\n<title>Por-venir - Psychology within Reach<\/title>\n<meta name=\"robots\" content=\"index, follow, max-snippet:-1, max-image-preview:large, max-video-preview:-1\" \/>\n<link rel=\"canonical\" href=\"https:\/\/psychologywithinreach.com\/es\/por-venir\/\" \/>\n<meta property=\"og:locale\" content=\"es_ES\" \/>\n<meta property=\"og:type\" content=\"article\" \/>\n<meta property=\"og:title\" content=\"Por-venir - Psychology within Reach\" \/>\n<meta property=\"og:description\" content=\"La \u00abesperanza\u00bb es esa cosa con plumasEMILY DICKINSON Una vez identificada tu necesidad de apoyo, podr\u00e1s elegir el formato que te resulte m\u00e1s adecuado para comenzar tu camino hacia el bienestar, incluyendo el lugar de encuentro, as\u00ed como la duraci\u00f3n y la frecuencia de las sesiones. Terapia individual Un espacio (relacional) seguro en el que ... Leer m\u00e1s\" \/>\n<meta property=\"og:url\" content=\"https:\/\/psychologywithinreach.com\/es\/por-venir\/\" \/>\n<meta property=\"og:site_name\" content=\"Psychology within Reach\" \/>\n<meta property=\"article:publisher\" content=\"https:\/\/www.facebook.com\/psychologywithinreach\/\" \/>\n<meta property=\"article:modified_time\" content=\"2024-12-27T21:40:44+00:00\" \/>\n<meta name=\"twitter:card\" content=\"summary_large_image\" \/>\n<meta name=\"twitter:label1\" content=\"Tiempo de lectura\" \/>\n\t<meta name=\"twitter:data1\" content=\"6 minutos\" \/>\n<script type=\"application\/ld+json\" class=\"yoast-schema-graph\">{\"@context\":\"https:\\\/\\\/schema.org\",\"@graph\":[{\"@type\":\"WebPage\",\"@id\":\"https:\\\/\\\/psychologywithinreach.com\\\/es\\\/por-venir\\\/\",\"url\":\"https:\\\/\\\/psychologywithinreach.com\\\/es\\\/por-venir\\\/\",\"name\":\"Por-venir - Psychology within Reach\",\"isPartOf\":{\"@id\":\"https:\\\/\\\/psychologywithinreach.com\\\/#website\"},\"primaryImageOfPage\":{\"@id\":\"https:\\\/\\\/psychologywithinreach.com\\\/es\\\/por-venir\\\/#primaryimage\"},\"image\":{\"@id\":\"https:\\\/\\\/psychologywithinreach.com\\\/es\\\/por-venir\\\/#primaryimage\"},\"thumbnailUrl\":\"https:\\\/\\\/psychologywithinreach.com\\\/wp-content\\\/uploads\\\/ico-individual.svg\",\"datePublished\":\"2021-06-09T11:13:27+00:00\",\"dateModified\":\"2024-12-27T21:40:44+00:00\",\"breadcrumb\":{\"@id\":\"https:\\\/\\\/psychologywithinreach.com\\\/es\\\/por-venir\\\/#breadcrumb\"},\"inLanguage\":\"es\",\"potentialAction\":[{\"@type\":\"ReadAction\",\"target\":[\"https:\\\/\\\/psychologywithinreach.com\\\/es\\\/por-venir\\\/\"]}]},{\"@type\":\"ImageObject\",\"inLanguage\":\"es\",\"@id\":\"https:\\\/\\\/psychologywithinreach.com\\\/es\\\/por-venir\\\/#primaryimage\",\"url\":\"https:\\\/\\\/psychologywithinreach.com\\\/wp-content\\\/uploads\\\/ico-individual.svg\",\"contentUrl\":\"https:\\\/\\\/psychologywithinreach.com\\\/wp-content\\\/uploads\\\/ico-individual.svg\"},{\"@type\":\"BreadcrumbList\",\"@id\":\"https:\\\/\\\/psychologywithinreach.com\\\/es\\\/por-venir\\\/#breadcrumb\",\"itemListElement\":[{\"@type\":\"ListItem\",\"position\":1,\"name\":\"Portada\",\"item\":\"https:\\\/\\\/psychologywithinreach.com\\\/es\\\/\"},{\"@type\":\"ListItem\",\"position\":2,\"name\":\"Por-venir\"}]},{\"@type\":\"WebSite\",\"@id\":\"https:\\\/\\\/psychologywithinreach.com\\\/#website\",\"url\":\"https:\\\/\\\/psychologywithinreach.com\\\/\",\"name\":\"psychologywithinreach.com\",\"description\":\"Psychology within Reach offers psychological support in English and Spanish, especially aimed at expats and intercultural couples in transition through different parts of the world.\",\"publisher\":{\"@id\":\"https:\\\/\\\/psychologywithinreach.com\\\/#organization\"},\"potentialAction\":[{\"@type\":\"SearchAction\",\"target\":{\"@type\":\"EntryPoint\",\"urlTemplate\":\"https:\\\/\\\/psychologywithinreach.com\\\/?s={search_term_string}\"},\"query-input\":{\"@type\":\"PropertyValueSpecification\",\"valueRequired\":true,\"valueName\":\"search_term_string\"}}],\"inLanguage\":\"es\"},{\"@type\":\"Organization\",\"@id\":\"https:\\\/\\\/psychologywithinreach.com\\\/#organization\",\"name\":\"Psychology within Reach\",\"url\":\"https:\\\/\\\/psychologywithinreach.com\\\/\",\"logo\":{\"@type\":\"ImageObject\",\"inLanguage\":\"es\",\"@id\":\"https:\\\/\\\/psychologywithinreach.com\\\/#\\\/schema\\\/logo\\\/image\\\/\",\"url\":\"https:\\\/\\\/psychologywithinreach.com\\\/wp-content\\\/uploads\\\/logo-azul-fondo-blanco-scaled.jpg\",\"contentUrl\":\"https:\\\/\\\/psychologywithinreach.com\\\/wp-content\\\/uploads\\\/logo-azul-fondo-blanco-scaled.jpg\",\"width\":2560,\"height\":1362,\"caption\":\"Psychology within Reach\"},\"image\":{\"@id\":\"https:\\\/\\\/psychologywithinreach.com\\\/#\\\/schema\\\/logo\\\/image\\\/\"},\"sameAs\":[\"https:\\\/\\\/www.facebook.com\\\/psychologywithinreach\\\/\",\"https:\\\/\\\/www.instagram.com\\\/psychology_within_reach\\\/\",\"https:\\\/\\\/www.linkedin.com\\\/in\\\/nuria-maldonado-bellido-2a16ab6\\\/\"]}]}<\/script>\n<!-- \/ Yoast SEO plugin. -->","yoast_head_json":{"title":"Por-venir - Psychology within Reach","robots":{"index":"index","follow":"follow","max-snippet":"max-snippet:-1","max-image-preview":"max-image-preview:large","max-video-preview":"max-video-preview:-1"},"canonical":"https:\/\/psychologywithinreach.com\/es\/por-venir\/","og_locale":"es_ES","og_type":"article","og_title":"Por-venir - Psychology within Reach","og_description":"La \u00abesperanza\u00bb es esa cosa con plumasEMILY DICKINSON Una vez identificada tu necesidad de apoyo, podr\u00e1s elegir el formato que te resulte m\u00e1s adecuado para comenzar tu camino hacia el bienestar, incluyendo el lugar de encuentro, as\u00ed como la duraci\u00f3n y la frecuencia de las sesiones. Terapia individual Un espacio (relacional) seguro en el que ... Leer m\u00e1s","og_url":"https:\/\/psychologywithinreach.com\/es\/por-venir\/","og_site_name":"Psychology within Reach","article_publisher":"https:\/\/www.facebook.com\/psychologywithinreach\/","article_modified_time":"2024-12-27T21:40:44+00:00","twitter_card":"summary_large_image","twitter_misc":{"Tiempo de lectura":"6 minutos"},"schema":{"@context":"https:\/\/schema.org","@graph":[{"@type":"WebPage","@id":"https:\/\/psychologywithinreach.com\/es\/por-venir\/","url":"https:\/\/psychologywithinreach.com\/es\/por-venir\/","name":"Por-venir - Psychology within Reach","isPartOf":{"@id":"https:\/\/psychologywithinreach.com\/#website"},"primaryImageOfPage":{"@id":"https:\/\/psychologywithinreach.com\/es\/por-venir\/#primaryimage"},"image":{"@id":"https:\/\/psychologywithinreach.com\/es\/por-venir\/#primaryimage"},"thumbnailUrl":"https:\/\/psychologywithinreach.com\/wp-content\/uploads\/ico-individual.svg","datePublished":"2021-06-09T11:13:27+00:00","dateModified":"2024-12-27T21:40:44+00:00","breadcrumb":{"@id":"https:\/\/psychologywithinreach.com\/es\/por-venir\/#breadcrumb"},"inLanguage":"es","potentialAction":[{"@type":"ReadAction","target":["https:\/\/psychologywithinreach.com\/es\/por-venir\/"]}]},{"@type":"ImageObject","inLanguage":"es","@id":"https:\/\/psychologywithinreach.com\/es\/por-venir\/#primaryimage","url":"https:\/\/psychologywithinreach.com\/wp-content\/uploads\/ico-individual.svg","contentUrl":"https:\/\/psychologywithinreach.com\/wp-content\/uploads\/ico-individual.svg"},{"@type":"BreadcrumbList","@id":"https:\/\/psychologywithinreach.com\/es\/por-venir\/#breadcrumb","itemListElement":[{"@type":"ListItem","position":1,"name":"Portada","item":"https:\/\/psychologywithinreach.com\/es\/"},{"@type":"ListItem","position":2,"name":"Por-venir"}]},{"@type":"WebSite","@id":"https:\/\/psychologywithinreach.com\/#website","url":"https:\/\/psychologywithinreach.com\/","name":"psychologywithinreach.com","description":"Psychology within Reach offers psychological support in English and Spanish, especially aimed at expats and intercultural couples in transition through different parts of the world.","publisher":{"@id":"https:\/\/psychologywithinreach.com\/#organization"},"potentialAction":[{"@type":"SearchAction","target":{"@type":"EntryPoint","urlTemplate":"https:\/\/psychologywithinreach.com\/?s={search_term_string}"},"query-input":{"@type":"PropertyValueSpecification","valueRequired":true,"valueName":"search_term_string"}}],"inLanguage":"es"},{"@type":"Organization","@id":"https:\/\/psychologywithinreach.com\/#organization","name":"Psychology within Reach","url":"https:\/\/psychologywithinreach.com\/","logo":{"@type":"ImageObject","inLanguage":"es","@id":"https:\/\/psychologywithinreach.com\/#\/schema\/logo\/image\/","url":"https:\/\/psychologywithinreach.com\/wp-content\/uploads\/logo-azul-fondo-blanco-scaled.jpg","contentUrl":"https:\/\/psychologywithinreach.com\/wp-content\/uploads\/logo-azul-fondo-blanco-scaled.jpg","width":2560,"height":1362,"caption":"Psychology within Reach"},"image":{"@id":"https:\/\/psychologywithinreach.com\/#\/schema\/logo\/image\/"},"sameAs":["https:\/\/www.facebook.com\/psychologywithinreach\/","https:\/\/www.instagram.com\/psychology_within_reach\/","https:\/\/www.linkedin.com\/in\/nuria-maldonado-bellido-2a16ab6\/"]}]}},"uagb_featured_image_src":{"full":false,"thumbnail":false,"medium":false,"medium_large":false,"large":false,"1536x1536":false,"2048x2048":false},"uagb_author_info":{"display_name":"jose","author_link":"https:\/\/psychologywithinreach.com\/es\/author\/jose\/"},"uagb_comment_info":0,"uagb_excerpt":"La \u00abesperanza\u00bb es esa cosa con plumasEMILY DICKINSON Una vez identificada tu necesidad de apoyo, podr\u00e1s elegir el formato que te resulte m\u00e1s adecuado para comenzar tu camino hacia el bienestar, incluyendo el lugar de encuentro, as\u00ed como la duraci\u00f3n y la frecuencia de las sesiones. Terapia individual Un espacio (relacional) seguro en el que&hellip;","_links":{"self":[{"href":"https:\/\/psychologywithinreach.com\/es\/wp-json\/wp\/v2\/pages\/91","targetHints":{"allow":["GET"]}}],"collection":[{"href":"https:\/\/psychologywithinreach.com\/es\/wp-json\/wp\/v2\/pages"}],"about":[{"href":"https:\/\/psychologywithinreach.com\/es\/wp-json\/wp\/v2\/types\/page"}],"author":[{"embeddable":true,"href":"https:\/\/psychologywithinreach.com\/es\/wp-json\/wp\/v2\/users\/1"}],"replies":[{"embeddable":true,"href":"https:\/\/psychologywithinreach.com\/es\/wp-json\/wp\/v2\/comments?post=91"}],"version-history":[{"count":72,"href":"https:\/\/psychologywithinreach.com\/es\/wp-json\/wp\/v2\/pages\/91\/revisions"}],"predecessor-version":[{"id":3650,"href":"https:\/\/psychologywithinreach.com\/es\/wp-json\/wp\/v2\/pages\/91\/revisions\/3650"}],"wp:attachment":[{"href":"https:\/\/psychologywithinreach.com\/es\/wp-json\/wp\/v2\/media?parent=91"}],"curies":[{"name":"wp","href":"https:\/\/api.w.org\/{rel}","templated":true}]}}